{"id":99,"date":"2022-06-15T09:17:26","date_gmt":"2022-06-15T07:17:26","guid":{"rendered":"https:\/\/www.npkrka.hr\/?page_id=99"},"modified":"2024-11-20T11:43:24","modified_gmt":"2024-11-20T10:43:24","slug":"krka-bike","status":"publish","type":"page","link":"https:\/\/npkrka.hr\/hr\/posjeti\/krka-bike\/","title":{"rendered":"Krka Bike"},"content":{"rendered":"<p><strong>Krka Bike \u2013 388 kilometara biciklisti\u010dkih ruta kroz Nacionalni park \u201eKrka\u201c<\/strong><\/p>\n<p>U okru\u017eenju za\u0161ti\u0107ene prirode\u00a0i jedinstvene kulturnopovijesne ba\u0161tine biciklisti\u010dke rute su formirane kao kru\u017ene kako bi omogu\u0107ile korisniku da se vrati na po\u010detnu to\u010dku, a da se pri tome uglavnom izbjegava povratak istim putom.\u00a0Staze na nekim lokacijama presijecaju jedna drugu ili idu paralelno, ali nije predvi\u0111en prelazak biciklista s jedne staze na drugu.<\/p>\n<p>Tri su po\u010detne i ishodi\u0161ne to\u010dke svih ruta: Ispostava JU \u201eNP Krka\u201c u Skradinu, posjetiteljski centar u La\u0161kovici i Eko kampus \u201eKrka\u201c u Puljanima. Ukupno je dvanaest biciklisti\u010dkih ruta, od toga tri MTB ili brdsko-biciklisti\u010dke rute, tri\u00a0<em>Road<\/em>\u00a0ili cestovne i \u0161est\u00a0<em>Track<\/em>\u00a0ruta za ugodnu obiteljsku vo\u017enju.<\/p>\n<p>Na rutama je postavljena propisana cikloturisti\u010dka signalizacija a posjetiteljima su dostupne i bro\u0161ure s detaljnim opisom, fotografijama, kartama i GPS koordinatama ruta.<\/p>\n<p>U Eko kampusu \u201eKrka\u201c u Puljanima mogu\u0107e je <strong>iznajmiti elektri\u010dne bicikle<\/strong>, tzv. Pedalec, <strong>samo uz prethodnu najavu<\/strong>, uz koje korisnici dobiju i detaljne upute o kori\u0161tenju te popis preporu\u010denih staza s GPS tragovima. Izravan upit mo\u017eete poslati na e-mail\u00a0<a href=\"mailto:krka.bike@npk.hr\">krka.bike@npk.hr<\/a>\u00a0ili na broj mobitela +385912254231.<\/p>\n<p>Do Eko kampusa \u201eKrka\u201c u Puljanima (<a href=\"https:\/\/www.google.com\/maps\/place\/Eko-kampus+Krka\/@43.9894017,15.9995213,13z\/data=!4m15!1m8!3m7!1s0x476025622f471303:0x802e6d2f5027aa7c!2sPuljane!3b1!8m2!3d43.9749175!4d16.034168!16s%2Fg%2F120_m0p8!3m5!1s0x47602f510797d709:0x49546ec4042e9bc8!8m2!3d44.0019655!4d16.0231817!16s%2Fg%2F11jx0jx6p7?entry=ttu\">lokacija<\/a>) mo\u017ee se do\u0107i osobnim automobilom (udaljenost iz \u0160ibenika 55 km, iz Drni\u0161a 22 km, od autoceste A1 &#8211; izlaz Skradin 43 km).<\/p>\n","protected":false},"excerpt":{"rendered":"<p>Krka bike predstavlja 388 kilometara biciklisti\u010dkih ruta kroz Nacionalni park \u201eKrka\u201c.<\/p>\n","protected":false},"author":1,"featured_media":8784,"parent":27,"menu_order":4,"comment_status":"closed","ping_status":"closed","template":"page-subpages.php","meta":{"footnotes":""},"class_list":["post-99","page","type-page","status-publish","has-post-thumbnail","hentry"],"_links":{"self":[{"href":"https:\/\/npkrka.hr\/hr\/wp-json\/wp\/v2\/pages\/99","targetHints":{"allow":["GET"]}}],"collection":[{"href":"https:\/\/npkrka.hr\/hr\/wp-json\/wp\/v2\/pages"}],"about":[{"href":"https:\/\/npkrka.hr\/hr\/wp-json\/wp\/v2\/types\/page"}],"author":[{"embeddable":true,"href":"https:\/\/npkrka.hr\/hr\/wp-json\/wp\/v2\/users\/1"}],"replies":[{"embeddable":true,"href":"https:\/\/npkrka.hr\/hr\/wp-json\/wp\/v2\/comments?post=99"}],"version-history":[{"count":0,"href":"https:\/\/npkrka.hr\/hr\/wp-json\/wp\/v2\/pages\/99\/revisions"}],"up":[{"embeddable":true,"href":"https:\/\/npkrka.hr\/hr\/wp-json\/wp\/v2\/pages\/27"}],"wp:featuredmedia":[{"embeddable":true,"href":"https:\/\/npkrka.hr\/hr\/wp-json\/wp\/v2\/media\/8784"}],"wp:attachment":[{"href":"https:\/\/npkrka.hr\/hr\/wp-json\/wp\/v2\/media?parent=99"}],"curies":[{"name":"wp","href":"https:\/\/api.w.org\/{rel}","templated":true}]}}