{"id":982,"date":"2022-07-02T12:42:04","date_gmt":"2022-07-02T10:42:04","guid":{"rendered":"https:\/\/www.npkrka.hr\/?page_id=982"},"modified":"2022-09-27T12:45:10","modified_gmt":"2022-09-27T10:45:10","slug":"arheoloska-zbirka-burnum","status":"publish","type":"page","link":"https:\/\/npkrka.hr\/hr\/kulturna-bastina\/arheologija\/arheoloska-zbirka-burnum\/","title":{"rendered":"Arheolo\u0161ka zbirka Burnum"},"content":{"rendered":"<p><strong>Do\u017eivite svakodnevni \u017eivot starih Rimljana i upoznajte njihovu ratnu vje\u0161tinu u Arheolo\u0161koj zbirci Burnum.<\/strong><\/p>\n<p>Krajem 2003. godine po\u010dela su sustavna arheolo\u0161ka istra\u017eivanja na prostoru rimskog vojnog logora Burnuma. U istra\u017eivanjima prona\u0111eni su brojni sitni nalazi, poput novca, nakita, vojne opreme, stakla, keramike i opeke. S obzirom na koli\u010dinu i va\u017enost arheolo\u0161kog materijala, nametnula se potreba za osnivanjem arheolo\u0161ke zbirke u neposrednoj blizini arheolo\u0161kog lokaliteta u kojoj \u0107e biti pohranjena i prezentirana ta gra\u0111a.<\/p>\n<p>Arheolo\u0161ka zbirka Burnum nalazi se u Eko kampusu \u201eKrka\u201c u Puljanima, u nekada\u0161njem vojnom kompleksu \u0161to ga je Vlada Republike Hrvatske 2004. godine ustupila Javnoj ustanovi \u201eNacionalni park Krka\u201c, koja se obvezala da \u0107e ga preurediti i pretvoriti u znanstveno-istra\u017eiva\u010dki i edukacijski centar.<\/p>\n<div class=\"fotorama rounded-lg  shadow lblue-bg mt-5   \" data-width=\"100%\" data-ratio=\"16\/10\"  data-nav=\"thumbs\" data-autoplay=\"true\" data-arrows=\"true\" data-transition=\"crossfade\"><img decoding=\"async\" src=\"https:\/\/npkrka.hr\/wp-content\/uploads\/Eko-kampus-Krka-Arheoloska-zbirka-2-scaled.jpg\" width=\"100%\" \/><img decoding=\"async\" src=\"https:\/\/npkrka.hr\/wp-content\/uploads\/Eko-kampus-Krka-Laboratorij-3-scaled.jpg\" width=\"100%\" \/><img decoding=\"async\" src=\"https:\/\/npkrka.hr\/wp-content\/uploads\/Arheoloska-zbirka-Burnum-staklo-4.jpg\" width=\"100%\" \/><img decoding=\"async\" src=\"https:\/\/npkrka.hr\/wp-content\/uploads\/Arheoloska-zbirka-Burnum-rimski-vojnik-na-konju-lutka-13-scaled.jpg\" width=\"100%\" \/><img decoding=\"async\" src=\"https:\/\/npkrka.hr\/wp-content\/uploads\/Arheoloska-zbirka-Burnum-keramika-6.jpg\" width=\"100%\" \/><img decoding=\"async\" src=\"https:\/\/npkrka.hr\/wp-content\/uploads\/Arheoloska-zbirka-Burnum-staklo-7.jpg\" width=\"100%\" \/><img decoding=\"async\" src=\"https:\/\/npkrka.hr\/wp-content\/uploads\/Arheoloska-zbirka-Burnum-natpisi-na-plocama-11-scaled.jpg\" width=\"100%\" \/><img decoding=\"async\" src=\"https:\/\/npkrka.hr\/wp-content\/uploads\/Arheoloska-zbirka-Burnum-keramika-5.jpg\" width=\"100%\" \/><img decoding=\"async\" src=\"https:\/\/npkrka.hr\/wp-content\/uploads\/Arheoloska-zbirka-Burnum-novac-8-scaled.jpg\" width=\"100%\" \/><img decoding=\"async\" src=\"https:\/\/npkrka.hr\/wp-content\/uploads\/Arheoloska-zbirka-Burnum-rimski-vojnik-lutka-9-scaled.jpg\" width=\"100%\" \/><img decoding=\"async\" src=\"https:\/\/npkrka.hr\/wp-content\/uploads\/Arheoloska-zbirka-Burnum-rimski-vojnici-lutke-10-scaled.jpg\" width=\"100%\" \/><img decoding=\"async\" src=\"https:\/\/npkrka.hr\/wp-content\/uploads\/Eko-kampus-Krka-zracna-1-scaled.jpg\" width=\"100%\" \/><img decoding=\"async\" src=\"https:\/\/npkrka.hr\/wp-content\/uploads\/Arheoloska-zbirka-Burnum-rimski-bacac-12-scaled.jpg\" width=\"100%\" \/><img decoding=\"async\" src=\"https:\/\/npkrka.hr\/wp-content\/uploads\/Arheoloska-zbirka-Burnum-instrumenti-14-scaled.jpg\" width=\"100%\" \/><\/div><p>&nbsp;<\/p>\n<p>Izlo\u017ebeni prostor zbirke sastoji se od sedam prostorija, smje\u0161tenih na dvama katovima zgrade, koje su ure\u0111ene tematski, prema vrsti izlo\u017eenog materijala odnosno i kontekstu kojemu pripada: rimskom graditeljstvu, predmetima svakodnevne upotrebe, kamenim i epigrafskim spomenicima, amfiteatru, rimskom konjani\u0161tvu, rimskim legijama te svakodnevnom \u017eivotu vojnika i njihovim obi\u010dajima. Uz originalne predmete, izlo\u017eene su vjerne kopije konjanika, konja, centuriona i legionara sa svom opremom koju je vojska koristila u 1. stolje\u0107u. U pozadini lutaka nalazi se i multimedijska prezentacijska podloga na kojoj se s pomo\u0107u interaktivnih senzora preko filma o\u017eivljava \u017eivot rimskih vojnika iz 1. stolje\u0107a.<\/p>\n<p>Interaktivna i multimedijska tehnologija, na drugom katu postava, postavljena je s edukativnim i didakti\u010dkim ciljem. Ciljani korisnici tih tehnologija jesu djeca i mladi, koji znanja stje\u010du preko novih tehnologija. Interaktivno ogledalo omogu\u0107uje upoznavanje odjevnih navika rimskih vojnika, gladijatora i \u017eena, tako da se svatko mo\u017ee virtualno odjenuti u razli\u010ditu anti\u010dku odje\u0107u. Postavljen je i interaktivni stol s igrom u kojoj se najmla\u0111i mogu oku\u0161ati u gradnji amfiteatra. U muzeju se nalazi i kinodvorana namijenjena multimedijskoj prezentaciji Burnuma. Autorski film, u vlasni\u0161tvu Nacionalnog parka \u201eKrka\u201c, koji se prikazuje posjetiteljima snimljen je na samom arheolo\u0161kom lokalitetu Burnum i obli\u017enjim lokacijama, a prikazuje \u017eivot, obi\u010daje, ratne vje\u0161tine, prehranu i na\u010dine zabave rimskih vojnika stacioniranih u Burnumu.<\/p>\n","protected":false},"excerpt":{"rendered":"<p>Do\u017eivite svakodnevni \u017eivot starih Rimljana i upoznajte njihovu ratnu vje\u0161tinu u Arheolo\u0161koj zbirci Burnum.<\/p>\n","protected":false},"author":1,"featured_media":2167,"parent":180,"menu_order":5,"comment_status":"closed","ping_status":"closed","template":"","meta":{"footnotes":""},"class_list":["post-982","page","type-page","status-publish","has-post-thumbnail","hentry"],"_links":{"self":[{"href":"https:\/\/npkrka.hr\/hr\/wp-json\/wp\/v2\/pages\/982","targetHints":{"allow":["GET"]}}],"collection":[{"href":"https:\/\/npkrka.hr\/hr\/wp-json\/wp\/v2\/pages"}],"about":[{"href":"https:\/\/npkrka.hr\/hr\/wp-json\/wp\/v2\/types\/page"}],"author":[{"embeddable":true,"href":"https:\/\/npkrka.hr\/hr\/wp-json\/wp\/v2\/users\/1"}],"replies":[{"embeddable":true,"href":"https:\/\/npkrka.hr\/hr\/wp-json\/wp\/v2\/comments?post=982"}],"version-history":[{"count":0,"href":"https:\/\/npkrka.hr\/hr\/wp-json\/wp\/v2\/pages\/982\/revisions"}],"up":[{"embeddable":true,"href":"https:\/\/npkrka.hr\/hr\/wp-json\/wp\/v2\/pages\/180"}],"wp:featuredmedia":[{"embeddable":true,"href":"https:\/\/npkrka.hr\/hr\/wp-json\/wp\/v2\/media\/2167"}],"wp:attachment":[{"href":"https:\/\/npkrka.hr\/hr\/wp-json\/wp\/v2\/media?parent=982"}],"curies":[{"name":"wp","href":"https:\/\/api.w.org\/{rel}","templated":true}]}}