{"id":97,"date":"2022-06-15T09:16:32","date_gmt":"2022-06-15T07:16:32","guid":{"rendered":"https:\/\/www.npkrka.hr\/?page_id=97"},"modified":"2026-04-24T07:27:21","modified_gmt":"2026-04-24T05:27:21","slug":"radno-vrijeme","status":"publish","type":"page","link":"https:\/\/npkrka.hr\/hr\/posjeti\/radno-vrijeme\/","title":{"rendered":"Radno vrijeme"},"content":{"rendered":"<p>&nbsp;<\/p>\n<table>\n<thead>\n<tr>\n<th><\/th>\n<th>Skradinski buk,<br \/>\nRo\u0161ki slap*<\/th>\n<th>Manojlova\u010dki slapovi,<br \/>\nBurnum<\/th>\n<th>Eko kampus \u201eKrka\u201c u Puljanima<\/th>\n<th>Krka \u2013 vrelo \u017eivota u Kistanjama<\/th>\n<\/tr>\n<\/thead>\n<tbody>\n<tr>\n<th>sije\u010danj\u00b9<\/th>\n<td>9:00 \u2013 16:00<\/td>\n<td class=\"status-closed\">ne radi<\/td>\n<td>9:00 \u2013 16:00<\/td>\n<td>9:00 \u2013 16:00<\/td>\n<\/tr>\n<tr>\n<th>velja\u010da<\/th>\n<td>9:00 \u2013 16:00<\/td>\n<td class=\"status-closed\">ne radi<\/td>\n<td>9:00 \u2013 16:00<\/td>\n<td>9:00 \u2013 16:00<\/td>\n<\/tr>\n<tr>\n<th>o\u017eujak<\/th>\n<td>9:00 \u2013 17:00<\/td>\n<td class=\"status-closed\">ne radi<\/td>\n<td>9:00 \u2013 17:00<\/td>\n<td>9:00 \u2013 17:00<\/td>\n<\/tr>\n<tr>\n<th>travanj<\/th>\n<td>8:00 \u2013 18:00<\/td>\n<td>10:00 \u2013 18:00<\/td>\n<td>9:00 \u2013 17:00<\/td>\n<td>10:00 \u2013 18:00<\/td>\n<\/tr>\n<tr>\n<th>svibanj<\/th>\n<td>8:00 \u2013 19:00<\/td>\n<td>10:00 \u2013 18:00<\/td>\n<td>9:00 \u2013 17:00<\/td>\n<td>10:00 \u2013 18:00<\/td>\n<\/tr>\n<tr>\n<th>lipanj<\/th>\n<td>8:00 \u2013 20:00<\/td>\n<td>10:00 \u2013 18:00<\/td>\n<td>8:00 \u2013 20:00<\/td>\n<td>10:00 \u2013 18:00<\/td>\n<\/tr>\n<tr>\n<th>srpanj<\/th>\n<td>8:00 \u2013 20:00<\/td>\n<td>8:00 \u2013 20:00<\/td>\n<td>8:00 \u2013 20:00<\/td>\n<td>8:00 \u2013 20:00<\/td>\n<\/tr>\n<tr>\n<th>kolovoz<\/th>\n<td>8:00 \u2013 20:00<\/td>\n<td>8:00 \u2013 20:00<\/td>\n<td>8:00 \u2013 20:00<\/td>\n<td>8:00 \u2013 20:00<\/td>\n<\/tr>\n<tr>\n<th>rujan<\/th>\n<td>8:00 \u2013 19:00<\/td>\n<td>10:00 \u2013 18:00<\/td>\n<td>8:00 \u2013 19:00<\/td>\n<td>10:00 \u2013 18:00<\/td>\n<\/tr>\n<tr>\n<th>1. \u2013 15. listopada<\/th>\n<td>8:00 \u2013 18:00<\/td>\n<td>10:00 \u2013 18:00<\/td>\n<td>9:00 \u2013 17:00<\/td>\n<td>10:00 \u2013 18:00<\/td>\n<\/tr>\n<tr>\n<th>16. \u2013 31. listopada<\/th>\n<td>9:00 \u2013 17:00<\/td>\n<td>9:00 \u2013 17:00<\/td>\n<td>9:00 \u2013 17:00<\/td>\n<td>9:00 \u2013 17:00<\/td>\n<\/tr>\n<tr>\n<th>studeni<\/th>\n<td>9:00 \u2013 16:00<\/td>\n<td class=\"status-closed\">ne radi<\/td>\n<td>9:00 \u2013 16:00<\/td>\n<td>9:00 \u2013 16:00<\/td>\n<\/tr>\n<tr>\n<th>prosinac\u00b2<\/th>\n<td>9:00 \u2013 16:00<\/td>\n<td class=\"status-closed\">ne radi<\/td>\n<td>9:00 \u2013 16:00<\/td>\n<td>9:00 \u2013 16:00<\/td>\n<\/tr>\n<\/tbody>\n<\/table>\n<p>&nbsp;<\/p>\n<p>* Lokalitet Stinice nije otvoren za posje\u0107ivanje u sije\u010dnju, velja\u010di, o\u017eujku, studenome i prosincu. Ostatak godine radno vrijeme je od 9 do 17 sati.<\/p>\n<p><sup>1<\/sup>\u00a01. sije\u010dnja otvoren je samo ulaz Lozovac.<\/p>\n<p><sup>2<\/sup> Dana 24. i 31. prosinca Park je otvoren do 12 sati. Park nije otvoren za posjetitelje 25. i 26. prosinca.<\/p>\n<p>Ispostava u Skradinu otvara se pola sata prije po\u010detka radnog vremena na Skradinskom buku, a zatvara istovremeno kad i lokalitet Skradinski buk.<\/p>\n<p>Ispostave Javne ustanove \u201eNacionalni park Krka\u201c u Kninu i Drni\u0161u rade od 7 do 15 sati.<\/p>\n","protected":false},"excerpt":{"rendered":"<p>Radno vrijeme Nacionalnog parka \u201eKrka\u201c<\/p>\n","protected":false},"author":1,"featured_media":582,"parent":27,"menu_order":3,"comment_status":"closed","ping_status":"closed","template":"","meta":{"footnotes":""},"class_list":["post-97","page","type-page","status-publish","has-post-thumbnail","hentry"],"_links":{"self":[{"href":"https:\/\/npkrka.hr\/hr\/wp-json\/wp\/v2\/pages\/97","targetHints":{"allow":["GET"]}}],"collection":[{"href":"https:\/\/npkrka.hr\/hr\/wp-json\/wp\/v2\/pages"}],"about":[{"href":"https:\/\/npkrka.hr\/hr\/wp-json\/wp\/v2\/types\/page"}],"author":[{"embeddable":true,"href":"https:\/\/npkrka.hr\/hr\/wp-json\/wp\/v2\/users\/1"}],"replies":[{"embeddable":true,"href":"https:\/\/npkrka.hr\/hr\/wp-json\/wp\/v2\/comments?post=97"}],"version-history":[{"count":13,"href":"https:\/\/npkrka.hr\/hr\/wp-json\/wp\/v2\/pages\/97\/revisions"}],"predecessor-version":[{"id":15237,"href":"https:\/\/npkrka.hr\/hr\/wp-json\/wp\/v2\/pages\/97\/revisions\/15237"}],"up":[{"embeddable":true,"href":"https:\/\/npkrka.hr\/hr\/wp-json\/wp\/v2\/pages\/27"}],"wp:featuredmedia":[{"embeddable":true,"href":"https:\/\/npkrka.hr\/hr\/wp-json\/wp\/v2\/media\/582"}],"wp:attachment":[{"href":"https:\/\/npkrka.hr\/hr\/wp-json\/wp\/v2\/media?parent=97"}],"curies":[{"name":"wp","href":"https:\/\/api.w.org\/{rel}","templated":true}]}}