{"id":9567,"date":"2024-02-12T14:12:37","date_gmt":"2024-02-12T13:12:37","guid":{"rendered":"https:\/\/www.npkrka.hr\/?page_id=9567"},"modified":"2025-08-27T11:10:44","modified_gmt":"2025-08-27T09:10:44","slug":"mjesecni-financijski-izvjestaj","status":"publish","type":"page","link":"https:\/\/npkrka.hr\/hr\/o-nama\/upravljanje\/godisnji-financijski-plan-i-izvjestaj-2\/godisnji-financijski-plan-i-izvjestaj\/mjesecni-financijski-izvjestaj\/","title":{"rendered":"Javna objava informacija o tro\u0161enju sredstava"},"content":{"rendered":"<p><span data-olk-copy-source=\"MessageBody\">Sukladno Naputku Ministarstva financija o okvirnom sadr\u017eaju, minimalnom skupu podataka te na\u010dinu javne objave informacija o tro\u0161enju sredstava (Narodne novine, 59\/2023) JU &#8220;NP Krka&#8221; kao prora\u010dunski korisnik dr\u017eavnog prora\u010duna objavljuje podatke o isplatama prora\u010dunskih sredstava.<\/span><\/p>\n<p><a href=\"https:\/\/transparentno.npkrka.otvorenigrad.hr\/\">Informacije o tro\u0161enju sredstava JU &#8220;NP Krka&#8221;<\/a><\/p>\n","protected":false},"excerpt":{"rendered":"<p>Informacija o tro\u0161enju sredstava za velja\u010du 2024.\u00a0&#8230;<\/p>\n","protected":false},"author":2,"featured_media":9453,"parent":292,"menu_order":0,"comment_status":"closed","ping_status":"closed","template":"","meta":{"footnotes":""},"class_list":["post-9567","page","type-page","status-publish","has-post-thumbnail","hentry"],"_links":{"self":[{"href":"https:\/\/npkrka.hr\/hr\/wp-json\/wp\/v2\/pages\/9567","targetHints":{"allow":["GET"]}}],"collection":[{"href":"https:\/\/npkrka.hr\/hr\/wp-json\/wp\/v2\/pages"}],"about":[{"href":"https:\/\/npkrka.hr\/hr\/wp-json\/wp\/v2\/types\/page"}],"author":[{"embeddable":true,"href":"https:\/\/npkrka.hr\/hr\/wp-json\/wp\/v2\/users\/2"}],"replies":[{"embeddable":true,"href":"https:\/\/npkrka.hr\/hr\/wp-json\/wp\/v2\/comments?post=9567"}],"version-history":[{"count":0,"href":"https:\/\/npkrka.hr\/hr\/wp-json\/wp\/v2\/pages\/9567\/revisions"}],"up":[{"embeddable":true,"href":"https:\/\/npkrka.hr\/hr\/wp-json\/wp\/v2\/pages\/292"}],"wp:featuredmedia":[{"embeddable":true,"href":"https:\/\/npkrka.hr\/hr\/wp-json\/wp\/v2\/media\/9453"}],"wp:attachment":[{"href":"https:\/\/npkrka.hr\/hr\/wp-json\/wp\/v2\/media?parent=9567"}],"curies":[{"name":"wp","href":"https:\/\/api.w.org\/{rel}","templated":true}]}}