{"id":891,"date":"2022-07-01T09:56:57","date_gmt":"2022-07-01T07:56:57","guid":{"rendered":"https:\/\/www.npkrka.hr\/?page_id=891"},"modified":"2023-01-19T12:45:21","modified_gmt":"2023-01-19T11:45:21","slug":"kako-je-sve-pocelo-izvor","status":"publish","type":"page","link":"https:\/\/npkrka.hr\/hr\/prirodna-bastina\/geologija\/kako-je-sve-pocelo-reljef\/kako-je-sve-pocelo-izvor\/","title":{"rendered":"Izvor"},"content":{"rendered":"<p><b>Hidrografija kr\u0161a puna je iznena\u0111enja. Putovi kojima teku podzemne vode i brojni na\u010dini na koje su povezane ili razlozi za\u0161to to nisu izazov su istra\u017eiva\u010dima spu\u017evastog podzemlja kr\u0161a. Krka, u toliko aspekata fenomen kr\u0161a, nije, ni kada govorimo o njezinu izvori\u0161tu, iznimka.<\/b><\/p>\n<p>Krka izvire iz vrela u pe\u0107ini podno brda Kr\u0161evca, 3,5 km sjeveroisto\u010dno od Knina. Obilje\u017eje mu je nepresu\u0161nost, ali s jakim kolebanjima tijekom godine. Izvor rijeke Krke sastoji se od tri stalna izvora: Glavnog izvora, Malog izvora i Tre\u0107eg izvora. Glavni izvor nalazi se u \u0161pilji (sifonu) podno 22 m visokog Topoljskog slapa, na nadmorskoj visini od 224 m. Tre\u0107i izvor i Mali izvor nalaze se na lijevoj obali Krke, prvi 50, drugi 150 m nizvodno od slapa. Tre\u0107i izvor daje oko 3 \u2013 5 % ukupnih voda izvora Krke, Mali izvor oko 10 \u2013 15 %, a najizda\u0161niji je Glavni izvor s oko 80 \u2013 95 %. Izda\u0161nost Glavnog izvora kre\u0107e se od 1,5 do 10 m\u00b3\/s.<\/p>\n<p>Ono \u0161to izvor rijeke Krke \u010dini zanimljivim i jedinstvenim jest slap Kr\u010di\u0107, Topoljski buk ili Veliki slap, koji se, ru\u0161e\u0107i se s 22 m visine, ulijeva u vrelo Krke. Topoljskim bukom zavr\u0161ava i tok rje\u010dice Kr\u010di\u0107 a sam slap u\u0161\u0107e je kojim se ona ulijeva gotovo u izvor rijeke Krke u njegovu podno\u017eju. Glavno, nepresu\u0161no vrelo Krke vidljivo je samo ljeti kada korito Kr\u010di\u0107a presu\u0161i a Topoljski buk ostane bez vode. Do\u0111emo li tu zimi, vrelo je Krke pokriveno obiljem slapovite vode Kr\u010di\u0107a \u2013 pa mu nema ni traga.<\/p>\n<p>Kr\u010di\u0107 je u morfogenetskom pogledu izvori\u0161te rijeke Krke a danas i njezin prvi pritok. Izvire u podno\u017eju Dinare, zapadno od sela Kijeva, na nadmorskoj visini od 375 m. Dug je 10,5 km. Za obilnih ki\u0161a ili otapanja snijega na planinama u zale\u0111u Kr\u010di\u0107 je neobuzdana buji\u010dna rijeka, dok ljeti potpuno presu\u0161i. Kada ljeti ne bi presu\u0161ivao, Kr\u010di\u0107 kao pojam tada ne bi ni postojao a vrelo Krke bilo bi tamo gdje je danas izvor Kr\u010di\u0107a, podno Dinare, za koju i predaja ka\u017ee da je mjesto gdje se Krka ra\u0111a. Ipak, ljudi su prepoznali sezonski vodostaj Kr\u010di\u0107a i nazvali ga njegovim dana\u0161njim imenom. U nedavnoj geolo\u0161koj pro\u0161losti, zbog hladnije klime i vi\u0161e padalina, nije presu\u0161ivao pa su Krka i Kr\u010di\u0107 \u010dinili jedan tok. O tome svjedo\u010de ostaci obilnih sedrenih naslaga u dolini Kr\u010di\u0107a visoko iznad dana\u0161njeg toka.<\/p>\n<p>Kompleksni geolo\u0161ki uvjeti ovoga prostora razlog su kompliciranih hidrolo\u0161kih odnosa. Jaki kr\u0161ki izvori vezani su za dotoke podzemne vode iz planinskog podru\u010dja Dinare i njezina zale\u0111a na podru\u010dju susjedne dr\u017eave Bosne i Hercegovine.* Trasiranja podzemnih tokova pokazala su da planina Dinara nije prepreka kretanju podzemne vode.<\/p>\n<p>*Biondi\u0107, Bo\u017eidar; Biondi\u0107, Ranko: Hidrogeologija dinarskog kr\u0161a u Hrvatskoj, Geotehni\u010dki fakultet, Vara\u017edin, 2014.<\/p>\n","protected":false},"excerpt":{"rendered":"<p>Hidrografija kr\u0161a puna je iznena\u0111enja. Putovi kojima teku podzemne vode i brojni na\u010dini na koje su povezane ili razlozi za\u0161to to nisu izazov su istra\u017eiva\u010dima spu\u017evastog podzemlja kr\u0161a.<\/p>\n","protected":false},"author":1,"featured_media":892,"parent":169,"menu_order":5,"comment_status":"closed","ping_status":"closed","template":"page-6.php","meta":{"footnotes":""},"class_list":["post-891","page","type-page","status-publish","has-post-thumbnail","hentry"],"_links":{"self":[{"href":"https:\/\/npkrka.hr\/hr\/wp-json\/wp\/v2\/pages\/891","targetHints":{"allow":["GET"]}}],"collection":[{"href":"https:\/\/npkrka.hr\/hr\/wp-json\/wp\/v2\/pages"}],"about":[{"href":"https:\/\/npkrka.hr\/hr\/wp-json\/wp\/v2\/types\/page"}],"author":[{"embeddable":true,"href":"https:\/\/npkrka.hr\/hr\/wp-json\/wp\/v2\/users\/1"}],"replies":[{"embeddable":true,"href":"https:\/\/npkrka.hr\/hr\/wp-json\/wp\/v2\/comments?post=891"}],"version-history":[{"count":0,"href":"https:\/\/npkrka.hr\/hr\/wp-json\/wp\/v2\/pages\/891\/revisions"}],"up":[{"embeddable":true,"href":"https:\/\/npkrka.hr\/hr\/wp-json\/wp\/v2\/pages\/169"}],"wp:featuredmedia":[{"embeddable":true,"href":"https:\/\/npkrka.hr\/hr\/wp-json\/wp\/v2\/media\/892"}],"wp:attachment":[{"href":"https:\/\/npkrka.hr\/hr\/wp-json\/wp\/v2\/media?parent=891"}],"curies":[{"name":"wp","href":"https:\/\/api.w.org\/{rel}","templated":true}]}}