{"id":8827,"date":"2023-10-12T09:27:03","date_gmt":"2023-10-12T07:27:03","guid":{"rendered":"https:\/\/www.npkrka.hr\/?page_id=8827"},"modified":"2023-10-12T12:18:10","modified_gmt":"2023-10-12T10:18:10","slug":"rules-of-conduct-for-cyclists","status":"publish","type":"page","link":"https:\/\/npkrka.hr\/hr\/posjeti\/krka-bike\/rules-of-conduct-for-cyclists\/","title":{"rendered":"Pravila pona\u0161anja za bicikliste"},"content":{"rendered":"<p>Biciklizam je ugodna i tjelesno korisna aktivnost koja svojim sudionicima pru\u017ea maksimalni u\u017eitak dok se kre\u0107u prostorom. Da bi va\u0161a vo\u017enja bila \u0161to ugodnija i sigurnija, potrebno je pridr\u017eavati se sigurnosnih pravila koja su na snazi u Republici Hrvatskoj.<\/p>\n<p><strong>Izbjegnite kaznu i dr\u017eite se ovih savjeta:\u00a0<\/strong><\/p>\n<ul>\n<li>Voza\u010di bicikala du\u017eni su se kretati biciklisti\u010dkom stazom ili biciklisti\u010dkom trakom, a ako one ne postoje, \u0161to bli\u017ee desnom rubu kolnika.<\/li>\n<li>Ako se dva ili vi\u0161e voza\u010da bicikala kre\u0107u u skupini, du\u017eni su se kretati jedan iza drugoga.<\/li>\n<li>Voza\u010d bicikla ne smije umanjivati stabilnost bicikla i ometati druge sudionike u prometu. Osobito ne smijete skidati istovremeno obje ruke s volana, pridr\u017eavati se za drugo vozilo, prevoziti, vu\u0107i ili gurati predmete koji mogu ugro\u017eavati vo\u017enju ili druge sudionike u prometu.<\/li>\n<li>Voza\u010di bicikala mla\u0111i od 16 godina za vrijeme vo\u017enje na cesti, na glavi moraju nositi za\u0161titnu kacigu.<\/li>\n<\/ul>\n<p>Pridr\u017eavanjem ovih jednostavnih pravila \u010dinite dobro sebi i drugim sudionicima u prometu.<\/p>\n<p><strong>Vozite samo otvorenim cestama<\/strong><\/p>\n<p>Po\u0161tujte zatvorene ceste i staze (pitajte ako niste sigurni). Izbjegavajte neovla\u0161teni prijelaz preko privatnog posjeda.<\/p>\n<p><strong>Ne ostavljajte tragove<\/strong><\/p>\n<p>Budite obzirni prema tlu ispod kota\u010da. Vozite uz najmanji mogu\u0107i utjecaj na stazu. Ostanite na postoje\u0107oj stazi i ne tra\u017eite nove. Ne sijecite zavoje.<\/p>\n<p><strong>Zadr\u017eite nadzor nad biciklom<\/strong><\/p>\n<p>I trenutak nepa\u017enje mo\u017ee uzrokovati probleme. Po\u0161tujte sve uredbe i preporuke o brzini za bicikliste.<\/p>\n<p><strong>Uvijek dajte prednost<\/strong><\/p>\n<p>Najavite svoj dolazak dovoljno rano. Prijateljski pozdrav ili zvonce uljudbena su gesta. Ne pla\u0161ite druge.<\/p>\n<p><strong>Nikad ne pla\u0161ite \u017eivotinje<\/strong><\/p>\n<p>Svaku \u017eivotinju uznemiri nenajavljeni dolazak, nagli pokret ili buka. To mo\u017ee biti opasno! Tjeranje stoke u trk i uzbunjivanje divljih \u017eivotinja ozbiljan je prekr\u0161aj.<\/p>\n<p><strong>Planirajte unaprijed<\/strong><\/p>\n<p>Morate poznavati svoju opremu, svoje sposobnosti i kraj svijeta kroz koji se vozite \u2013 pripremite se primjereno. Ni na trenutak ne ra\u010dunajte na druge.<\/p>\n<p>Opisane osnove nisu jedine. Jednostavno, budite dobri prema sebi i drugima i lijepo \u0107ete se provesti.<\/p>\n<p>Svaki posjetitelj NP\u00a0\u201eKrka\u201c\u00a0mora imati valjanu ulaznicu za svaki dan boravka na prostoru Parka.<\/p>\n<p><strong>\u017delimo vam ugodnu vo\u017enju!\u00a0<\/strong><\/p>\n","protected":false},"excerpt":{"rendered":"<p>Biciklizam je ugodna i tjelesno korisna aktivnost koja svojim sudionicima pru\u017ea maksimalni u\u017eitak dok se kre\u0107u prostorom. Da bi va\u0161a vo\u017enja bila \u0161to ugodnija i sigurnija, potrebno je pridr\u017eavati se sigurnosnih pravila koja su na snazi u Republici &#8230;<\/p>\n","protected":false},"author":2,"featured_media":8842,"parent":99,"menu_order":6,"comment_status":"closed","ping_status":"closed","template":"","meta":{"footnotes":""},"class_list":["post-8827","page","type-page","status-publish","has-post-thumbnail","hentry"],"_links":{"self":[{"href":"https:\/\/npkrka.hr\/hr\/wp-json\/wp\/v2\/pages\/8827","targetHints":{"allow":["GET"]}}],"collection":[{"href":"https:\/\/npkrka.hr\/hr\/wp-json\/wp\/v2\/pages"}],"about":[{"href":"https:\/\/npkrka.hr\/hr\/wp-json\/wp\/v2\/types\/page"}],"author":[{"embeddable":true,"href":"https:\/\/npkrka.hr\/hr\/wp-json\/wp\/v2\/users\/2"}],"replies":[{"embeddable":true,"href":"https:\/\/npkrka.hr\/hr\/wp-json\/wp\/v2\/comments?post=8827"}],"version-history":[{"count":0,"href":"https:\/\/npkrka.hr\/hr\/wp-json\/wp\/v2\/pages\/8827\/revisions"}],"up":[{"embeddable":true,"href":"https:\/\/npkrka.hr\/hr\/wp-json\/wp\/v2\/pages\/99"}],"wp:featuredmedia":[{"embeddable":true,"href":"https:\/\/npkrka.hr\/hr\/wp-json\/wp\/v2\/media\/8842"}],"wp:attachment":[{"href":"https:\/\/npkrka.hr\/hr\/wp-json\/wp\/v2\/media?parent=8827"}],"curies":[{"name":"wp","href":"https:\/\/api.w.org\/{rel}","templated":true}]}}