{"id":8819,"date":"2023-10-12T09:08:17","date_gmt":"2023-10-12T07:08:17","guid":{"rendered":"https:\/\/www.npkrka.hr\/?page_id=8819"},"modified":"2023-10-12T09:14:56","modified_gmt":"2023-10-12T07:14:56","slug":"traffic-signals-on-the-krka-bike-routes","status":"publish","type":"page","link":"https:\/\/npkrka.hr\/hr\/posjeti\/krka-bike\/traffic-signals-on-the-krka-bike-routes\/","title":{"rendered":"Prometna signalizacija na Krka Bike rutama"},"content":{"rendered":"<p>Istra\u017eivanje skrivenih prekrasnih prirodnih bisera Nacionalnog parka \u201eKrka\u201c postalo je jo\u0161 jednostavnije i zabavnije ure\u0111enjem<strong> dvanaest biciklisti\u010dkih ruta<\/strong>: tri cestovne, tri brdske i \u0161est treking. Kako bismo vam olak\u0161ali snala\u017eenje i kretanje njima, posebnu smo pozornost posvetili pravilnom ozna\u010davanju ruta i sigurnosti sudionika u prometu, s obzirom da pojedine rute prolaze preko prometnih cesta i kroz pje\u0161a\u010dke zone.<\/p>\n<p>Slijedi kratki vodi\u010d za upoznavanje sa signalizacijom na biciklisti\u010dkim rutama.<\/p>\n<p>Znakove koji se odnose na biciklisti\u010dki promet u Parku prepoznat \u0107ete po jednostavnim elementima: <strong>prepoznatljivoj tamnoplavoj boji<\/strong>, odabranoj u skladu s <em>Priru\u010dnikom za grafi\u010dki i produkt dizajn sustava signalizacije i interpretacije za\u0161ti\u0107enih podru\u010dja u RH<\/em>, i jednostavnom, \u201e\u010distom\u201c fontu Typonine Sans, a prona\u0107i \u0107ete ih na raskri\u017ejima, otvorenim dionicama prometnica i lokacijama na kojima se ruta okre\u0107e i vra\u0107a istim putom.<\/p>\n<p><img fetchpriority=\"high\" decoding=\"async\" class=\"alignnone wp-image-8820\" src=\"https:\/\/www.npkrka.hr\/wp-content\/uploads\/t.jpg\" alt=\"\" width=\"598\" height=\"448\" \/><\/p>\n<p>Znakovi za usmjeravanje biciklisti\u010dkog prometa na rutama izvan ure\u0111enih prometnica i znak za ozna\u010davanje lokaliteta<\/p>\n<p><img decoding=\"async\" class=\"alignnone wp-image-8821\" src=\"https:\/\/www.npkrka.hr\/wp-content\/uploads\/11.jpg\" alt=\"\" width=\"601\" height=\"451\" \/><\/p>\n<p>Znakovi za usmjeravanje prometa na cestovnim prometnicama<\/p>\n<p>Rute su na tablama ozna\u010dene kombinacijom slova i brojki<strong>,<\/strong> pri \u010demu slovo zna\u010di tip staze <strong>(R za cestovne, M za brdske a T za treking-rute)<\/strong>, dok broj\u010dane oznake definiraju to\u010dno odre\u0111enu rutu unutar pripadaju\u0107eg tipa.<\/p>\n<p>Znakove mo\u017eemo podijeliti u \u010detiri op\u0107e kategorije: u prve dvije spadaju znakovi za usmjeravanje prometa na cestovnim prometnicama, tre\u0107u skupinu \u010dine znakovi za usmjeravanje biciklisti\u010dkog prometa na rutama izvan ure\u0111enih prometnica, dok posljednja skupina ozna\u010dava lokalitete i upozorava na pje\u0161a\u010dke staze.<\/p>\n","protected":false},"excerpt":{"rendered":"<p>Istra\u017eivanje skrivenih prekrasnih prirodnih bisera Nacionalnog parka \u201eKrka\u201c postalo je jo\u0161 jednostavnije i zabavnije ure\u0111enjem dvanaest biciklisti\u010dkih ruta: tri cestovne, tri brdske i \u0161est treking. Kako bismo vam olak\u0161ali snala\u017een&#8230;<\/p>\n","protected":false},"author":2,"featured_media":8820,"parent":99,"menu_order":5,"comment_status":"closed","ping_status":"closed","template":"","meta":{"footnotes":""},"class_list":["post-8819","page","type-page","status-publish","has-post-thumbnail","hentry"],"_links":{"self":[{"href":"https:\/\/npkrka.hr\/hr\/wp-json\/wp\/v2\/pages\/8819","targetHints":{"allow":["GET"]}}],"collection":[{"href":"https:\/\/npkrka.hr\/hr\/wp-json\/wp\/v2\/pages"}],"about":[{"href":"https:\/\/npkrka.hr\/hr\/wp-json\/wp\/v2\/types\/page"}],"author":[{"embeddable":true,"href":"https:\/\/npkrka.hr\/hr\/wp-json\/wp\/v2\/users\/2"}],"replies":[{"embeddable":true,"href":"https:\/\/npkrka.hr\/hr\/wp-json\/wp\/v2\/comments?post=8819"}],"version-history":[{"count":0,"href":"https:\/\/npkrka.hr\/hr\/wp-json\/wp\/v2\/pages\/8819\/revisions"}],"up":[{"embeddable":true,"href":"https:\/\/npkrka.hr\/hr\/wp-json\/wp\/v2\/pages\/99"}],"wp:featuredmedia":[{"embeddable":true,"href":"https:\/\/npkrka.hr\/hr\/wp-json\/wp\/v2\/media\/8820"}],"wp:attachment":[{"href":"https:\/\/npkrka.hr\/hr\/wp-json\/wp\/v2\/media?parent=8819"}],"curies":[{"name":"wp","href":"https:\/\/api.w.org\/{rel}","templated":true}]}}