{"id":8794,"date":"2023-10-12T07:25:34","date_gmt":"2023-10-12T05:25:34","guid":{"rendered":"https:\/\/www.npkrka.hr\/?page_id=8794"},"modified":"2024-02-29T12:54:50","modified_gmt":"2024-02-29T11:54:50","slug":"rent-a-bike","status":"publish","type":"page","link":"https:\/\/npkrka.hr\/hr\/posjeti\/krka-bike\/rent-a-bike\/","title":{"rendered":"Najam bicikala"},"content":{"rendered":"<p>U Eko kampusu \u201eKrka\u201c u Puljanima (<a href=\"https:\/\/www.google.com\/maps\/place\/Eko-kampus+Krka\/@43.9894017,15.9995213,13z\/data=!4m15!1m8!3m7!1s0x476025622f471303:0x802e6d2f5027aa7c!2sPuljane!3b1!8m2!3d43.9749175!4d16.034168!16s%2Fg%2F120_m0p8!3m5!1s0x47602f510797d709:0x49546ec4042e9bc8!8m2!3d44.0019655!4d16.0231817!16s%2Fg%2F11jx0jx6p7?entry=ttu\">lokacija<\/a>) mogu\u0107e je iznajmiti elektri\u010dne bicikle, tzv. Pedalec, <strong>samo uz prethodnu najavu<\/strong>, uz koje korisnici dobiju i detaljne upute o kori\u0161tenju te popis preporu\u010denih staza s GPS tragovima. Izravan upit mo\u017eete poslati na e-mail\u00a0<a href=\"mailto:krka.bike@npk.hr\">krka.bike@npk.hr<\/a>\u00a0ili na broj mobitela +385912254231.<\/p>\n<p>Dostupni su samo bicikli za odrasle. Dje\u010dji bicikli, kao ni dje\u010dje sjedalice, nisu dostupni.<\/p>\n<p>Pedalec (<em>Pedal Electric Cycle<\/em>) ili pedal-assist je naziv za sve one elektri\u010dne bicikle na elektri\u010dni pogon koji nude pomo\u0107 pri pedaliranju. Motor poma\u017ee prilikom okretanja pedala do brzine od 25 km\/h. Pedalec bicikli omogu\u0107uju prijelaz ve\u0107ih udaljenosti i lak\u0161e savladavanje strmih uspona. Poma\u017eu svojim elektro motorom do 340 % \u010dovjekove snage okretanja pedala.<\/p>\n<p>Najam bicikala dostupan je u hostelu Titius u Eko kampusu \u201eKrka\u201c po redovnom <a href=\"https:\/\/www.npkrka.hr\/wp-content\/uploads\/cjenik-bike-1.pdf\">cjeniku.<\/a><\/p>\n<div class=\"fotorama rounded-lg  shadow lblue-bg mt-5   \" data-width=\"100%\" data-ratio=\"16\/10\"  data-nav=\"thumbs\" data-autoplay=\"true\" data-arrows=\"true\" data-transition=\"crossfade\"><img decoding=\"async\" src=\"https:\/\/npkrka.hr\/wp-content\/uploads\/Np-Krka-Cikloturizam-0089.jpg\" width=\"100%\" \/><img decoding=\"async\" src=\"https:\/\/npkrka.hr\/wp-content\/uploads\/Np-Krka-Cikloturizam-0102.jpg\" width=\"100%\" \/><\/div><p>&nbsp;<\/p>\n","protected":false},"excerpt":{"rendered":"<p>U Eko kampusu \u201eKrka\u201c u Puljanima mogu\u0107e je iznajmiti elektri\u010dne bicikle, tzv. Pedalec,\u00a0samo uz prethodnu najavu, uz koje korisnici dobiju i detaljne upute o kori\u0161tenju te popis preporu\u010denih staza s GPS tragovima. Izravan upit mo\u017eete &#8230;<\/p>\n","protected":false},"author":2,"featured_media":8795,"parent":99,"menu_order":4,"comment_status":"closed","ping_status":"closed","template":"","meta":{"footnotes":""},"class_list":["post-8794","page","type-page","status-publish","has-post-thumbnail","hentry"],"_links":{"self":[{"href":"https:\/\/npkrka.hr\/hr\/wp-json\/wp\/v2\/pages\/8794","targetHints":{"allow":["GET"]}}],"collection":[{"href":"https:\/\/npkrka.hr\/hr\/wp-json\/wp\/v2\/pages"}],"about":[{"href":"https:\/\/npkrka.hr\/hr\/wp-json\/wp\/v2\/types\/page"}],"author":[{"embeddable":true,"href":"https:\/\/npkrka.hr\/hr\/wp-json\/wp\/v2\/users\/2"}],"replies":[{"embeddable":true,"href":"https:\/\/npkrka.hr\/hr\/wp-json\/wp\/v2\/comments?post=8794"}],"version-history":[{"count":0,"href":"https:\/\/npkrka.hr\/hr\/wp-json\/wp\/v2\/pages\/8794\/revisions"}],"up":[{"embeddable":true,"href":"https:\/\/npkrka.hr\/hr\/wp-json\/wp\/v2\/pages\/99"}],"wp:featuredmedia":[{"embeddable":true,"href":"https:\/\/npkrka.hr\/hr\/wp-json\/wp\/v2\/media\/8795"}],"wp:attachment":[{"href":"https:\/\/npkrka.hr\/hr\/wp-json\/wp\/v2\/media?parent=8794"}],"curies":[{"name":"wp","href":"https:\/\/api.w.org\/{rel}","templated":true}]}}