{"id":8174,"date":"2023-07-18T10:21:40","date_gmt":"2023-07-18T08:21:40","guid":{"rendered":"https:\/\/www.npkrka.hr\/?page_id=8174"},"modified":"2024-07-05T09:45:01","modified_gmt":"2024-07-05T07:45:01","slug":"sume","status":"publish","type":"page","link":"https:\/\/npkrka.hr\/hr\/multimedia\/exibits\/sume\/","title":{"rendered":"Predahnite od vru\u0107ine"},"content":{"rendered":"<p>Ljeto. \u017dega. Sunce koje tvrdoglavo grije tvrdi kamen. Oro\u0161eno \u010delo mlinara i \u017eedna usta ratara. Onemo\u0107ale vode slapova. Ali na \u017earkom suncu sve se bolje vidi, sitna zrnca pra\u0161ine ili fantasti\u010dni oblici pe\u0107ina i manjih jezera koje je voda stvorila svojim neumornim padom stotinama i stotinama godina. Krka je vise\u0107a teku\u0107ica, rijeka koja nikad ne presu\u0161uje, i zato je ljeti kr\u0161ka oaza za svakog putnika, osvje\u017eenje za o\u010di, predah prije \u017eetve. Ali spasa od sparine ne bi bilo bez \u0161ume, bez stabla, da nema hlada.<\/p>\n<p>Na\u0161i stari imali su mudru navadu sjediti pod kro\u0161njom murve ili oraha. Svaka ih ku\u0107a imala u dvori\u0161tu. Pod njima se po\u010divalo, razgovaralo, hladilo. Danas znamo da stabla umanjuju temperaturu i toplinu i pobolj\u0161avaju kvalitetu zraka. Te\u0161ko je re\u0107i koliko nam to znanje slu\u017ei kada pre\u010desto svjedo\u010dimo uklananju stabala, postavljanju nadstre\u0161nica od neprirodnih materijala, pretjeranoj klimatizaciji prostora i gubitku prirodnog hlada u sredinama koje su sve toplije i toplije. A stabla upijaju toplinu, i \u0161to su ona ve\u0107a, to je iz njih ve\u0107e isparavanje teku\u0107ina. Hladni zrak pada pod stabla, a topli odlazi gore u atmosferu jer je lak\u0161i. Osim toga, kro\u0161nja stabala djeluje poput suncobrana, blokira do 90 % sun\u010devog zra\u010denja i tako hladi tlo ispod sebe.<\/p>\n<p>Da su stabla \u010dudesna, i\u0161\u010ditava se iz svake fotografije: jednako zelenih \u0161uma oko otoka Visovca, \u010darobnog drve\u0107a \u0161to se ogleda u vodi, kao i golih zimskih grana kada stabla odbacuju li\u0161\u0107e da bi pre\u017eivjela zimu i u prolje\u0107e ponovno po\u010dela listati.<\/p>\n<p>\u201e\u0160ume su neobi\u010dni organizmi neograni\u010dene ljubaznosti i blagonaklonosti, koji ne postavljaju nikakve zahtjeve za svoje uzdr\u017eavanje i velikodu\u0161no dijele plodove svog \u017eivota i aktivnosti; \u0161ume pru\u017eaju za\u0161titu svim bi\u0107ima.\u201c Tako govori jedna budisti\u010dka misao. \u0160ume u Nacionalnom parku \u201eKrka\u201c ne zauzimaju velike povr\u0161ine, ali daju osobit ugo\u0111aj cijelome podru\u010dju.<\/p>\n<div class=\"fotorama rounded-lg  shadow lblue-bg mt-5   \" data-width=\"100%\" data-ratio=\"16\/10\"  data-nav=\"thumbs\" data-autoplay=\"true\" data-arrows=\"true\" data-transition=\"crossfade\"><img decoding=\"async\" src=\"https:\/\/npkrka.hr\/wp-content\/uploads\/WEB-1.jpg\" width=\"100%\" \/><img decoding=\"async\" src=\"https:\/\/npkrka.hr\/wp-content\/uploads\/WEB2.jpg\" width=\"100%\" \/><img decoding=\"async\" src=\"https:\/\/npkrka.hr\/wp-content\/uploads\/WEB3.jpg\" width=\"100%\" \/><img decoding=\"async\" src=\"https:\/\/npkrka.hr\/wp-content\/uploads\/WEB4.jpg\" width=\"100%\" \/><img decoding=\"async\" src=\"https:\/\/npkrka.hr\/wp-content\/uploads\/WEB5.jpg\" width=\"100%\" \/><img decoding=\"async\" src=\"https:\/\/npkrka.hr\/wp-content\/uploads\/WEB6.jpg\" width=\"100%\" \/><img decoding=\"async\" src=\"https:\/\/npkrka.hr\/wp-content\/uploads\/WEB7.jpg\" width=\"100%\" \/><img decoding=\"async\" src=\"https:\/\/npkrka.hr\/wp-content\/uploads\/WEB8.jpg\" width=\"100%\" \/><img decoding=\"async\" src=\"https:\/\/npkrka.hr\/wp-content\/uploads\/WEB9.jpg\" width=\"100%\" \/><img decoding=\"async\" src=\"https:\/\/npkrka.hr\/wp-content\/uploads\/WEB10.jpg\" width=\"100%\" \/><img decoding=\"async\" src=\"https:\/\/npkrka.hr\/wp-content\/uploads\/WEB11.jpg\" width=\"100%\" \/><img decoding=\"async\" src=\"https:\/\/npkrka.hr\/wp-content\/uploads\/WEB12.jpg\" width=\"100%\" \/><img decoding=\"async\" src=\"https:\/\/npkrka.hr\/wp-content\/uploads\/WEB13.jpg\" width=\"100%\" \/><img decoding=\"async\" src=\"https:\/\/npkrka.hr\/wp-content\/uploads\/WEB14.jpg\" width=\"100%\" \/><img decoding=\"async\" src=\"https:\/\/npkrka.hr\/wp-content\/uploads\/WEB15.jpg\" width=\"100%\" \/><img decoding=\"async\" src=\"https:\/\/npkrka.hr\/wp-content\/uploads\/WEB16.jpg\" width=\"100%\" \/><img decoding=\"async\" src=\"https:\/\/npkrka.hr\/wp-content\/uploads\/WEB17.jpg\" width=\"100%\" \/><img decoding=\"async\" src=\"https:\/\/npkrka.hr\/wp-content\/uploads\/WEB18.jpg\" width=\"100%\" \/><img decoding=\"async\" src=\"https:\/\/npkrka.hr\/wp-content\/uploads\/WEB19.jpg\" width=\"100%\" \/><img decoding=\"async\" src=\"https:\/\/npkrka.hr\/wp-content\/uploads\/WEB20.jpg\" width=\"100%\" \/><img decoding=\"async\" src=\"https:\/\/npkrka.hr\/wp-content\/uploads\/WEB21.jpg\" width=\"100%\" \/><img decoding=\"async\" src=\"https:\/\/npkrka.hr\/wp-content\/uploads\/WEB22.jpg\" width=\"100%\" \/><img decoding=\"async\" src=\"https:\/\/npkrka.hr\/wp-content\/uploads\/WEB23.jpg\" width=\"100%\" \/><img decoding=\"async\" src=\"https:\/\/npkrka.hr\/wp-content\/uploads\/WEB24.jpg\" width=\"100%\" \/><img decoding=\"async\" src=\"https:\/\/npkrka.hr\/wp-content\/uploads\/WEB25.jpg\" width=\"100%\" \/><img decoding=\"async\" src=\"https:\/\/npkrka.hr\/wp-content\/uploads\/WEB26.jpg\" width=\"100%\" \/><img decoding=\"async\" src=\"https:\/\/npkrka.hr\/wp-content\/uploads\/WEB27.jpg\" width=\"100%\" \/><img decoding=\"async\" src=\"https:\/\/npkrka.hr\/wp-content\/uploads\/WEB28.jpg\" width=\"100%\" \/><img decoding=\"async\" src=\"https:\/\/npkrka.hr\/wp-content\/uploads\/WEB29.jpg\" width=\"100%\" \/><img decoding=\"async\" src=\"https:\/\/npkrka.hr\/wp-content\/uploads\/WEB30.jpg\" width=\"100%\" \/><\/div><p>&nbsp;<\/p>\n","protected":false},"excerpt":{"rendered":"<p>Ljeto. \u017dega. Sunce koje tvrdoglavo grije tvrdi kamen. Oro\u0161eno \u010delo mlinara i \u017eedna usta ratara. Onemo\u0107ale vode slapova. Ali na \u017earkom suncu sve se bolje vidi, sitna zrnca pra\u0161ine ili fantasti\u010dni oblici pe\u0107ina i manjih jezera koje je voda stvorila svo&#8230;<\/p>\n","protected":false},"author":2,"featured_media":8177,"parent":4524,"menu_order":2,"comment_status":"closed","ping_status":"closed","template":"","meta":{"footnotes":""},"class_list":["post-8174","page","type-page","status-publish","has-post-thumbnail","hentry"],"_links":{"self":[{"href":"https:\/\/npkrka.hr\/hr\/wp-json\/wp\/v2\/pages\/8174","targetHints":{"allow":["GET"]}}],"collection":[{"href":"https:\/\/npkrka.hr\/hr\/wp-json\/wp\/v2\/pages"}],"about":[{"href":"https:\/\/npkrka.hr\/hr\/wp-json\/wp\/v2\/types\/page"}],"author":[{"embeddable":true,"href":"https:\/\/npkrka.hr\/hr\/wp-json\/wp\/v2\/users\/2"}],"replies":[{"embeddable":true,"href":"https:\/\/npkrka.hr\/hr\/wp-json\/wp\/v2\/comments?post=8174"}],"version-history":[{"count":0,"href":"https:\/\/npkrka.hr\/hr\/wp-json\/wp\/v2\/pages\/8174\/revisions"}],"up":[{"embeddable":true,"href":"https:\/\/npkrka.hr\/hr\/wp-json\/wp\/v2\/pages\/4524"}],"wp:featuredmedia":[{"embeddable":true,"href":"https:\/\/npkrka.hr\/hr\/wp-json\/wp\/v2\/media\/8177"}],"wp:attachment":[{"href":"https:\/\/npkrka.hr\/hr\/wp-json\/wp\/v2\/media?parent=8174"}],"curies":[{"name":"wp","href":"https:\/\/api.w.org\/{rel}","templated":true}]}}