{"id":81,"date":"2022-06-14T10:25:10","date_gmt":"2022-06-14T08:25:10","guid":{"rendered":"https:\/\/www.npkrka.hr\/?page_id=81"},"modified":"2024-03-25T10:48:33","modified_gmt":"2024-03-25T09:48:33","slug":"izjava-o-pristupacnosti","status":"publish","type":"page","link":"https:\/\/npkrka.hr\/hr\/informacije\/izjava-o-pristupacnosti\/","title":{"rendered":"Izjava o pristupa\u010dnosti"},"content":{"rendered":"<div id=\"primary\" class=\"content-area clr\">\n<div id=\"content\" class=\"site-content clr\">\n<article class=\"single-page-article clr\">\n<div class=\"entry clr\">\n<p>Javna ustanova \u201eNacionalni park Krka\u201d nastoji svoje internetske stranice u\u010diniti pristupa\u010dnima u skladu sa <a href=\"https:\/\/narodne-novine.nn.hr\/clanci\/sluzbeni\/2019_02_17_358.html\" target=\"_blank\" rel=\"noreferrer noopener\">Zakonom o pristupa\u010dnosti internetskih stranica i programskih rje\u0161enja za pokretne ure\u0111aje tijela javnog sektora<\/a>\u00a0(\u201eNarodne novine\u201c, broj 17\/19; dalje u tekstu: Zakon o pristupa\u010dnosti) kojim se prenosi Direktiva (EU) 2016\/2102 Europskog parlamenta i Vije\u0107a od 26. listopada 2016. o pristupa\u010dnosti internetskih stranica i mobilnih aplikacija tijela javnog sektora (SL L 327 od 2. prosinca 2016.), te CARNET-ovim\u00a0<a href=\"https:\/\/www.carnet.hr\/wp-content\/uploads\/2019\/11\/Smjernice-digitalne-pristupac%CC%8Cnosti-ver.-1.1.pdf\" target=\"_blank\" rel=\"noreferrer noopener\">Smjernicama za osiguravanje digitalne pristupa\u010dnosti<\/a>\u00a0(V 1.1, studeni 2019.).<\/p>\n<p>Ova izjava o pristupa\u010dnosti primjenjuje se na internetske stranice na mre\u017enom mjestu <a href=\"https:\/\/www.npkrka.hr\">https:\/\/www.npkrka.hr<\/a>\u00a0i sve podstranice.<\/p>\n<p><strong>Stupanj uskla\u0111enosti<\/strong><\/p>\n<p>Ove internetske stranice u ve\u0107oj mjeri su uskla\u0111ene sa\u00a0<a href=\"https:\/\/narodne-novine.nn.hr\/clanci\/sluzbeni\/2019_02_17_358.html\" target=\"_blank\" rel=\"noreferrer noopener\">Zakonom o pristupa\u010dnosti internetskih stranica i programskih rje\u0161enja za pokretne ure\u0111aje tijela javnog sektora<\/a>\u00a0i\u00a0<a href=\"https:\/\/www.carnet.hr\/wp-content\/uploads\/2019\/11\/Smjernice-digitalne-pristupac%CC%8Cnosti-ver.-1.1.pdf\" target=\"_blank\" rel=\"noreferrer noopener\">Smjernicama za osiguravanje digitalne pristupa\u010dnosti<\/a>\u00a0koje su pregledane i odobrene od nacionalnih krovnih udruga osoba s invaliditetom.<\/p>\n<p>Implementacijom nove web stranice tijekom 2021. godine, te postavljanjem dodatka za prilagodbu zahtjevima digitalne pristupa\u010dnosti ispunjena je ve\u0107ina zahtjeva\u00a0<a href=\"https:\/\/www.etsi.org\/deliver\/etsi_en\/301500_301599\/301549\/02.01.02_60\/en_301549v020102p.pdf\">europske norme EN 301 549 V2.1.2 (2018-08)<\/a>, uz iznimke koje se navode u nastavku.<\/p>\n<p><strong>Nepristupa\u010dni sadr\u017eaj<\/strong><\/p>\n<p>Sadr\u017eaj naveden u nastavku nepristupa\u010dan je zbog sljede\u0107ih razloga:<\/p>\n<p>\u2022 pojedine .pdf datoteke sadr\u017eane u objavama i\/ili na odre\u0111enim podstranicama nisu u cijelosti nastale izvozom iz izvori\u0161ne datoteke iz alata Microsoft Office Word uz odabir opcija za pristupa\u010dnost, odnosno nisu pristupa\u010dne jer nisu prikladno pripremljene za \u010dita\u010de ekrana jer su takve .pdf datoteke preuzete s ranije ra\u0111enih web stranica ili su nastale prije izrade ove web stranice,<\/p>\n<p>\u2022 manji dio fotografija nema prikladan tekstualni opis (alt tekst).<\/p>\n<p><strong>Priprema ove izjave o pristupa\u010dnosti<\/strong><\/p>\n<p>Ova Izjava pripremljena je dana 1.6.2020., prema Predlo\u0161ku izjave o pristupa\u010dnosti koji je u skladu s Direktivom (EU) 2016\/2102 Europskog parlamenta i Vije\u0107a o pristupa\u010dnosti internetskih stranica i mobilnih aplikacija tijela javnog sektora, a utvr\u0111en je Provedbenom odlukom komisije EU 2018\/1523 11. listopada 2018.<\/p>\n<p>Za pripremu ove Izjave kori\u0161tena je automatizirana provjera pristupa\u010dnosti kori\u0161tenjem alata\u00a0<em>WAVE<\/em>.<\/p>\n<p>JU \u201eNP Krka&#8221; obvezuje se najmanje jednom godi\u0161nje provoditi provjeru pristupa\u010dnosti svojih mre\u017enih stranica te ukloniti uo\u010dene nepravilnosti i revidirati ovu izjavu.<\/p>\n<p><strong>Povratne informacije i podaci za kontakt<\/strong><\/p>\n<p>Povratne informacije \u0107e se koristiti za obavje\u0161tavanje Javne ustanove o eventualnim neuskla\u0111enostima sa Zakonom o pristupa\u010dnosti, te informacije i sadr\u017eaje isklju\u010dene iz podru\u010dja primjene, odnosno sve upite u vezi s pristupa\u010dnosti mre\u017ene stranice korisnici mogu uputiti putem elektroni\u010dke po\u0161te na adresu <a href=\"mailto:info@npk.hr\">info@npk.hr<\/a> ili pisanim putem na adresu JU \u201eNP Krka&#8221;.<\/p>\n<p><strong>Postupak pra\u0107enja provedbe propisa<\/strong><\/p>\n<p>Tijelo nadle\u017eno za pra\u0107enje uskla\u0111enosti mre\u017enih stranica i programskih rje\u0161enja za pokretne ure\u0111aje tijela javnog sektora sa zahtjevima pristupa\u010dnosti i nadzor nad provedbom Zakona o pristupa\u010dnosti je Povjerenik za informiranje Republike Hrvatske.<\/p>\n<p>U slu\u010daju nezadovoljavaju\u0107ih odgovora na obavijesti ili zahtjev za povratne informacije o pristupa\u010dnosti ovih mre\u017enih stranica korisnici se mogu obratiti Povjereniku za informiranje telefonom (+385 1 2099 120) ili putem elektroni\u010dke po\u0161te na adresu\u00a0<a href=\"mailto:pristupacnost@pristupinfo.hr\">pristupacnost@pristupinfo.hr<\/a>.<\/p>\n<\/div>\n<\/article>\n<\/div>\n<\/div>\n","protected":false},"excerpt":{"rendered":"<p>Ova izjava o pristupa\u010dnosti primjenjuje se na internetske stranice na mre\u017enom mjestu https:\/\/nepoznata-krka.eu i sve podstranice.<\/p>\n","protected":false},"author":1,"featured_media":722,"parent":142,"menu_order":0,"comment_status":"closed","ping_status":"closed","template":"","meta":{"footnotes":""},"class_list":["post-81","page","type-page","status-publish","has-post-thumbnail","hentry"],"_links":{"self":[{"href":"https:\/\/npkrka.hr\/hr\/wp-json\/wp\/v2\/pages\/81","targetHints":{"allow":["GET"]}}],"collection":[{"href":"https:\/\/npkrka.hr\/hr\/wp-json\/wp\/v2\/pages"}],"about":[{"href":"https:\/\/npkrka.hr\/hr\/wp-json\/wp\/v2\/types\/page"}],"author":[{"embeddable":true,"href":"https:\/\/npkrka.hr\/hr\/wp-json\/wp\/v2\/users\/1"}],"replies":[{"embeddable":true,"href":"https:\/\/npkrka.hr\/hr\/wp-json\/wp\/v2\/comments?post=81"}],"version-history":[{"count":0,"href":"https:\/\/npkrka.hr\/hr\/wp-json\/wp\/v2\/pages\/81\/revisions"}],"up":[{"embeddable":true,"href":"https:\/\/npkrka.hr\/hr\/wp-json\/wp\/v2\/pages\/142"}],"wp:featuredmedia":[{"embeddable":true,"href":"https:\/\/npkrka.hr\/hr\/wp-json\/wp\/v2\/media\/722"}],"wp:attachment":[{"href":"https:\/\/npkrka.hr\/hr\/wp-json\/wp\/v2\/media?parent=81"}],"curies":[{"name":"wp","href":"https:\/\/api.w.org\/{rel}","templated":true}]}}