{"id":808,"date":"2022-06-29T13:19:12","date_gmt":"2022-06-29T11:19:12","guid":{"rendered":"https:\/\/www.npkrka.hr\/?page_id=808"},"modified":"2022-09-23T13:56:22","modified_gmt":"2022-09-23T11:56:22","slug":"podzemni-svijet-krsa-spilja-stara-jametina","status":"publish","type":"page","link":"https:\/\/npkrka.hr\/hr\/prirodna-bastina\/geologija\/podzemni-svijet-krsa\/podzemni-svijet-krsa-spilja-stara-jametina\/","title":{"rendered":"\u0160pilja Stara jametina"},"content":{"rendered":"<p><b>Stara jametina najdublji je speleolo\u0161ki objekt u NP \u201eKrka\u201c.<\/b><\/p>\n<p>Smje\u0161tena je na lijevoj obali rijeke \u010cikole iznad Pun\u010dke drage, nedaleko od zaseoka Gornji Krni\u0107i kod Konjevrata, na nadmorskoj visini od 200 m. Ima dva ulaza, nalik na vrta\u010de, \u0161piljski i jamski. Oba vode u ulaznu dvoranu.<\/p>\n<p>Iako se u svojem imenu naziva jametina, s obzirom na prosje\u010dni nagib kanala, prema speleolo\u0161koj klasifikaciji, ovaj se objekt ubraja u \u0161pilje. Gotovo u potpunosti je prohodan bez upotrebe speleolo\u0161kih tehnika, s izuzetkom samo jedne 4-metarske vertikale.<\/p>\n<p>Stara jametina razgranati je speleolo\u0161ki objekt, istra\u017een u duljini od 188 m i dubini od 85 m. Daljnje napredovanje onemogu\u0107uju uske pukotine. \u0160pilju karakteriziraju veliki prostori me\u0111usobno odijeljeni uskim kanalima, pa je prirodno podijeljena u \u010detiri cjeline, odnosno dvorane.<\/p>\n<p>Stara jametina oblikovana je unutar prijelaznih naslaga konglomerata, laporovitih vapnenaca i lapora. Na dubini od 40 m nalazi se dvorana u erodiranom laporu. Stara jametina nema hidrogeolo\u0161ku funkciju iako postoje manje vode nakapnice. Krase je lijepi stalagmiti.<\/p>\n<p>Prosje\u010dna temperatura zraka u cijelom objektu iznosi 11,9 \u00b0C, no kada se izuzme ulazna dvorana, koja je jako podlo\u017ena utjecaju vanjskih vremenskih uvjeta, prosje\u010dna temperatura zraka iznosi 12,4 \u00b0C.<\/p>\n<p>Relativna vla\u017enost zraka u objektu, s izuzetkom ulazne dvorane, u kojoj vla\u017enost, poput temperature, znatno ovisi o vanjskim vremenskim uvjetima, iznosi 100%.<\/p>\n<p>U Staroj jametini obitava vrlo raznolika \u0161piljska fauna. Prema ekolo\u0161koj klasifikaciji \u0161piljskih svojti, naseljavaju je troglobionti, troglofili, subtroglofili i troglokseni.<\/p>\n<p>Ukupno je evidentirano vi\u0161e od pedeset svojti iz skupina pu\u017eeva (Gastropoda), pauka (Araneae), la\u017ei\u0161tipavaca (Pseudoscorpiones), la\u017eipauka (Opiliones), grinja (Acari), jednakono\u017enih rakova (Isopoda), striga (Chilopoda), dvojenoga (Diplopoda), skokuna (Collembola), dvorepaca (Diplura), trorepaca (Thysanura), kornja\u0161a (Coleoptera), grizlica (Psocoptera), dvokrilaca (Diptera), ravnokrilaca (Orthoptera), leptira (Lepidoptera), gujavica (Lumbricidae), opnokrilaca (Hymenoptera) i \u0161i\u0161mi\u0161a (Chiroptera).<\/p>\n<p>Me\u0111u njima je velik broj endemskih svojti Dinarida i Hrvatske. U \u0161pilji obitava i <em>Verhoeffiella margusi<\/em>, troglobiontna vrsta skokuna koji je stenoendem NP \u201eKrka\u201c.<\/p>\n<p>Na podru\u010dju speleolo\u0161kog objekta Stara jametina od 2018. godine provodi se, jedinstveno u Hrvatskoj, istra\u017eivanje okoli\u0161nih parametara s ciljem utvr\u0111ivanja brzine tro\u0161enja stijena i sni\u017eavanja povr\u0161ine (denudacija), te klimatskih i paleoklimatskih zna\u010dajki kr\u0161a podru\u010dja NP \u201eKrka\u201c.<\/p>\n<p><em>Fotografija: Marijana Cukrov<\/em><\/p>\n","protected":false},"excerpt":{"rendered":"<p>Stara jametina najdublji je speleolo\u0161ki objekt u NP \u201eKrka\u201c<\/p>\n","protected":false},"author":1,"featured_media":809,"parent":165,"menu_order":8,"comment_status":"closed","ping_status":"closed","template":"","meta":{"footnotes":""},"class_list":["post-808","page","type-page","status-publish","has-post-thumbnail","hentry"],"_links":{"self":[{"href":"https:\/\/npkrka.hr\/hr\/wp-json\/wp\/v2\/pages\/808","targetHints":{"allow":["GET"]}}],"collection":[{"href":"https:\/\/npkrka.hr\/hr\/wp-json\/wp\/v2\/pages"}],"about":[{"href":"https:\/\/npkrka.hr\/hr\/wp-json\/wp\/v2\/types\/page"}],"author":[{"embeddable":true,"href":"https:\/\/npkrka.hr\/hr\/wp-json\/wp\/v2\/users\/1"}],"replies":[{"embeddable":true,"href":"https:\/\/npkrka.hr\/hr\/wp-json\/wp\/v2\/comments?post=808"}],"version-history":[{"count":0,"href":"https:\/\/npkrka.hr\/hr\/wp-json\/wp\/v2\/pages\/808\/revisions"}],"up":[{"embeddable":true,"href":"https:\/\/npkrka.hr\/hr\/wp-json\/wp\/v2\/pages\/165"}],"wp:featuredmedia":[{"embeddable":true,"href":"https:\/\/npkrka.hr\/hr\/wp-json\/wp\/v2\/media\/809"}],"wp:attachment":[{"href":"https:\/\/npkrka.hr\/hr\/wp-json\/wp\/v2\/media?parent=808"}],"curies":[{"name":"wp","href":"https:\/\/api.w.org\/{rel}","templated":true}]}}