{"id":8052,"date":"2023-06-30T11:54:59","date_gmt":"2023-06-30T09:54:59","guid":{"rendered":"https:\/\/www.npkrka.hr\/?page_id=8052"},"modified":"2024-09-18T14:16:21","modified_gmt":"2024-09-18T12:16:21","slug":"volunteer-in-the-krka-np","status":"publish","type":"page","link":"https:\/\/npkrka.hr\/hr\/o-nama\/volunteer-in-the-krka-np\/","title":{"rendered":"Volontiraj u NP \u201eKrka\u201c"},"content":{"rendered":"<p><strong>Za\u0161to volontirati u Nacionalnom parku \u201eKrka\u201c?<\/strong><\/p>\n<p>Kroz program volontiranja u Nacionalnom parku \u201eKrka\u201c poti\u010de se razvoj temeljnih vrijednosti kao \u0161to su za\u0161tita prirode i okoli\u0161a, solidarnost, tolerancija i zajedni\u0161tvo, a ujedno se u\u017eiva u prirodnim ljepotama i me\u0111usobnom dru\u017eenju.<\/p>\n<p>Volonterski programi koje organizira Javna ustanova \u201eNacionalni park Krka\u201c provode se u Eko kampusu \u201eKrka\u201c u Puljanima, modernom interpretacijsko-edukacijskom i volonterskom sredi\u0161tu. Volonteri nove vje\u0161tine i znanja stje\u010du kroz razne aktivnosti, sustavnu edukaciju i rad sa stru\u010dnim slu\u017ebama Parka.<\/p>\n<p>Volontiranje mo\u017ee biti organizirano kao jednodnevna aktivnost, a mo\u017ee trajati i do deset dana.<\/p>\n<p>Dok se odvija volonterski program volonterima su u Eko kampusu \u201eKrka\u201c osigurani smje\u0161taj u hostelu, hrana i prijevoz, a u slobodno vrijeme zabavni programi: dru\u0161tvene igre, natjecanja, <em>team building<\/em>.<\/p>\n<p>Nakon zavr\u0161enog programa volonteri dobivaju potvrdu o volontiranju u kojoj su navedene sve aktivnosti i edukacija koju su pro\u0161li za vrijeme boravka. Ako smo vas zainteresirali za volontiranje, kliknite na prijavnicu: <a href=\"https:\/\/forms.gle\/aGdPai1ETGHCUW9P8\">Prijavnica za volontere<\/a><\/p>\n","protected":false},"excerpt":{"rendered":"<p>Za\u0161to volontirati u Nacionalnom parku \u201eKrka\u201c?<\/p>\n","protected":false},"author":3,"featured_media":8053,"parent":23,"menu_order":7,"comment_status":"closed","ping_status":"closed","template":"page-5.php","meta":{"footnotes":""},"class_list":["post-8052","page","type-page","status-publish","has-post-thumbnail","hentry"],"_links":{"self":[{"href":"https:\/\/npkrka.hr\/hr\/wp-json\/wp\/v2\/pages\/8052","targetHints":{"allow":["GET"]}}],"collection":[{"href":"https:\/\/npkrka.hr\/hr\/wp-json\/wp\/v2\/pages"}],"about":[{"href":"https:\/\/npkrka.hr\/hr\/wp-json\/wp\/v2\/types\/page"}],"author":[{"embeddable":true,"href":"https:\/\/npkrka.hr\/hr\/wp-json\/wp\/v2\/users\/3"}],"replies":[{"embeddable":true,"href":"https:\/\/npkrka.hr\/hr\/wp-json\/wp\/v2\/comments?post=8052"}],"version-history":[{"count":0,"href":"https:\/\/npkrka.hr\/hr\/wp-json\/wp\/v2\/pages\/8052\/revisions"}],"up":[{"embeddable":true,"href":"https:\/\/npkrka.hr\/hr\/wp-json\/wp\/v2\/pages\/23"}],"wp:featuredmedia":[{"embeddable":true,"href":"https:\/\/npkrka.hr\/hr\/wp-json\/wp\/v2\/media\/8053"}],"wp:attachment":[{"href":"https:\/\/npkrka.hr\/hr\/wp-json\/wp\/v2\/media?parent=8052"}],"curies":[{"name":"wp","href":"https:\/\/api.w.org\/{rel}","templated":true}]}}