{"id":7623,"date":"2023-04-27T07:22:57","date_gmt":"2023-04-27T05:22:57","guid":{"rendered":"https:\/\/www.npkrka.hr\/?page_id=7623"},"modified":"2023-04-27T09:03:30","modified_gmt":"2023-04-27T07:03:30","slug":"dvadeset-godina-arheoloskih-istrazivanja-rimskog-lokaliteta-burnuma","status":"publish","type":"page","link":"https:\/\/npkrka.hr\/hr\/kulturna-bastina\/arheologija\/ciklus-burnum\/dvadeset-godina-arheoloskih-istrazivanja-rimskog-lokaliteta-burnuma\/","title":{"rendered":"Dvadeset godina arheolo\u0161kih istra\u017eivanja rimskog lokaliteta Burnuma"},"content":{"rendered":"<p><strong>Istra\u017eivanja prostora rimskog vojnog logora traju kontinuirano ve\u0107 dva desetlje\u0107a, a fokus je stavljen na iskopavanje prostora amfiteatra i vojnog vje\u017ebali\u0161ta<\/strong><\/p>\n<p>Nova istra\u017eivanja u Burnumu po\u010dela su u jesen 2003. godine na inicijativu JU \u201eNacionalni park Krka\u201c i Gradskog muzeja Drni\u0161. Povod je bila rasprava u medijima o tomu je li Burnum imao amfiteatar ili ne. Ta je dilema postojala ve\u0107 otprije jer su don Frane Buli\u0107, fra Lujo Marun i drugi istra\u017eiva\u010di smatrali da bi udubljenje u terenu nedaleko od logora u smjeru jugozapada moglo biti amfiteatar, ali istra\u017eivanja nisu bila organizirana tako da o tomu nije bilo nikakvih materijalnih dokaza.<\/p>\n<p>Istra\u017eivanja prostora rimskog vojnog logora traju kontinuirano do danas, a fokus je stavljen je na iskopavanje prostora amfiteatra i vojnog vje\u017ebali\u0161ta. Uz to, provode se revizijska istra\u017eivanja na podru\u010dju nekada\u0161njeg zapovjedni\u0161tva logora (principija). Dana\u0161nja istra\u017eivanja aglomeracije Burnum odvijaju se u organizaciji Nacionalnog parka \u201eKrka\u201c, Odjela za arheologiju Sveu\u010dili\u0161ta u Zadru i Sveu\u010dili\u0161ta u Bologni.<\/p>\n<p>Osim klasi\u010dnih arheolo\u0161kih iskopavanja, u suradnji s Laboratorijem za istra\u017eivanje arheolo\u0161kih struktura Odjela za arheologiju Sveu\u010dili\u0161ta u Bologni (Laboratorio di rilievo delle strutture Archeologiche del Dipartimento di Archeologia dell&#8217;Universit\u00e0 di Bologna) provode se i suvremene geofizi\u010dke metode ista\u017eivanja. Geofizi\u010dkim metodama izra\u0111ena je preliminarna dokumentacija na podru\u010dju anti\u010dkog lokaliteta Burnuma, a glavni ciljevi projekta bili su revizija rezultata iskopavanja iz 1912. i 1913. i razja\u0161njenje tipologije naselja. Posebno su vrijedni rezultati georadarskih i magnetometrijskih istra\u017eivanja, koja su ukazala na anomalije u odnosu na objavljene rezultate iskopavanja s po\u010detka 20. stolje\u0107a na podru\u010dju principija. Tako\u0111er, tim na\u010dinom istra\u017eivanja bilo je mogu\u0107e rekonstruirati tlocrt nekada\u0161njeg zapovjedni\u0161tva vojnog logora principija te je izra\u0111ena 3D rekonstrukcija bazilike. Iako se na terenu mogu vidjeti samo ostaci lukova nekada\u0161nje bazilike, posjetiteljima se mo\u017ee do\u010darati pretpostavljeni izgled objekta preko virtualne 3D rekonstrukcije. S obzirom da konzerviranje amfiteatra nije dovr\u0161eno, izra\u0111ena je i njegova 3D rekonstrukcija, sa svim povijesnim fazama gradnje koje su zabilje\u017eene fotogrametrijskim snimanjem i snimanjem 3D skenerom.<\/p>\n<p>Krajem 2018. godine NP \u201eKrka\u201c sudjelovala je u projektu AdriaRom (\u201eRazumijevanje rimskih granica: primjer isto\u010dnog Jadrana\u201c) Odsjeka za arheologiju Sveu\u010dili\u0161ta u Zagrebu. Cilj projekta je istra\u017eivanje tzv. delmatskog limesa, odnosno istra\u017eivanje linija logora i ka\u0161tela, pri \u010demu je kori\u0161ten metodolo\u0161ki pristup temeljen na kombinaciji triju metoda: primjene nedestruktivnih arheolo\u0161kih istra\u017eivanja, ciljanih arheolo\u0161kih iskopavanja i analize arheolo\u0161kih nalaza. U provedbi projekta AdriaRom kori\u0161tena je nedestruktivna metoda laserskog skeniranja iz zraka \u2013 LIDAR (<em>Light Detection and Ranging<\/em>). LIDAR je jedna od naju\u010dinkovitijih nedestruktivnih metoda istra\u017eivanja u arheologiji, koja omogu\u0107uje snimanje temelja zidova pod zemljom koji nisu uo\u010dljivi na povr\u0161ini i izradu 3D modela struktura.<\/p>\n<p>Jedan od ciljeva istra\u017eivanja Burnuma je dobivanje arheolo\u0161kih zona koje bi se koristile u svrhu razvoja turizma i u gornjem porje\u010dju Krke. Bogata materijalna ba\u0161tina Pokr\u010dja \u2013 pretpovijesna, anti\u010dka i srednjovjekovna \u2013 i prirodne ljepote kanjona, odnosno gornjeg toka Krke, temelj su za stvaranje strate\u0161kog plana kojim bi se atraktivnim u\u010dinio i sjeverni dio NP \u201eKrka\u201c, \u010dime bi se rasteretili donji tok i u\u0161\u0107e Krke.<\/p>\n<div class=\"fotorama rounded-lg  shadow lblue-bg mt-5   \" data-width=\"100%\" data-ratio=\"16\/10\"  data-nav=\"thumbs\" data-autoplay=\"true\" data-arrows=\"true\" data-transition=\"crossfade\"><img decoding=\"async\" src=\"https:\/\/npkrka.hr\/wp-content\/uploads\/amfiteatar-lasersko-skeniranje-2.jpg\" width=\"100%\" \/><img decoding=\"async\" src=\"https:\/\/npkrka.hr\/wp-content\/uploads\/amfiteatar-lasersko-skeniranje-1.jpg\" width=\"100%\" \/><img decoding=\"async\" src=\"https:\/\/npkrka.hr\/wp-content\/uploads\/arheoloska-istrazivanja-2.jpg\" width=\"100%\" \/><img decoding=\"async\" src=\"https:\/\/npkrka.hr\/wp-content\/uploads\/arheoloska-istrazivanja-4.jpg\" width=\"100%\" \/><img decoding=\"async\" src=\"https:\/\/npkrka.hr\/wp-content\/uploads\/arheoloska-istrazivanja-3.jpg\" width=\"100%\" \/><img decoding=\"async\" src=\"https:\/\/npkrka.hr\/wp-content\/uploads\/arheoloska-istrazivanja-1.jpg\" width=\"100%\" \/><img decoding=\"async\" src=\"https:\/\/npkrka.hr\/wp-content\/uploads\/arheoloska-istrazivanja-5.jpg\" width=\"100%\" \/><img decoding=\"async\" src=\"https:\/\/npkrka.hr\/wp-content\/uploads\/arheoloska-istrazivanja-6.jpg\" width=\"100%\" \/><img decoding=\"async\" src=\"https:\/\/npkrka.hr\/wp-content\/uploads\/arheoloska-istrazivanja-7.jpg\" width=\"100%\" \/><img decoding=\"async\" src=\"https:\/\/npkrka.hr\/wp-content\/uploads\/rekonstrukcija-amfiteatar-1.jpg\" width=\"100%\" \/><img decoding=\"async\" src=\"https:\/\/npkrka.hr\/wp-content\/uploads\/rekonstrukcija-amfiteatar-1.png\" width=\"100%\" \/><img decoding=\"async\" src=\"https:\/\/npkrka.hr\/wp-content\/uploads\/rekonstrukcija-amfiteatar-2.jpg\" width=\"100%\" \/><img decoding=\"async\" src=\"https:\/\/npkrka.hr\/wp-content\/uploads\/rekonstrukcija-amfiteatar-2.png\" width=\"100%\" \/><img decoding=\"async\" src=\"https:\/\/npkrka.hr\/wp-content\/uploads\/rekonstrukcija-amfiteatar-3.jpg\" width=\"100%\" \/><\/div><p>&nbsp;<\/p>\n<p>\u00a0<\/p>\n","protected":false},"excerpt":{"rendered":"<p>Istra\u017eivanja prostora rimskog vojnog logora traju kontinuirano ve\u0107 dva desetlje\u0107a, a fokus je stavljen na iskopavanje prostora amfiteatra i vojnog vje\u017ebali\u0161ta Nova istra\u017eivanja u Burnumu po\u010dela su u jesen 2003. godine na inicijati&#8230;<\/p>\n","protected":false},"author":2,"featured_media":7627,"parent":5958,"menu_order":22,"comment_status":"closed","ping_status":"closed","template":"","meta":{"footnotes":""},"class_list":["post-7623","page","type-page","status-publish","has-post-thumbnail","hentry"],"_links":{"self":[{"href":"https:\/\/npkrka.hr\/hr\/wp-json\/wp\/v2\/pages\/7623","targetHints":{"allow":["GET"]}}],"collection":[{"href":"https:\/\/npkrka.hr\/hr\/wp-json\/wp\/v2\/pages"}],"about":[{"href":"https:\/\/npkrka.hr\/hr\/wp-json\/wp\/v2\/types\/page"}],"author":[{"embeddable":true,"href":"https:\/\/npkrka.hr\/hr\/wp-json\/wp\/v2\/users\/2"}],"replies":[{"embeddable":true,"href":"https:\/\/npkrka.hr\/hr\/wp-json\/wp\/v2\/comments?post=7623"}],"version-history":[{"count":0,"href":"https:\/\/npkrka.hr\/hr\/wp-json\/wp\/v2\/pages\/7623\/revisions"}],"up":[{"embeddable":true,"href":"https:\/\/npkrka.hr\/hr\/wp-json\/wp\/v2\/pages\/5958"}],"wp:featuredmedia":[{"embeddable":true,"href":"https:\/\/npkrka.hr\/hr\/wp-json\/wp\/v2\/media\/7627"}],"wp:attachment":[{"href":"https:\/\/npkrka.hr\/hr\/wp-json\/wp\/v2\/media?parent=7623"}],"curies":[{"name":"wp","href":"https:\/\/api.w.org\/{rel}","templated":true}]}}