{"id":7529,"date":"2023-04-20T10:03:10","date_gmt":"2023-04-20T08:03:10","guid":{"rendered":"https:\/\/www.npkrka.hr\/?page_id=7529"},"modified":"2023-04-20T10:19:52","modified_gmt":"2023-04-20T08:19:52","slug":"restoration-of-objects-from-the-burnum-locality","status":"publish","type":"page","link":"https:\/\/npkrka.hr\/hr\/kulturna-bastina\/arheologija\/ciklus-burnum\/restoration-of-objects-from-the-burnum-locality\/","title":{"rendered":"Restauracija predmeta s lokaliteta Burnum"},"content":{"rendered":"<p><strong>Arheolozi Nacionalnog parka \u201eKrka\u201c posljednjih dvadeset godina istra\u017euju brojne lokalitete. Njihovi istra\u017eiva\u010dki napori rezultirali su pronalaskom stotina predmeta iz prapovijesnog i rimskog doba, ali i onih koji pripadaju industrijskoj i etnografskoj ba\u0161tini 20. stolje\u0107a. Svi ti predmeti dio su slagalice koja prikazuje povijest tih lokaliteta i prostora NP \u201eKrka\u201c. Tu povijesnu slagalicu mogu\u0107e je slo\u017eiti samo ako su pojedini predmeti o\u010di\u0161\u0107eni i prepoznatljivi i tako sa\u010duvani za budu\u0107nost. Upravo je to zadatak konzervatorsko-restauratorske radionice.<\/strong><\/p>\n<p>\u0160to se zapravo doga\u0111a s predmetima prona\u0111enim tijekom arheolo\u0161kih istra\u017eivanja? Stanje tih predmeta u potpunosti ovisi o njihovoj reakciji na uvjete koji vladaju u okoli\u0161u u kojem se nalaze. Pod zemljom predmet postigne svojevrsnu ravnote\u017eu s okolnim tlom, stoga se nakon iskopavanja mora prilagoditi novom, radikalno druk\u010dijem okru\u017eenju. Reakcija mo\u017ee uklju\u010divati i fizi\u010dke i kemijske promjene. Bez obzira na stanje predmeta prije iskopavanja, od trenutka kad je izva\u0111en izlo\u017een je novim uvjetima i podlo\u017ean brzom propadanju.<\/p>\n<p>Predmet iskopan iz zemlje prvo se identificira, ozna\u010di i katalogizira u ra\u010dunalnoj bazi podataka u kojoj se inventariziraju kulturnopovijesni predmeti i lokaliteti. To je po\u010detak dugotrajnog procesa kojemu je cilj zaustaviti propadanje ili ga smanjiti na najmanju mogu\u0107u mjeru. Taj proces obrade predmeta sastoji se od dokumentiranja, ispitivanja, \u010di\u0161\u0107enja, stabilizacije i konsolidacije, a zavr\u0161ni korak je spremanje za pohranu u kontroliranim uvjetima ili izlaganje u muzeju.<\/p>\n<p>Predmet se dokumentira na taj na\u010din da se upi\u0161e u bazu podataka NP \u201eKrka\u201c, pri \u010demu dobije, \u0161to je jako va\u017eno, jedinstveni identifikator \u2013 inventarni broj, nakon \u010dega se, spremljen u vre\u0107icu, pohrani u kutiju u ostavi. Tako pohranjen predmet dostupan je u svakom trenutku.<\/p>\n<p>Ispitivanje u svrhu boljeg razumijevanja predmeta provodi se vizualno kori\u0161tenjem mikroskopa, ali i ure\u0111aja za rendgensko snimanje ili ru\u010dnog rendgenskog fluorescentnog (XRF) analizatora.<\/p>\n<p>Neki predmeti koje treba konzervirati prekriveni su tolikom slojem zemlje ili korozije da ih se ne mo\u017ee odmah identificirati. Pomo\u0107u radiografskih snimaka mogu se prepoznati njihove konture i utvrditi je li i koliko je, primjerice \u017eeljezni, predmet nagrizen korozijom i treba li s njim posebno pa\u017eljivo postupati. Mogu\u0107e je vidjeti intarzije od drugih metala, primjerice od bronce ili srebra, ako predmet ima pukotine koje je potrebno sanirati prije po\u010detka obrade ili druge detalje koji zahtijevaju posebne mjere.<\/p>\n<p>\u010ci\u0161\u0107enje, kao naj\u010de\u0161\u0107i zahvat na predmetu, mo\u017ee biti mehani\u010dko, kemijsko, elektrokemijsko ili ultrazvu\u010dno. Svi ti na\u010dini \u010di\u0161\u0107enja usmjereni su na uklanjanje ne\u010disto\u0107e i slojeva korozije. Arheolo\u0161ki predmeti \u010diste se isklju\u010divo mehani\u010dkim putem, do sloja patine nastalog nakon napu\u0161tanja predmeta (tzv. izvorne povr\u0161ine). \u010ciste se skalpelom, rotacijskim alatom, mikropjeskarenjem ili ultrazvu\u010dnim dlijetom.<\/p>\n<p>Stabilizacija za cilj ima usporavanje propadanja predmeta. Kod arheolo\u0161kih predmeta naj\u010de\u0161\u0107e se radi o temeljitom uklanjanju klorida ispiranjem u destiliranoj vodi uz dodatak odgovaraju\u0107ih kemikalija. Na kraju se koriste inhibitori, usporiva\u010di korozije i za\u0161titni premazi od lakova i mikrokristalnog voska da bi se predmet dodatno za\u0161titio.<\/p>\n<p>Strukturalna konsolidacija usmjerena je na ja\u010danje fizi\u010dke strukture predmeta i spajanje polomljenih dijelova da bi se pribli\u017eili izvornom obliku. Naj\u010de\u0161\u0107e se izvodi raznim reverzibilnim (da se mogu ukloniti i da ne \u0161tete objektu) dvokomponentnim ljepilima.<\/p>\n<p>Najjednostavniji i najjeftiniji na\u010din \u010duvanja predmeta ili zbirke jest sprje\u010davanje njegova propadanja. Nema smisla tro\u0161iti vrijeme i resurse na obnovu predmeta ako \u0107e se vratiti u uvjete koji dovode do propadanja. Specijalnost unutar podru\u010dja konzervacije i restauracije koja se bavi usporavanjem ili sprje\u010davanjem propadanja naziva se preventivna konzervacija. Cilj preventivne konzervacije je identificiranje uvjeta koji su potencijalno pogubni za predmete kulturne ba\u0161tine i svo\u0111enje tih uvjeta na minimum nadziranjem okoli\u0161a u kojem se predmeti nalaze. Okoli\u0161ni \u010dinioci koji doprinose propadanju predmeta, kao \u0161to su svjetlo, temperatura, relativna vla\u017enost, one\u010di\u0161\u0107enje i biolo\u0161ke \u0161teto\u010dine, moraju se redovito kontrolirati.<\/p>\n<p>U restauratorskoj radionici JU \u201eNP Krka\u201c velika se pozornost pridaje i preventivnoj za\u0161titi. Tako je uvo\u0111enje RP sustava (Revolutionary Preservation System) omogu\u0107ilo pakiranje predmeta u posebne vre\u0107ice koje sprje\u010davaju prodor kisika i vlage.<\/p>\n<p>Restauratori sudjeluju i u kreiranju muzejskog postava, poma\u017eu\u0107i kustosu u pronala\u017eenju odgovaraju\u0107eg i sigurnog na\u010dina izlaganja predmeta. Naprimjer, za posebno vrijedan i osjetljiv predmet kao \u0161to je rimska kaciga tipa Wiesenau izra\u0111ena je vitrina sa staklenim zvonom ispunjena inertnim plinom du\u0161ikom. Osim ure\u0111aja za kontrolu vla\u017enosti, u prostoru arheolo\u0161ke zbirke nalaze se i ure\u0111aji za videonadzor i alarmni ure\u0111aji.<\/p>\n<div class=\"fotorama rounded-lg  shadow lblue-bg mt-5   \" data-width=\"100%\" data-ratio=\"16\/10\"  data-nav=\"thumbs\" data-autoplay=\"true\" data-arrows=\"true\" data-transition=\"crossfade\"><img decoding=\"async\" src=\"https:\/\/npkrka.hr\/wp-content\/uploads\/restauracija-1.jpg\" width=\"100%\" \/><img decoding=\"async\" src=\"https:\/\/npkrka.hr\/wp-content\/uploads\/restauracija-2.jpg\" width=\"100%\" \/><img decoding=\"async\" src=\"https:\/\/npkrka.hr\/wp-content\/uploads\/restauracija-3.jpg\" width=\"100%\" \/><img decoding=\"async\" src=\"https:\/\/npkrka.hr\/wp-content\/uploads\/restauracija-4.jpg\" width=\"100%\" \/><img decoding=\"async\" src=\"https:\/\/npkrka.hr\/wp-content\/uploads\/restauracija-5.jpg\" width=\"100%\" \/><img decoding=\"async\" src=\"https:\/\/npkrka.hr\/wp-content\/uploads\/restauracija-6.jpg\" width=\"100%\" \/><img decoding=\"async\" src=\"https:\/\/npkrka.hr\/wp-content\/uploads\/restauracija-7.jpg\" width=\"100%\" \/><img decoding=\"async\" src=\"https:\/\/npkrka.hr\/wp-content\/uploads\/restauracija-8.jpg\" width=\"100%\" \/><img decoding=\"async\" src=\"https:\/\/npkrka.hr\/wp-content\/uploads\/restauracija-9.jpg\" width=\"100%\" \/><img decoding=\"async\" src=\"https:\/\/npkrka.hr\/wp-content\/uploads\/restauracija-10.jpg\" width=\"100%\" \/><img decoding=\"async\" src=\"https:\/\/npkrka.hr\/wp-content\/uploads\/restauracija-11.jpg\" width=\"100%\" \/><img decoding=\"async\" src=\"https:\/\/npkrka.hr\/wp-content\/uploads\/restauracija-12.jpg\" width=\"100%\" \/><img decoding=\"async\" src=\"https:\/\/npkrka.hr\/wp-content\/uploads\/restauracija-13.jpg\" width=\"100%\" \/><img decoding=\"async\" src=\"https:\/\/npkrka.hr\/wp-content\/uploads\/restauracija-14.jpg\" width=\"100%\" \/><\/div><p>&nbsp;<\/p>\n","protected":false},"excerpt":{"rendered":"<p>\u00a0Arheolozi Nacionalnog parka \u201cKrka\u201c posljednjih dvadeset godina istra\u017euju brojne lokalitete. Njihovi istra\u017eiva\u010dki napori rezultirali su pronalaskom stotina predmeta iz prapovijesnog i rimskog doba, ali i onih koji pripadaju industrijskoj i&#8230;<\/p>\n","protected":false},"author":2,"featured_media":7542,"parent":5958,"menu_order":21,"comment_status":"closed","ping_status":"closed","template":"","meta":{"footnotes":""},"class_list":["post-7529","page","type-page","status-publish","has-post-thumbnail","hentry"],"_links":{"self":[{"href":"https:\/\/npkrka.hr\/hr\/wp-json\/wp\/v2\/pages\/7529","targetHints":{"allow":["GET"]}}],"collection":[{"href":"https:\/\/npkrka.hr\/hr\/wp-json\/wp\/v2\/pages"}],"about":[{"href":"https:\/\/npkrka.hr\/hr\/wp-json\/wp\/v2\/types\/page"}],"author":[{"embeddable":true,"href":"https:\/\/npkrka.hr\/hr\/wp-json\/wp\/v2\/users\/2"}],"replies":[{"embeddable":true,"href":"https:\/\/npkrka.hr\/hr\/wp-json\/wp\/v2\/comments?post=7529"}],"version-history":[{"count":0,"href":"https:\/\/npkrka.hr\/hr\/wp-json\/wp\/v2\/pages\/7529\/revisions"}],"up":[{"embeddable":true,"href":"https:\/\/npkrka.hr\/hr\/wp-json\/wp\/v2\/pages\/5958"}],"wp:featuredmedia":[{"embeddable":true,"href":"https:\/\/npkrka.hr\/hr\/wp-json\/wp\/v2\/media\/7542"}],"wp:attachment":[{"href":"https:\/\/npkrka.hr\/hr\/wp-json\/wp\/v2\/media?parent=7529"}],"curies":[{"name":"wp","href":"https:\/\/api.w.org\/{rel}","templated":true}]}}