{"id":7448,"date":"2023-04-21T07:10:20","date_gmt":"2023-04-21T05:10:20","guid":{"rendered":"https:\/\/www.npkrka.hr\/?page_id=7448"},"modified":"2024-07-05T09:45:01","modified_gmt":"2024-07-05T07:45:01","slug":"krka-ocima-djelatnika-virtualna-izlozba-u-povodu-dana-planeta-zemlje","status":"publish","type":"page","link":"https:\/\/npkrka.hr\/hr\/multimedia\/exibits\/krka-ocima-djelatnika-virtualna-izlozba-u-povodu-dana-planeta-zemlje\/","title":{"rendered":"Krka o\u010dima djelatnika"},"content":{"rendered":"<p>Virtualna fotoizlo\u017eba \u201eKrka o\u010dima djelatnika\u201c je promotivna kampanja koju zaposlenici Nacionalnog parka \u201eKrka\u201c prire\u0111uju u povodu me\u0111unarodnog Dana planeta Zemlje.<\/p>\n<p>Krka je izvor nepresu\u0161ne inspiracije brojnim svjetskim putnicima i zaljubljenicima u prirodu, ali i lokalnim stanovnicima i zaposlenicima JU \u201eNacionalni park Krka\u201c. Upravo stoga \u0161to Krku promatraju svakodnevno, zaposlenici JU \u201eNP Krka\u201c sudjelovali su u promotivnoj akciji kako bi pokazali rasko\u0161ne detalje Krke koji ve\u0107ini posjetitelja ipak ostanu skriveni.<\/p>\n<p>Fotografije biljnog i \u017eivotinjskog svijeta, o\u010daravaju\u0107ih slapova i vrijedne kulturnopovijesne ba\u0161tine, kojom se Nacionalni park \u201eKrka\u201c posebno ponosi, pogledajte u virtualnoj fotogaleriji.<\/p>\n<p>\u00a0<\/p>\n<div class=\"fotorama rounded-lg  shadow lblue-bg mt-5   \" data-width=\"100%\" data-ratio=\"16\/10\"  data-nav=\"thumbs\" data-autoplay=\"true\" data-arrows=\"true\" data-transition=\"crossfade\"><img decoding=\"async\" src=\"https:\/\/npkrka.hr\/wp-content\/uploads\/Krka-ocima-djelatnika-1.jpg\" width=\"100%\" \/><img decoding=\"async\" src=\"https:\/\/npkrka.hr\/wp-content\/uploads\/Krka-ocima-djelatnika-2-1.jpg\" width=\"100%\" \/><img decoding=\"async\" src=\"https:\/\/npkrka.hr\/wp-content\/uploads\/Krka-ocima-djelatnika-3-1.jpg\" width=\"100%\" \/><img decoding=\"async\" src=\"https:\/\/npkrka.hr\/wp-content\/uploads\/Krka-ocima-djelatnika-4-1.jpg\" width=\"100%\" \/><img decoding=\"async\" src=\"https:\/\/npkrka.hr\/wp-content\/uploads\/Krka-ocima-djelatnika-5.jpg\" width=\"100%\" \/><img decoding=\"async\" src=\"https:\/\/npkrka.hr\/wp-content\/uploads\/Krka-ocima-djelatnika-6-1.jpg\" width=\"100%\" \/><img decoding=\"async\" src=\"https:\/\/npkrka.hr\/wp-content\/uploads\/Krka-ocima-djelatnika-7-1.jpg\" width=\"100%\" \/><img decoding=\"async\" src=\"https:\/\/npkrka.hr\/wp-content\/uploads\/Krka-ocima-djelatnika-8-1.jpg\" width=\"100%\" \/><img decoding=\"async\" src=\"https:\/\/npkrka.hr\/wp-content\/uploads\/Krka-ocima-djelatnika-9-1.jpg\" width=\"100%\" \/><img decoding=\"async\" src=\"https:\/\/npkrka.hr\/wp-content\/uploads\/Krka-ocima-djelatnika-10-1.jpg\" width=\"100%\" \/><img decoding=\"async\" src=\"https:\/\/npkrka.hr\/wp-content\/uploads\/Krka-ocima-djelatnika-11-1.jpg\" width=\"100%\" \/><img decoding=\"async\" src=\"https:\/\/npkrka.hr\/wp-content\/uploads\/Krka-ocima-djelatnika-12-1.jpg\" width=\"100%\" \/><img decoding=\"async\" src=\"https:\/\/npkrka.hr\/wp-content\/uploads\/Krka-ocima-djelatnika-13-1.jpg\" width=\"100%\" \/><img decoding=\"async\" src=\"https:\/\/npkrka.hr\/wp-content\/uploads\/Krka-ocima-djelatnika-14-1.jpg\" width=\"100%\" \/><img decoding=\"async\" src=\"https:\/\/npkrka.hr\/wp-content\/uploads\/Krka-ocima-djelatnika-15-1.jpg\" width=\"100%\" \/><img decoding=\"async\" src=\"https:\/\/npkrka.hr\/wp-content\/uploads\/Krka-ocima-djelatnika-16-1.jpg\" width=\"100%\" \/><img decoding=\"async\" src=\"https:\/\/npkrka.hr\/wp-content\/uploads\/Krka-ocima-djelatnika-17-1.jpg\" width=\"100%\" \/><img decoding=\"async\" src=\"https:\/\/npkrka.hr\/wp-content\/uploads\/Krka-ocima-djelatnika-18-1.jpg\" width=\"100%\" \/><img decoding=\"async\" src=\"https:\/\/npkrka.hr\/wp-content\/uploads\/Krka-ocima-djelatnika-19-1.jpg\" width=\"100%\" \/><img decoding=\"async\" src=\"https:\/\/npkrka.hr\/wp-content\/uploads\/Krka-ocima-djelatnika-20-1.jpg\" width=\"100%\" \/><img decoding=\"async\" src=\"https:\/\/npkrka.hr\/wp-content\/uploads\/Krka-ocima-djelatnika-21-1.jpg\" width=\"100%\" \/><img decoding=\"async\" src=\"https:\/\/npkrka.hr\/wp-content\/uploads\/Krka-ocima-djelatnika-22-1.jpg\" width=\"100%\" \/><img decoding=\"async\" src=\"https:\/\/npkrka.hr\/wp-content\/uploads\/Krka-ocima-djelatnika-23-1.jpg\" width=\"100%\" \/><img decoding=\"async\" src=\"https:\/\/npkrka.hr\/wp-content\/uploads\/Krka-ocima-djelatnika-24-1.jpg\" width=\"100%\" \/><img decoding=\"async\" src=\"https:\/\/npkrka.hr\/wp-content\/uploads\/Krka-ocima-djelatnika-25-1.jpg\" width=\"100%\" \/><img decoding=\"async\" src=\"https:\/\/npkrka.hr\/wp-content\/uploads\/Krka-ocima-djelatnika-26-1.jpg\" width=\"100%\" \/><img decoding=\"async\" src=\"https:\/\/npkrka.hr\/wp-content\/uploads\/Krka-ocima-djelatnika-27-1.jpg\" width=\"100%\" \/><img decoding=\"async\" src=\"https:\/\/npkrka.hr\/wp-content\/uploads\/Krka-ocima-djelatnika-28-1.jpg\" width=\"100%\" \/><img decoding=\"async\" src=\"https:\/\/npkrka.hr\/wp-content\/uploads\/Krka-ocima-djelatnika-29-1.jpg\" width=\"100%\" \/><img decoding=\"async\" src=\"https:\/\/npkrka.hr\/wp-content\/uploads\/Krka-ocima-djelatnika-30-1.jpg\" width=\"100%\" \/><img decoding=\"async\" src=\"https:\/\/npkrka.hr\/wp-content\/uploads\/Krka-ocima-djelatnika-31-1.jpg\" width=\"100%\" \/><img decoding=\"async\" src=\"https:\/\/npkrka.hr\/wp-content\/uploads\/Krka-ocima-djelatnika-32-1.jpg\" width=\"100%\" \/><img decoding=\"async\" src=\"https:\/\/npkrka.hr\/wp-content\/uploads\/Krka-ocima-djelatnika-33-1.jpg\" width=\"100%\" \/><img decoding=\"async\" src=\"https:\/\/npkrka.hr\/wp-content\/uploads\/Krka-ocima-djelatnika-34-1.jpg\" width=\"100%\" \/><img decoding=\"async\" src=\"https:\/\/npkrka.hr\/wp-content\/uploads\/Krka-ocima-djelatnika-35-1.jpg\" width=\"100%\" \/><img decoding=\"async\" src=\"https:\/\/npkrka.hr\/wp-content\/uploads\/Krka-ocima-djelatnika-36-1.jpg\" width=\"100%\" \/><img decoding=\"async\" src=\"https:\/\/npkrka.hr\/wp-content\/uploads\/Krka-ocima-djelatnika-37-1.jpg\" width=\"100%\" \/><img decoding=\"async\" src=\"https:\/\/npkrka.hr\/wp-content\/uploads\/Krka-ocima-djelatnika-38-1.jpg\" width=\"100%\" \/><img decoding=\"async\" src=\"https:\/\/npkrka.hr\/wp-content\/uploads\/Krka-ocima-djelatnika-39-1.jpg\" width=\"100%\" \/><img decoding=\"async\" src=\"https:\/\/npkrka.hr\/wp-content\/uploads\/Krka-ocima-djelatnika-40-1.jpg\" width=\"100%\" \/><img decoding=\"async\" src=\"https:\/\/npkrka.hr\/wp-content\/uploads\/Krka-ocima-djelatnika-41.jpg\" width=\"100%\" \/><img decoding=\"async\" src=\"https:\/\/npkrka.hr\/wp-content\/uploads\/Krka-ocima-djelatnika-42.jpg\" width=\"100%\" \/><img decoding=\"async\" src=\"https:\/\/npkrka.hr\/wp-content\/uploads\/Krka-ocima-djelatnika-43.jpg\" width=\"100%\" \/><img decoding=\"async\" src=\"https:\/\/npkrka.hr\/wp-content\/uploads\/Krka-ocima-djelatnika-44.jpg\" width=\"100%\" \/><img decoding=\"async\" src=\"https:\/\/npkrka.hr\/wp-content\/uploads\/Krka-ocima-djelatnika-45.jpg\" width=\"100%\" \/><img decoding=\"async\" src=\"https:\/\/npkrka.hr\/wp-content\/uploads\/Krka-ocima-djelatnika-46.jpg\" width=\"100%\" \/><\/div><p>&nbsp;<\/p>\n","protected":false},"excerpt":{"rendered":"<p>[gallery columns=&#8221;9&#8243; ids=&#8221;7449,7450,7451,7452,7453,7454,7455,7456,7457,7458,7459,7460,7461,7462,7463,7464,7465,7466,7467,7468,7469,7470,7471,7472,7473,7474,7475,7476,7477,7478,7479,7480,7481,7482,7483,7484,7485,7486,7487,7488,7489,7490,7491,7492,7493&#8230;<\/p>\n","protected":false},"author":2,"featured_media":7489,"parent":4524,"menu_order":3,"comment_status":"closed","ping_status":"closed","template":"","meta":{"footnotes":""},"class_list":["post-7448","page","type-page","status-publish","has-post-thumbnail","hentry"],"_links":{"self":[{"href":"https:\/\/npkrka.hr\/hr\/wp-json\/wp\/v2\/pages\/7448","targetHints":{"allow":["GET"]}}],"collection":[{"href":"https:\/\/npkrka.hr\/hr\/wp-json\/wp\/v2\/pages"}],"about":[{"href":"https:\/\/npkrka.hr\/hr\/wp-json\/wp\/v2\/types\/page"}],"author":[{"embeddable":true,"href":"https:\/\/npkrka.hr\/hr\/wp-json\/wp\/v2\/users\/2"}],"replies":[{"embeddable":true,"href":"https:\/\/npkrka.hr\/hr\/wp-json\/wp\/v2\/comments?post=7448"}],"version-history":[{"count":0,"href":"https:\/\/npkrka.hr\/hr\/wp-json\/wp\/v2\/pages\/7448\/revisions"}],"up":[{"embeddable":true,"href":"https:\/\/npkrka.hr\/hr\/wp-json\/wp\/v2\/pages\/4524"}],"wp:featuredmedia":[{"embeddable":true,"href":"https:\/\/npkrka.hr\/hr\/wp-json\/wp\/v2\/media\/7489"}],"wp:attachment":[{"href":"https:\/\/npkrka.hr\/hr\/wp-json\/wp\/v2\/media?parent=7448"}],"curies":[{"name":"wp","href":"https:\/\/api.w.org\/{rel}","templated":true}]}}