{"id":7167,"date":"2023-03-31T07:16:34","date_gmt":"2023-03-31T05:16:34","guid":{"rendered":"https:\/\/www.npkrka.hr\/?page_id=7167"},"modified":"2023-03-31T07:16:34","modified_gmt":"2023-03-31T05:16:34","slug":"rimski-toaletno-kozmeticki-pribor-iz-burnuma","status":"publish","type":"page","link":"https:\/\/npkrka.hr\/hr\/kulturna-bastina\/arheologija\/ciklus-burnum\/rimski-toaletno-kozmeticki-pribor-iz-burnuma\/","title":{"rendered":"Rimski toaletno-kozmeti\u010dki pribor iz Burnuma"},"content":{"rendered":"<p><strong>Rimljani su pridavali osobitu pa\u017enju osobnoj higijeni, njezi i ukra\u0161avanju tijela<\/strong><\/p>\n<p>Kozmeti\u010dki pribor, tj. predmeti za osobnu higijenu, izra\u0111ivan je naj\u010de\u0161\u0107e od kosti, koja je bila lako dostupna. Na lokalitetu Burnum prona\u0111eni su predmeti koji pripadaju toaletno-kozmeti\u010dkom priboru, poput \u010de\u0161ljeva, balzamarija, strigila, spatula, ogledala, kozmeti\u010dkih kutijica itd.<\/p>\n<p>U kozmeti\u010dkom setu moderne \u017eene mogu se prona\u0107i predmeti i preparati iste namjene kao i kod \u017eena anti\u010dkog vremena. Poznato je da su \u017eene koristile kreme, sjenila, masti, ulja, \u0161minku (boje za iscrtavanje obrva i o\u010diju i rumenila za obraze), pa \u010dak i preparate za sprje\u010davanje nastanka bora i prekrivanje o\u017eiljaka. Za pranje su rabljeni sapuni raznih sastava, za kosu teku\u0107ina na bazi natrijeve lu\u017eine, a katkad i vrlo fina glina u prahu. Sa\u010duvani su i recepti za pripravljanje praha za\u00a0\u010di\u0161\u0107enje zubi od usitnjenog kamena plovu\u0107ca i mastike. \u0160minku i parfeme koristili su i mu\u0161karci, ali ipak ostaje nepoznanica u kolikoj mjeri su koristili kozmeti\u010dke proizvode. Svetonije, kada npr. govori o carevima koji vole tzv. \u201e\u017eenske\u201c proizvode, zapravo \u017eeli dokazati da nisu bili sposobni vladati, stoga se mo\u017ee pretpostaviti da su mu\u0161karci u puno manjoj mjeri bili konzumenti kozmeti\u010dkih preparata u odnosu na \u017eene.<\/p>\n<p>\u017dene iz visokih dru\u0161tvenih krugova te\u017eile su za \u0161to svjetlijom puti, \u0161to su postizale kori\u0161tenjem krema koje su sadr\u017eavale olovo ili nano\u0161enjem posebne vrste gline (<em>melinum<\/em>). Razli\u010dite kozmeti\u010dke ili medicinske pripravke Rimljani bi nanosili toaletnim priborom, me\u0111u kojima mo\u017eemo izdvojiti \u0161patule. Jedan kraj \u0161patula bio je za\u0161iljen, a drugi je mogao biti oblikovan manjim dubokim urezom (<em>cyathiscomela<\/em>), a postojale su i one s ve\u0107im pro\u0161irenjem nalik na lopaticu (<em>spathomela<\/em>). Koristile su se i u svakodnevnom \u017eivotu za odr\u017eavanje osobne higijene (\u010di\u0161\u0107enje u\u0161iju, uklanjanje ko\u017eice na prstima) i za nano\u0161enje mirisnih esencija iz bo\u010dica za mirise i kozmeti\u010dkih kutijica (<em>narthecia<\/em>). Sa za\u0161iljenim krajem kozmeti\u010dkih lopatica mogle su se ocrtavati o\u010di, obrve, usne, pa \u010dak i razmazivati mirisi po kosi. Izra\u0111ivane su od bronce i, rje\u0111e, od kosti.<\/p>\n<p>Prvi \u010de\u0161ljevi (<em>pecten<\/em>) javljaju se ve\u0107 od po\u010detka neolitskog razdoblja. Naj\u010de\u0161\u0107e kori\u0161ten materijal za njihovu izradu bilo je drvo (\u0161im\u0161ir, tisa, cedar), ali su \u010desto kori\u0161teni i kost, rog i bjelokost, ponekad zlato i srebro. \u010ce\u0161ljevi su mogli slu\u017eiti za ra\u0161\u010de\u0161ljavanje kose, \u0161i\u0161anje i uklanjanje ne\u010disto\u0107a iz kose, ali i za izradu frizura ili kao ukras na kosi. Za oblikovanje kose kori\u0161tene su i ukosnice, tj. igle-ukosnice (<em>acus crinale<\/em>). Poznato je da su Rimljanke nosile dugu kosu, koju su uvijek oblikovale u neki tip frizure.<\/p>\n<p>U anti\u010dko vrijeme kozmeti\u010dke kutijice (<em>narthecium<\/em>) \u010dinile su dio \u017eenske toalete, <em>mundus muliebris<\/em>. Izra\u0111ivane su od razli\u010ditih materijala: drva, kamena (alabastera, mramora), stakla, metala, kosti, bjelokosti. Bile su manjih dimenzija i otprilike jednako \u0161iroke cijelom visinom, zbog cjevaste kosti od koje su izra\u0111ivane. U svakodnevnom \u017eivotu koristile su se za razli\u010dite svrhe, kozmeti\u010dke i medicinske. U mnogim kozmeti\u010dkim kutijicama prona\u0111eni su <em>in situ<\/em> tragovi kozmeti\u010dkih boja, masti, mirisnih ulja i ljekovitih supstanci. U anti\u010dkom vremenu takve ko\u0161tane kutijice \u010desto su darivane mladenki kao vjen\u010dani dar.<\/p>\n<p>Sastavni dio svakog kozmeti\u010dkog seta bili su i balzamariji, male staklene ili kerami\u010dke bo\u010dice koje su slu\u017eile za pohranu razli\u010ditih mirisnih ulja, ljekovitih supstanci, esencija, masti, balzama, pigmenata, tamjana (<em>balsamum<\/em>, <em>unguenta<\/em>). Balzamariji su imali izdu\u017eeni uski vrat, koji je bo\u010dici davao najprikladniji oblik za \u010duvanje navedenih supstanci jer su zbog njega sporije hlapile. Uglavnom su bili zatvoreni \u010depovima napravljenim od organskog materijala, koji se zbog toga nisu sa\u010duvali.<\/p>\n<p>Iz Burnuma potje\u010de i nekoliko ulomaka ogledala. Rimska ogledala izra\u0111ivana su gla\u010danjem metalne povr\u0161ine, na koju je potom nano\u0161ena legura od olova, kositra i antimona. Nakon nanosa cakline dodatno bi se gla\u010dala prahom od sipine kosti ili pak kamena plovu\u0107ca. Osim metalnih ogledala, postojala su i staklena, koja se po\u010dinju izra\u0111ivati u 1. st. nakon Krista u anti\u010dkom Sidonu (Libanon).<\/p>\n<p>Higijena je preduvjet dobra zdravlja, a toga su bili svjesni i Rimljani. Kupanje i svakodnevno \u010di\u0161\u0107enje bili su sastavni dio njihova \u017eivota, tako da su osim privatnih postojala i brojna javna kupali\u0161ta. U pribor za kupanje spadaju balzamariji, spu\u017eve, sapuni, tkanine i strigil, odnosno struga\u010d. Rije\u010d je o bron\u010danom ili \u017eeljeznom predmetu, rje\u0111e od srebra, koji se sastojao od ravnog dr\u0161ka i zaobljena tijela. Struga\u010di su slu\u017eili za odstranjivanje vi\u0161ka masno\u0107e s ko\u017ee nakon nanosa mirisnih ulja i masti. \u017dene su ih \u010desto rabile i za odstranjivanje voska nakon depilacije. Osim voska, za odstranjivanje dlaka \u017eene su koristile i pincete, koje do danas nisu promijenile izgled.<\/p>\n<div class=\"fotorama rounded-lg  shadow lblue-bg mt-5   \" data-width=\"100%\" data-ratio=\"16\/10\"  data-nav=\"thumbs\" data-autoplay=\"true\" data-arrows=\"true\" data-transition=\"crossfade\"><img decoding=\"async\" src=\"https:\/\/npkrka.hr\/wp-content\/uploads\/Rimski-toaletno-kozmeticki-pribor-1.jpg\" width=\"100%\" \/><img decoding=\"async\" src=\"https:\/\/npkrka.hr\/wp-content\/uploads\/Rimski-toaletno-kozmeticki-pribor-2.jpg\" width=\"100%\" \/><img decoding=\"async\" src=\"https:\/\/npkrka.hr\/wp-content\/uploads\/Rimski-toaletno-kozmeticki-pribor-3.jpg\" width=\"100%\" \/><img decoding=\"async\" src=\"https:\/\/npkrka.hr\/wp-content\/uploads\/Rimski-toaletno-kozmeticki-pribor-4.jpg\" width=\"100%\" \/><img decoding=\"async\" src=\"https:\/\/npkrka.hr\/wp-content\/uploads\/Rimski-toaletno-kozmeticki-pribor-5.jpg\" width=\"100%\" \/><img decoding=\"async\" src=\"https:\/\/npkrka.hr\/wp-content\/uploads\/Rimski-toaletno-kozmeticki-pribor-6.jpg\" width=\"100%\" \/><img decoding=\"async\" src=\"https:\/\/npkrka.hr\/wp-content\/uploads\/Rimski-toaletno-kozmeticki-pribor-7.jpg\" width=\"100%\" \/><img decoding=\"async\" src=\"https:\/\/npkrka.hr\/wp-content\/uploads\/Rimski-toaletno-kozmeticki-pribor-8.jpg\" width=\"100%\" \/><img decoding=\"async\" src=\"https:\/\/npkrka.hr\/wp-content\/uploads\/Rimski-toaletno-kozmeticki-pribor-9.jpg\" width=\"100%\" \/><img decoding=\"async\" src=\"https:\/\/npkrka.hr\/wp-content\/uploads\/Rimski-toaletno-kozmeticki-pribor-10.jpg\" width=\"100%\" \/><img decoding=\"async\" src=\"https:\/\/npkrka.hr\/wp-content\/uploads\/Rimski-toaletno-kozmeticki-pribor-11.jpg\" width=\"100%\" \/><img decoding=\"async\" src=\"https:\/\/npkrka.hr\/wp-content\/uploads\/Rimski-toaletno-kozmeticki-pribor-12.jpg\" width=\"100%\" \/><img decoding=\"async\" src=\"https:\/\/npkrka.hr\/wp-content\/uploads\/Rimski-toaletno-kozmeticki-pribor-13.jpg\" width=\"100%\" \/><img decoding=\"async\" src=\"https:\/\/npkrka.hr\/wp-content\/uploads\/Rimski-toaletno-kozmeticki-pribor-14.jpg\" width=\"100%\" \/><img decoding=\"async\" src=\"https:\/\/npkrka.hr\/wp-content\/uploads\/Rimski-toaletno-kozmeticki-pribor-15.jpg\" width=\"100%\" \/><img decoding=\"async\" src=\"https:\/\/npkrka.hr\/wp-content\/uploads\/Rimski-toaletno-kozmeticki-pribor-16.jpg\" width=\"100%\" \/><\/div><p>&nbsp;<\/p>\n","protected":false},"excerpt":{"rendered":"<p>Rimljani su pridavali osobitu pa\u017enju osobnoj higijeni, njezi i ukra\u0161avanju tijelaKozmeti\u010dki pribor, tj. predmeti za osobnu higijenu, izra\u0111ivan je naj\u010de\u0161\u0107e od kosti, koja je bila lako dostupna. Na lokalitetu Burnum prona\u0111eni&#8230;<\/p>\n","protected":false},"author":2,"featured_media":7175,"parent":5958,"menu_order":18,"comment_status":"closed","ping_status":"closed","template":"","meta":{"footnotes":""},"class_list":["post-7167","page","type-page","status-publish","has-post-thumbnail","hentry"],"_links":{"self":[{"href":"https:\/\/npkrka.hr\/hr\/wp-json\/wp\/v2\/pages\/7167","targetHints":{"allow":["GET"]}}],"collection":[{"href":"https:\/\/npkrka.hr\/hr\/wp-json\/wp\/v2\/pages"}],"about":[{"href":"https:\/\/npkrka.hr\/hr\/wp-json\/wp\/v2\/types\/page"}],"author":[{"embeddable":true,"href":"https:\/\/npkrka.hr\/hr\/wp-json\/wp\/v2\/users\/2"}],"replies":[{"embeddable":true,"href":"https:\/\/npkrka.hr\/hr\/wp-json\/wp\/v2\/comments?post=7167"}],"version-history":[{"count":0,"href":"https:\/\/npkrka.hr\/hr\/wp-json\/wp\/v2\/pages\/7167\/revisions"}],"up":[{"embeddable":true,"href":"https:\/\/npkrka.hr\/hr\/wp-json\/wp\/v2\/pages\/5958"}],"wp:featuredmedia":[{"embeddable":true,"href":"https:\/\/npkrka.hr\/hr\/wp-json\/wp\/v2\/media\/7175"}],"wp:attachment":[{"href":"https:\/\/npkrka.hr\/hr\/wp-json\/wp\/v2\/media?parent=7167"}],"curies":[{"name":"wp","href":"https:\/\/api.w.org\/{rel}","templated":true}]}}