{"id":6792,"date":"2023-03-03T07:08:47","date_gmt":"2023-03-03T06:08:47","guid":{"rendered":"https:\/\/www.npkrka.hr\/?page_id=6792"},"modified":"2023-03-03T07:23:08","modified_gmt":"2023-03-03T06:23:08","slug":"rimska-medicina-u-burnumu","status":"publish","type":"page","link":"https:\/\/npkrka.hr\/hr\/kulturna-bastina\/arheologija\/ciklus-burnum\/rimska-medicina-u-burnumu\/","title":{"rendered":"Rimska medicina u Burnumu"},"content":{"rendered":"<p><strong>Iz Burnuma potje\u010de ve\u0107i broj nalaza sondi, spatula i \u017eli\u010dica koje su koristile kao medicinsko-farmaceutski instrumenti, ali mogle su poslu\u017eiti i u kozmeti\u010dke svrhe<\/strong><\/p>\n<p>Razdoblje antike je vrijeme strelovitog napretka medicine. Medicinska praksa postoji i ranije, dokaz za to su jednostavni medicinski instrumenti, a poznato je da su se i u starijim civilizacijama koristile razli\u010dite biljke za pripremu lijekova. Rimska medicina naslanja se velikim dijelom na gr\u010dku medicinu, ali su Rimljani dodatno unaprijedili znanja iz podru\u010dja dijagnostike, terapije i prevencije bolesti. Medicina i farmacija bile su povezane jer je svaki lije\u010dnik, pored kirur\u0161kih znanja, morao biti vrstan poznavatelj ljekovitih svojstava razli\u010ditih biljki, kao \u0161to je morao i sam pripremati ljekovite preparate. Unato\u010d razvoju medicine kao znanosti, rimska medicina je velikim dijelom bila pro\u017eeta religijom. Stoga je odre\u0111eni broj Rimljana odabirao lije\u010denje u poznatim hramovima-lje\u010dili\u0161tima (npr. Apolonovi i Eskulapovi hramovi), ali uz hramove diljem Rimskog carstva postojale su javne bolnice (lat. <em>valetudinarium<\/em>) kao i privatni lije\u010dnici koji u lije\u010denju koriste empirijska znanja.<\/p>\n<p>Izniman doprinos razvoju medicine i kirurgije dali su upravo vojni lije\u010dnici koje je prvi Gaj Julije Cezar inkorporirao u svoje trupe. Reorganizacijom rimske vojske tj. stvaranjem profesionalne vojske, zapo\u010dinje razvoj vojne medicinske slu\u017ebe \u010dime medicinsko osoblje postaje sastavni dio svake legije ili augzilijarne trupe. Vojska je, kao izvor mo\u0107i Carstva, bila iznimno dragocjena, stoga je medicina bila od krucijalne va\u017enosti, jer su primarne zada\u0107e vojnog medicinskog osoblja bile odr\u017eavanje vojske zdravom te smanjenje gubitaka ljudskih \u017eivota nakon bitke. Posebno va\u017ena zada\u0107a lije\u010dnika u rimskim vojnim logorima bila je prevencija zaraznih bolesti koje su bile glavni uzrok oboljenja vojnika.<\/p>\n<p>O vojnom medicinskom osoblju saznajemo ponajvi\u0161e iz vojnih logora diljem Europe, to\u010dnije legijskih bolnica gdje je redovito prona\u0111ena najve\u0107a koli\u010dina medicinskih instrumenata. Pretpostavlja se da je takav objekt postojao i na podru\u010dju rimskog vojnog logora Burnum, ali jo\u0161 uvijek spomenuto podru\u010dje nije sustavno istra\u017eeno da bi se mogla sa sigurno\u0161\u0107u potvrditi lokacija bolnice. Iako vojna bolnica nije ubicirana, odre\u0111eni arheolo\u0161ki nalazi upu\u0107uju na prisutnost vojnog medicinskog osoblja u Burnumu, a u prvom redu rije\u010d je o epigrafi\u010dkim spomenicima kojima su posvjedo\u010dena dva lije\u010dnika iz Burnuma. Prvi spomenik je nadgrobna stela Satrija Rufa, vojnika XI. legije, na kojoj su u donjem dijelu prikazani kirur\u0161ki instrumenti \u0161to sugerira da je bio lije\u010dnik. Osim toga, fra L. Marun u <em>Starinarskim dnevnicima<\/em> donosi skicu stele iz Burnuma na kojoj je djelomi\u010dno sa\u010duvana rije\u010d <em>medicus<\/em>.<\/p>\n<p>Arheolo\u0161ka istra\u017eivanja na podru\u010dju amfiteatra i vojnog vje\u017ebali\u0161ta iznjedrila su mno\u0161tvo medicinskih instrumenata. Iz Burnuma potje\u010de ve\u0107i broj nalaza sondi, spatula i \u017eli\u010dica koje su koristile kao medicinsko-farmaceutski instrumenti, ali mogle su poslu\u017eiti i u kozmeti\u010dke svrhe. Ovi instrumenti slu\u017eili su za pripremu i nano\u0161enje lijekova, kao i za ispitivanje rana. Osim navedenih nalaza prona\u0111eno je i nekoliko predmeta koji se nedvojbeno mogu okarakterizirati kao medicinski instrumenti, a rije\u010d je o predmetima kori\u0161tenima u kirur\u0161kim zahvatima poput skalpela, katetera, kirur\u0161kih tuba, medicinskih kutijica, kuka\/retraktora, forcepsa i kauterizatora. U skupinu medicinsko-farmaceutskog pribora mo\u017eemo ubrojiti i stakleno posu\u0111e poput plitica i balzamarija koji su redovito kori\u0161teni za \u010duvanje farmaceutskih preparata.<\/p>\n<div class=\"fotorama rounded-lg  shadow lblue-bg mt-5   \" data-width=\"100%\" data-ratio=\"16\/10\"  data-nav=\"thumbs\" data-autoplay=\"true\" data-arrows=\"true\" data-transition=\"crossfade\"><img decoding=\"async\" src=\"https:\/\/npkrka.hr\/wp-content\/uploads\/Rimska-medicina-11.jpg\" width=\"100%\" \/><img decoding=\"async\" src=\"https:\/\/npkrka.hr\/wp-content\/uploads\/Rimska-medicina-12.jpg\" width=\"100%\" \/><img decoding=\"async\" src=\"https:\/\/npkrka.hr\/wp-content\/uploads\/Rimska-medicina-10.jpg\" width=\"100%\" \/><img decoding=\"async\" src=\"https:\/\/npkrka.hr\/wp-content\/uploads\/Rimska-medicina-9.jpg\" width=\"100%\" \/><img decoding=\"async\" src=\"https:\/\/npkrka.hr\/wp-content\/uploads\/Rimska-medicina-6.jpg\" width=\"100%\" \/><img decoding=\"async\" src=\"https:\/\/npkrka.hr\/wp-content\/uploads\/Rimska-medicina-5.jpg\" width=\"100%\" \/><img decoding=\"async\" src=\"https:\/\/npkrka.hr\/wp-content\/uploads\/Rimska-medicina-4.jpg\" width=\"100%\" \/><img decoding=\"async\" src=\"https:\/\/npkrka.hr\/wp-content\/uploads\/Rimska-medicina-3.jpg\" width=\"100%\" \/><img decoding=\"async\" src=\"https:\/\/npkrka.hr\/wp-content\/uploads\/Rimska-medicina-2.jpg\" width=\"100%\" \/><img decoding=\"async\" src=\"https:\/\/npkrka.hr\/wp-content\/uploads\/Rimska-medicina-1.jpg\" width=\"100%\" \/><img decoding=\"async\" src=\"https:\/\/npkrka.hr\/wp-content\/uploads\/Rimska-medicina-7.jpg\" width=\"100%\" \/><img decoding=\"async\" src=\"https:\/\/npkrka.hr\/wp-content\/uploads\/Rimska-medicina-8.jpg\" width=\"100%\" \/><\/div><p>&nbsp;<\/p>\n","protected":false},"excerpt":{"rendered":"<p>Iz Burnuma potje\u010de ve\u0107i broj nalaza sondi, spatula i \u017eli\u010dica koje su koristile kao medicinsko-farmaceutski instrumenti, ali mogle su poslu\u017eiti i u kozmeti\u010dke svrhe<\/p>\n","protected":false},"author":3,"featured_media":6801,"parent":5958,"menu_order":14,"comment_status":"closed","ping_status":"closed","template":"","meta":{"footnotes":""},"class_list":["post-6792","page","type-page","status-publish","has-post-thumbnail","hentry"],"_links":{"self":[{"href":"https:\/\/npkrka.hr\/hr\/wp-json\/wp\/v2\/pages\/6792","targetHints":{"allow":["GET"]}}],"collection":[{"href":"https:\/\/npkrka.hr\/hr\/wp-json\/wp\/v2\/pages"}],"about":[{"href":"https:\/\/npkrka.hr\/hr\/wp-json\/wp\/v2\/types\/page"}],"author":[{"embeddable":true,"href":"https:\/\/npkrka.hr\/hr\/wp-json\/wp\/v2\/users\/3"}],"replies":[{"embeddable":true,"href":"https:\/\/npkrka.hr\/hr\/wp-json\/wp\/v2\/comments?post=6792"}],"version-history":[{"count":0,"href":"https:\/\/npkrka.hr\/hr\/wp-json\/wp\/v2\/pages\/6792\/revisions"}],"up":[{"embeddable":true,"href":"https:\/\/npkrka.hr\/hr\/wp-json\/wp\/v2\/pages\/5958"}],"wp:featuredmedia":[{"embeddable":true,"href":"https:\/\/npkrka.hr\/hr\/wp-json\/wp\/v2\/media\/6801"}],"wp:attachment":[{"href":"https:\/\/npkrka.hr\/hr\/wp-json\/wp\/v2\/media?parent=6792"}],"curies":[{"name":"wp","href":"https:\/\/api.w.org\/{rel}","templated":true}]}}