{"id":672,"date":"2022-06-29T11:08:10","date_gmt":"2022-06-29T09:08:10","guid":{"rendered":"https:\/\/www.npkrka.hr\/?page_id=672"},"modified":"2022-08-10T08:48:04","modified_gmt":"2022-08-10T06:48:04","slug":"toke","status":"publish","type":"page","link":"https:\/\/npkrka.hr\/hr\/posjeti\/suveniri\/toke\/","title":{"rendered":"Toke"},"content":{"rendered":"<p><b>Toke su ukrasni metalni gumbi pri\u0161iveni sprijeda na sve\u010danoj narodnoj odje\u0107i. <\/b><\/p>\n<p>Bile su i sastavni dio odje\u0107e senjskih uskoka, organizirane grupe ratnika sastavljene mahom od katolika prebjega s podru\u010dja pod osmanskom vla\u0161\u0107u koji su se u hrvatskim krajevima borili protiv Osmanlija, ali i Mle\u010dana. Unato\u010d tome \u0161to su svoje oru\u017eje smatrali najvrjednijim uresom, njihove je prsluke krasio kovani nakit, poput srebrnih ili posrebrenih toka i dugmadi.<\/p>\n<p>Toke su se nalazile i na odje\u0107i \u017eumbera\u010dkih uskoka, \u010diji je kapetan bio hrvatski ban Petar Zrinski, koji je i sam svakodnevno nosio odje\u0107u ukra\u0161enu s nekoliko vrsta toka i srebrnih puceta. Portreti iz toga doba svjedo\u010de o tome koliko su takvi tipovi ukrasa bili rasprostranjeni po dvorovima i plemenita\u0161kim ku\u0107ama. Takvi srebrni gumbi bili su dio plemi\u0107ke i vojni\u010dke odore iz koje je nastala narodna, danas tradicijska, no\u0161nja.<\/p>\n<p>Iako su toke \u010desto oblikovane punom kovanom plohom, metalni gumbi izra\u0111ivani su i drugim tehnikama, o \u010demu svjedo\u010de i pisani izvori, a spominju se i filigranska puceta, odnosno botuni, poznati i pod nazivom \u0161ibenski botun. Upravo su takve filigranske izvedbe danas najprivla\u010dnije u suvremenom nakitu.<\/p>\n","protected":false},"excerpt":{"rendered":"<p>Toke su ukrasni metalni gumbi pri\u0161iveni sprijeda na sve\u010danoj narodnoj odje\u0107i.<\/p>\n","protected":false},"author":1,"featured_media":673,"parent":118,"menu_order":5,"comment_status":"closed","ping_status":"closed","template":"","meta":{"footnotes":""},"class_list":["post-672","page","type-page","status-publish","has-post-thumbnail","hentry"],"_links":{"self":[{"href":"https:\/\/npkrka.hr\/hr\/wp-json\/wp\/v2\/pages\/672","targetHints":{"allow":["GET"]}}],"collection":[{"href":"https:\/\/npkrka.hr\/hr\/wp-json\/wp\/v2\/pages"}],"about":[{"href":"https:\/\/npkrka.hr\/hr\/wp-json\/wp\/v2\/types\/page"}],"author":[{"embeddable":true,"href":"https:\/\/npkrka.hr\/hr\/wp-json\/wp\/v2\/users\/1"}],"replies":[{"embeddable":true,"href":"https:\/\/npkrka.hr\/hr\/wp-json\/wp\/v2\/comments?post=672"}],"version-history":[{"count":0,"href":"https:\/\/npkrka.hr\/hr\/wp-json\/wp\/v2\/pages\/672\/revisions"}],"up":[{"embeddable":true,"href":"https:\/\/npkrka.hr\/hr\/wp-json\/wp\/v2\/pages\/118"}],"wp:featuredmedia":[{"embeddable":true,"href":"https:\/\/npkrka.hr\/hr\/wp-json\/wp\/v2\/media\/673"}],"wp:attachment":[{"href":"https:\/\/npkrka.hr\/hr\/wp-json\/wp\/v2\/media?parent=672"}],"curies":[{"name":"wp","href":"https:\/\/api.w.org\/{rel}","templated":true}]}}