{"id":6716,"date":"2023-02-24T07:26:15","date_gmt":"2023-02-24T06:26:15","guid":{"rendered":"https:\/\/www.npkrka.hr\/?page_id=6716"},"modified":"2023-02-24T07:26:15","modified_gmt":"2023-02-24T06:26:15","slug":"kult-i-religija-u-burnumu","status":"publish","type":"page","link":"https:\/\/npkrka.hr\/hr\/kulturna-bastina\/arheologija\/ciklus-burnum\/kult-i-religija-u-burnumu\/","title":{"rendered":"Kult i religija u Burnumu"},"content":{"rendered":"<p><strong>Na prostoru vojnog logora Burnum otkriven je i ulomak krupnog arhitektonskog kamenog bloka s prikazom Junone i pauna te monumentalna glava skulpture Jupitera<\/strong><\/p>\n<p>Rimska politeisti\u010dna religija bila je eklekti\u010dne naravi, panteon se mijenjao, uvodili su se novi obredi i sve\u0107enici, kultovi su se \u0161irili i mijenjali popularnost. Rimsko naselje Burnum razvija se na liburnskom prostoru i o\u010dekivali bi odgovaraju\u0107i kontinuitet autohtonih kultova i predrimske religije. Me\u0111utim, oni se jedva naziru, jer je vojni i administrativni karakter Burnuma, rezultirao sna\u017enim uvo\u0111enjem rimskog panteona. Gotovo sasvim su nam nepoznati kultovi i vjerovanja Burnista, o kojima vi\u0161e naga\u0111amo usporedbom sa susjednim liburnskim zajednicama. Vjerojatno su bila popularna \u017eenska bo\u017eanstva, osobito Latra \u010diji je kult bio \u0161tovan na \u0161irem liburnskom prostoru, dok su druge bo\u017eice bile ograni\u010dene na jednu ili dvije zajednice. Rijedak trag starijih vjerovanja je kult Latre zabilje\u017een na Ro\u0161kom slapu nizvodno od Burnuma. \u017drtvenik bo\u017eici podigao je biv\u0161i pretorijanac Gaj Turanije Sever. Mo\u017eda je i Silvanov kult s delmatskog podru\u010dja pro\u0161iren na grani\u010dno liburnsko podru\u010dje o \u010demu bi svjedo\u010dio reljef Silvana iz \u010culi\u0161i\u0107a na teritoriju Skardone ili posvete <em>Silvano Domestico<\/em> s teritorija Burnuma. Taj bog plodnosti, nalik gr\u010dkom Panu, boravio je izme\u0111u kultiviranog prostora i \u0161umske divljine, te je, sasvim prikladno, prikazivan kao jarac.<\/p>\n<p>Na natpisima na\u0111enim du\u017e rijeke Krke spominju se Mars, Venera, Herkul, Merkur, Neptun, ali daleko je najvi\u0161e posveta Jupiteru. Glavni je bio kult kapitolijske trijade (Jupiter, Junona i Minerva), o kojem svjedo\u010de brojni zavjetni spomenici, skulpture i ostaci arhitektonske plastike. Brojne posvete su indicija da je u Burnumu bio podignut hram vrhovnom bo\u017eanstvu, a na prostoru vojnog logora Burnum otkriven je i ulomak krupnog arhitektonskog kamenog bloka s prikazom Junone i pauna te monumentalna glava skulpture Jupitera. U Arheolo\u0161koj zbirci Burnum izlo\u017eene su dvije votivne are koje beneficijari u Burnumu posve\u0107uju Jupiteru, a sugeriraju da je tijekom 2. i 3. st. na tom prostoru bila jedna postaja (<em>statio<\/em>) tih slu\u017ebenika provincijskih guvernera.<\/p>\n<p>\u0160tovan je i rije\u010dni Neptun \u010diji se hram nalazio na oto\u010di\u0107u uz prijelaz na \u010cavlinovom buku gdje je otkriven posvetni natpis posve\u0107en tom bo\u017eanstvu. Ostaci hrama su zasigurno uni\u0161teni tijekom iskopavanja sedre krajem 18. st. o \u010demu nam podatke donosi Alberto Fortis. Prilikom tih radova prona\u0111eni su ostaci stupova i arhitrava s prikazom vodozemnih \u017eivotinja.<\/p>\n<p>Kada je Burnum u doba cara Hadrijana postigao gradsku konstituciju, vjerojatno je za bo\u017eanskog patrona izabrao Herkula, \u010dija je glava isklesana na golemom klju\u010dnom kamenu arhivolta neke javne gra\u0111evine. Carski kult pro\u017eimao je vojsku, stoga su likovi pripadnika imperijalne obitelji bili sveprisutni, od prikaza na odlikovanjima (<em>phalera<\/em>) do carskog lika (<em>imago<\/em>) koji je ispred legije nosio <em>imaginifer<\/em>. Patriotizam se reflektirao i kroz dr\u017eavne simbole, poput reljefa vu\u010dice s Romulom i Remom iz Burnuma.<\/p>\n<p>Tragove materijalne kulture koja govori o javnim religijskim obredima i sveti\u0161tima lak\u0161e je zapaziti nego one iz osobne sfere. Tijekom arheolo\u0161kog istra\u017eivanja vojnog vje\u017ebali\u0161ta (<em>campus<\/em>) u Burnumu su prona\u0111ene minijaturne skulpture bogova Harpokrata i Jupitera, koji su \u010dinili dio inventara vojni\u010dke spavaonice i zave\u017eljaja na putu u rat, tako da se bogovima uvijek mogla uputiti molba ili izraziti \u0161tovanje. Tako\u0111er, prona\u0111ena je perla narukvice s prikazom Gorgone koja je u antici imala apotropejsko zna\u010denje.<\/p>\n<p>Kroz drugo stolje\u0107e, u cijelom Carstvu sna\u017eno se mijenja rimska religija, naro\u010dito pod utjecajem misterijskih i orijentalnih kultova. Tako se i u Burnumu obo\u017eava i Mitra, bo\u017eanstvo koje je omogu\u0107avalo da se du\u0161a vjernika nakon smrti uzdigne me\u0111u zvijezde. U prostoru principija biv\u0161eg logora izra\u0111eno je sveti\u0161te Kibele \u2013 Velike Majke Bogova i ukra\u0161eno reljefima s prizorima iz \u017eivota njenog ljubavnika Atisa. Jedan ulomak reljefa izlo\u017een je u zbirci, a prikazuje umiru\u0107eg Atisa.<\/p>\n<p>U Burnumu poganstvo je u kasnoj antici zamijenjeno novom religijom \u2013 kr\u0161\u0107anstvom. Premda jo\u0161 nisu otkriveni materijalni ostaci crkava, sigurno mo\u017eemo re\u0107i da se zajednica uklopila u rimsku kr\u0161\u0107ansku dr\u017eavu, a grad statusa kao Burnum morao je imati mjesto okupljanja sve ve\u0107eg broja vjernika.<\/p>\n<div class=\"fotorama rounded-lg  shadow lblue-bg mt-5   \" data-width=\"100%\" data-ratio=\"16\/10\"  data-nav=\"thumbs\" data-autoplay=\"true\" data-arrows=\"true\" data-transition=\"crossfade\"><img decoding=\"async\" src=\"https:\/\/npkrka.hr\/wp-content\/uploads\/Kult-i-religija-8.jpg\" width=\"100%\" \/><img decoding=\"async\" src=\"https:\/\/npkrka.hr\/wp-content\/uploads\/Kult-i-religija-7.jpg\" width=\"100%\" \/><img decoding=\"async\" src=\"https:\/\/npkrka.hr\/wp-content\/uploads\/Kult-i-religija-6.jpg\" width=\"100%\" \/><img decoding=\"async\" src=\"https:\/\/npkrka.hr\/wp-content\/uploads\/Kult-i-religija-5.jpg\" width=\"100%\" \/><img decoding=\"async\" src=\"https:\/\/npkrka.hr\/wp-content\/uploads\/Kult-i-religija-4.jpg\" width=\"100%\" \/><img decoding=\"async\" src=\"https:\/\/npkrka.hr\/wp-content\/uploads\/Kult-i-religija-3.jpg\" width=\"100%\" \/><img decoding=\"async\" src=\"https:\/\/npkrka.hr\/wp-content\/uploads\/Kult-i-religija-2.jpg\" width=\"100%\" \/><img decoding=\"async\" src=\"https:\/\/npkrka.hr\/wp-content\/uploads\/Kult-i-religija-1.jpg\" width=\"100%\" \/><\/div><p>&nbsp;<\/p>\n","protected":false},"excerpt":{"rendered":"<p>Na prostoru vojnog logora Burnum otkriven je i ulomak krupnog arhitektonskog kamenog bloka s prikazom Junone i pauna te monumentalna glava skulpture Jupitera<\/p>\n","protected":false},"author":3,"featured_media":6723,"parent":5958,"menu_order":13,"comment_status":"closed","ping_status":"closed","template":"","meta":{"footnotes":""},"class_list":["post-6716","page","type-page","status-publish","has-post-thumbnail","hentry"],"_links":{"self":[{"href":"https:\/\/npkrka.hr\/hr\/wp-json\/wp\/v2\/pages\/6716","targetHints":{"allow":["GET"]}}],"collection":[{"href":"https:\/\/npkrka.hr\/hr\/wp-json\/wp\/v2\/pages"}],"about":[{"href":"https:\/\/npkrka.hr\/hr\/wp-json\/wp\/v2\/types\/page"}],"author":[{"embeddable":true,"href":"https:\/\/npkrka.hr\/hr\/wp-json\/wp\/v2\/users\/3"}],"replies":[{"embeddable":true,"href":"https:\/\/npkrka.hr\/hr\/wp-json\/wp\/v2\/comments?post=6716"}],"version-history":[{"count":0,"href":"https:\/\/npkrka.hr\/hr\/wp-json\/wp\/v2\/pages\/6716\/revisions"}],"up":[{"embeddable":true,"href":"https:\/\/npkrka.hr\/hr\/wp-json\/wp\/v2\/pages\/5958"}],"wp:featuredmedia":[{"embeddable":true,"href":"https:\/\/npkrka.hr\/hr\/wp-json\/wp\/v2\/media\/6723"}],"wp:attachment":[{"href":"https:\/\/npkrka.hr\/hr\/wp-json\/wp\/v2\/media?parent=6716"}],"curies":[{"name":"wp","href":"https:\/\/api.w.org\/{rel}","templated":true}]}}