{"id":6684,"date":"2023-02-17T07:13:47","date_gmt":"2023-02-17T06:13:47","guid":{"rendered":"https:\/\/www.npkrka.hr\/?page_id=6684"},"modified":"2023-02-17T07:15:02","modified_gmt":"2023-02-17T06:15:02","slug":"rimske-igre-u-burnumu","status":"publish","type":"page","link":"https:\/\/npkrka.hr\/hr\/kulturna-bastina\/arheologija\/ciklus-burnum\/rimske-igre-u-burnumu\/","title":{"rendered":"Rimske igre u Burnumu"},"content":{"rendered":"<p><strong>Kockice prona\u0111ene na lokalitetu Burnum pokazuju kako su vojnici bili strastveni kockari te je igra imala va\u017enu ulogu u njihovom \u017eivotu<\/strong><\/p>\n<p>Osim prire\u0111ivanja golemih javnih spektakala poput gladijatorskih borbi i utrka zaprega u cirku Rimljani su rado igrali obiteljske i prijateljske igre. Kad je rije\u010d o dru\u0161tvenim igrama i igrama na sre\u0107u Rimljana, ve\u0107ina odmah pomisli na bacanje kocke, a malo ih je pak koji znaju da su \u201epar-nepar\u201c ili \u201epismo-glava\u201c (<em>navia aut capita<\/em>) bile u najmanju ruku jednako omiljene.<\/p>\n<p>Popularne su igre loptom, od kojih su barem dvije organizirane s takmi\u010darskim pravilima. Rimski <em>harpastum<\/em>, razvijen od gr\u010dke igre <em>episkyros<\/em>, \u017eestoka je defanzivna igra mu\u0161karaca kojoj je cilj bio sa\u010duvati malu loptu na svom dijelu terena dodavanjem, eliminiranjem protivnika pogocima i izbjegavaju\u0107i da oni presjeku putanju lopte. \u017dene su rado igrale neku vrstu odbojke <em>expulsim ludere<\/em>. Kod djece i djevojaka popularna je <em>penta litha<\/em>, srodna narodnoj igri piljaka, u kojoj se bacaju astragali, tj. \u017eivotinjske kosti stopala, i hvataju na razli\u010dite na\u010dine. Da je ova igra bila popularna i me\u0111u vojnicima iz Burnuma ukazuju i nalazi astragala prona\u0111enih tijekom istra\u017eivanja.<\/p>\n<p>Po cijelom rimskom svijetu nalazimo ostatke kompleta za igre na plo\u010dama.<em> Terni lapilli <\/em>odgovaraju dje\u010djoj igri kri\u017ei\u0107-kru\u017ei\u0107. Pandan dana\u0161njoj jednostavnoj narodnoj igri koja se zove trilja, u rimsko doba bio je mlin (<em>mola<\/em>). Pomicanjem \u017eetona po sjeci\u0161tima mre\u017ee linija, zatvarali su se i oduzimali protivni\u010dki pje\u0161aci. Na lokalitetu Burnum prona\u0111ena je velika koli\u010dina raznih \u017eetona izra\u0111enih od stakla, kamena, gagata i kosti koji su se koristili za igre na plo\u010dama.<\/p>\n<p>Osobito je bila popularna igra razbojnika (<em>ludus latrunculorum<\/em>) i njoj istovjetna igra vojnika. Srodne su dana\u0161njem \u0161ahu, a spominju ih rimski pisci Varon, Marcijal i Ovidije. \u0160esnaest ili trideset figura pje\u0161aka razli\u010ditog statusa (<em>mandrae<\/em>, <em>milites<\/em> i <em>bellatores<\/em>) pomi\u010du se po poljima \u0161ahovnice s ciljem dobivanja takti\u010dke prednosti. Me\u0111u vojnicima bila je popularna i <em>tabula<\/em>, igra iz kategorije <em>backgammona<\/em>, u kojoj se \u017eetoni pomi\u010du po stazi na temelju tri broja postignuta bacanjem kockica. Nakon \u0161to bi se svi \u017eetoni uveli na plo\u010du s 24 rova cilj je bio odnijeti sve protivni\u010dke osamljene \u017eetone. Tabulu i njenu varijantu <em>ludus duodecim scriptorum<\/em>, nepoznatih pravila, premda su prona\u0111ene plo\u010de s tri ucrtane staze, igrali su svi, od djece do careva.<\/p>\n<p>Na dana\u0161nji minigolf podsje\u0107a rimska igra <em>orca<\/em>, nazvana tako po starome glinenom vr\u010du. U toj igri trebalo je kuglicu, orah ili lje\u0161njak ubaciti u uzak otvor vr\u010da, lonca ili amfore. Ako pri ruci nije bilo nikakve posude, jednostavno bi se izdubila rupa u zemlji.<\/p>\n<p>Kod odraslih, a osobito me\u0111u vojnicima, ipak je najpopularniji oblik zabave bilo kockanje. Kockice prona\u0111ene na lokalitetu Burnum pokazuju kako su vojnici bili strastveni kockari te je igra imala va\u017enu ulogu u njihovom \u017eivotu. Anti\u010dke kocke bile su obi\u010dno heksaedri s brojevima od jedan do \u0161est, pri \u010demu su kocke morale biti tako numerirane da zbroj nasuprotnih stranica uvijek iznosi sedam. Kocke su se izra\u0111ivale od najrazli\u010ditijih materijala: keramike, bronce, olova, kosti, stakla, kvarca, bjelokosti, jantara ili zlata. Osim heksaedara postojale su i \u201ekocke\u201c u obliku osmerostranog zvrka ili poliedra s 18 ili 20 ploha.<\/p>\n<p>Zanimljiv je podatak da je zakon o igrama na sre\u0107u donesen jo\u0161 u antici (<em>Lex alearia<\/em>) kojim je kockanje zabranjeno, a dobici su prema tom zakonu izjedna\u010deni s plja\u010dkom. Me\u0111utim, kockanje je bilo dopu\u0161teno jedino za vrijeme saturnalija te za vrijeme sportskih natjecanja iako se kockanje u anti\u010dkom Rimu smatralo \u0161tetnim po karakter i nedoli\u010dnim. Unato\u010d tome, kockalo se strasno i dalje, u svim dru\u0161tvenim slojevima, a ovisnost o kocki fenomen je poznat od davnina.<\/p>\n<div class=\"fotorama rounded-lg  shadow lblue-bg mt-5   \" data-width=\"100%\" data-ratio=\"16\/10\"  data-nav=\"thumbs\" data-autoplay=\"true\" data-arrows=\"true\" data-transition=\"crossfade\"><img decoding=\"async\" src=\"https:\/\/npkrka.hr\/wp-content\/uploads\/Rimske-igre-1.jpeg\" width=\"100%\" \/><img decoding=\"async\" src=\"https:\/\/npkrka.hr\/wp-content\/uploads\/Rimske-igre-3.jpeg\" width=\"100%\" \/><img decoding=\"async\" src=\"https:\/\/npkrka.hr\/wp-content\/uploads\/Rimske-igre-4.jpg\" width=\"100%\" \/><img decoding=\"async\" src=\"https:\/\/npkrka.hr\/wp-content\/uploads\/Rimske-igre-1.jpg\" width=\"100%\" \/><img decoding=\"async\" src=\"https:\/\/npkrka.hr\/wp-content\/uploads\/Rimske-igre-9.jpg\" width=\"100%\" \/><img decoding=\"async\" src=\"https:\/\/npkrka.hr\/wp-content\/uploads\/Rimske-igre-3.jpg\" width=\"100%\" \/><img decoding=\"async\" src=\"https:\/\/npkrka.hr\/wp-content\/uploads\/Rimske-igre-5.jpg\" width=\"100%\" \/><img decoding=\"async\" src=\"https:\/\/npkrka.hr\/wp-content\/uploads\/Rimske-igre-7.jpg\" width=\"100%\" \/><img decoding=\"async\" src=\"https:\/\/npkrka.hr\/wp-content\/uploads\/Rimske-igre-8.jpg\" width=\"100%\" \/><img decoding=\"async\" src=\"https:\/\/npkrka.hr\/wp-content\/uploads\/Rimske-igre-2.jpg\" width=\"100%\" \/><img decoding=\"async\" src=\"https:\/\/npkrka.hr\/wp-content\/uploads\/Rimske-igre-6.jpg\" width=\"100%\" \/><\/div><p>&nbsp;<\/p>\n","protected":false},"excerpt":{"rendered":"<p>Kockice prona\u0111ene na lokalitetu Burnum pokazuju kako su vojnici bili strastveni kockari te je igra imala va\u017enu ulogu u njihovom \u017eivotu \u00a0Osim prire\u0111ivanja golemih javnih spektakala poput gladijatorskih borbi i utrk&#8230;<\/p>\n","protected":false},"author":2,"featured_media":6700,"parent":5958,"menu_order":12,"comment_status":"closed","ping_status":"closed","template":"","meta":{"footnotes":""},"class_list":["post-6684","page","type-page","status-publish","has-post-thumbnail","hentry"],"_links":{"self":[{"href":"https:\/\/npkrka.hr\/hr\/wp-json\/wp\/v2\/pages\/6684","targetHints":{"allow":["GET"]}}],"collection":[{"href":"https:\/\/npkrka.hr\/hr\/wp-json\/wp\/v2\/pages"}],"about":[{"href":"https:\/\/npkrka.hr\/hr\/wp-json\/wp\/v2\/types\/page"}],"author":[{"embeddable":true,"href":"https:\/\/npkrka.hr\/hr\/wp-json\/wp\/v2\/users\/2"}],"replies":[{"embeddable":true,"href":"https:\/\/npkrka.hr\/hr\/wp-json\/wp\/v2\/comments?post=6684"}],"version-history":[{"count":0,"href":"https:\/\/npkrka.hr\/hr\/wp-json\/wp\/v2\/pages\/6684\/revisions"}],"up":[{"embeddable":true,"href":"https:\/\/npkrka.hr\/hr\/wp-json\/wp\/v2\/pages\/5958"}],"wp:featuredmedia":[{"embeddable":true,"href":"https:\/\/npkrka.hr\/hr\/wp-json\/wp\/v2\/media\/6700"}],"wp:attachment":[{"href":"https:\/\/npkrka.hr\/hr\/wp-json\/wp\/v2\/media?parent=6684"}],"curies":[{"name":"wp","href":"https:\/\/api.w.org\/{rel}","templated":true}]}}