{"id":660,"date":"2022-06-29T11:05:35","date_gmt":"2022-06-29T09:05:35","guid":{"rendered":"https:\/\/www.npkrka.hr\/?page_id=660"},"modified":"2024-08-29T07:54:09","modified_gmt":"2024-08-29T05:54:09","slug":"sibenski-botun","status":"publish","type":"page","link":"https:\/\/npkrka.hr\/hr\/posjeti\/suveniri\/sibenski-botun\/","title":{"rendered":"\u0160ibenski botun"},"content":{"rendered":"<p><b><a href=\"https:\/\/www.sibenik-tourism.hr\/stranice\/sibenski-botun\/31\/hr.html\">\u0160ibenski botu<\/a>n (dugme, puce, toka) kroz povijest je krasio mu\u0161ku narodnu no\u0161nju a u moderno se doba etablirao kao jedan od najprepoznatljivijih suvenira \u0161ibenskoga kraja, koji je Hrvatska turisti\u010dka zajednica 2007. godine proglasila najoriginalnijim hrvatskim suvenirom. Danas se \u0161ibenski botun mo\u017ee kupiti u obliku nau\u0161nica, prstenja, privjesaka, igli za kravatu, bro\u0161eva, ogrlica i sl. <\/b><\/p>\n<p>Botun se izra\u0111uje u tehnici filigrana. Ima oblik dviju polukugli spojenih u sredini. Iznutra je \u0161upalj, prozra\u010dan. S vanjske strane ukra\u0161en je tankim srebrnim nitima i kuglicama. Originalni botun izra\u0111en je od srebra, no danas se izra\u0111uje i od zlata i od aluminija, u razli\u010ditim veli\u010dinama.<\/p>\n<p>Najraniji primjerci metalne dugmadi poput toka prona\u0111eni su jo\u0161 u ilirskim grobovima s po\u010detka prvog tisu\u0107lje\u0107a prije Krista, no na srednjovjekovnim likovnim prikazima dalmatinskih pu\u010dana nema nagla\u0161eno ki\u0107enih botuna. Za \u0161iroko usvajanje toka u narodnoj no\u0161nji najva\u017eniju je ulogu odigralo vojno organiziranje pograni\u010dnog pojasa prema Osmanskom Carstvu u 17. stolje\u0107u. Najljep\u0161e i najve\u0107e toke danas se mogu vidjeti na je\u010dermama, prslucima tipi\u010dnima za no\u0161nju drni\u0161kog i cetinskog kraja.<\/p>\n<p>U to su doba botune nosili samo mu\u0161karci \u2013 ukazivali su na dru\u0161tveni polo\u017eaj i mo\u0107 onoga koji ih nosi, te su bili usporedivi s vojni\u010dkim ordenjem, jer su bili dio darova koje je providur u Zadru dijelio junacima i zapovjednicima, a osim estetske, imali su i za\u0161titnu funkciju. Uz to su u tim nesigurnim vremenima bili i najvrjedniji dio obiteljske imovine. Potra\u017enja za njima s vremenom je rasla pa su ih izra\u0111ivali mnogi majstori, \u0161to je dovelo do toga da se u filigranskoj tehnici usavr\u0161io veliki broj obrtnika sve od skadarskog podru\u010dja na jugu do sjeverne Dalmacije.<\/p>\n<div class=\"fotorama rounded-lg  shadow lblue-bg mt-5   \" data-width=\"100%\" data-ratio=\"16\/10\"  data-nav=\"thumbs\" data-autoplay=\"true\" data-arrows=\"true\" data-transition=\"crossfade\"><img decoding=\"async\" src=\"https:\/\/npkrka.hr\/wp-content\/uploads\/p1160401.jpg\" width=\"100%\" \/><img decoding=\"async\" src=\"https:\/\/npkrka.hr\/wp-content\/uploads\/p1160395.jpg\" width=\"100%\" \/><img decoding=\"async\" src=\"https:\/\/npkrka.hr\/wp-content\/uploads\/p1160377.jpg\" width=\"100%\" \/><img decoding=\"async\" src=\"https:\/\/npkrka.hr\/wp-content\/uploads\/p1160376.jpg\" width=\"100%\" \/><img decoding=\"async\" src=\"https:\/\/npkrka.hr\/wp-content\/uploads\/p1160374.jpg\" width=\"100%\" \/><\/div><p>&nbsp;<\/p>\n","protected":false},"excerpt":{"rendered":"<p>\u0160ibenski botun (dugme, puce, toka) kroz povijest je krasio mu\u0161ku narodnu no\u0161nju a u moderno se doba etablirao kao jedan od najprepoznatljivijih suvenira \u0161ibenskoga kraja.<\/p>\n","protected":false},"author":1,"featured_media":662,"parent":118,"menu_order":3,"comment_status":"closed","ping_status":"closed","template":"","meta":{"footnotes":""},"class_list":["post-660","page","type-page","status-publish","has-post-thumbnail","hentry"],"_links":{"self":[{"href":"https:\/\/npkrka.hr\/hr\/wp-json\/wp\/v2\/pages\/660","targetHints":{"allow":["GET"]}}],"collection":[{"href":"https:\/\/npkrka.hr\/hr\/wp-json\/wp\/v2\/pages"}],"about":[{"href":"https:\/\/npkrka.hr\/hr\/wp-json\/wp\/v2\/types\/page"}],"author":[{"embeddable":true,"href":"https:\/\/npkrka.hr\/hr\/wp-json\/wp\/v2\/users\/1"}],"replies":[{"embeddable":true,"href":"https:\/\/npkrka.hr\/hr\/wp-json\/wp\/v2\/comments?post=660"}],"version-history":[{"count":0,"href":"https:\/\/npkrka.hr\/hr\/wp-json\/wp\/v2\/pages\/660\/revisions"}],"up":[{"embeddable":true,"href":"https:\/\/npkrka.hr\/hr\/wp-json\/wp\/v2\/pages\/118"}],"wp:featuredmedia":[{"embeddable":true,"href":"https:\/\/npkrka.hr\/hr\/wp-json\/wp\/v2\/media\/662"}],"wp:attachment":[{"href":"https:\/\/npkrka.hr\/hr\/wp-json\/wp\/v2\/media?parent=660"}],"curies":[{"name":"wp","href":"https:\/\/api.w.org\/{rel}","templated":true}]}}