{"id":6586,"date":"2023-02-03T08:31:43","date_gmt":"2023-02-03T07:31:43","guid":{"rendered":"https:\/\/www.npkrka.hr\/?page_id=6586"},"modified":"2025-12-30T13:47:36","modified_gmt":"2025-12-30T12:47:36","slug":"godisnji-financijski-plan","status":"publish","type":"page","link":"https:\/\/npkrka.hr\/hr\/o-nama\/upravljanje\/godisnji-financijski-plan-i-izvjestaj-2\/godisnji-financijski-plan\/","title":{"rendered":"Godi\u0161nji financijski plan"},"content":{"rendered":"<p><span data-olk-copy-source=\"MessageBody\">Sudjelovanje gra\u0111ana u procesu planiranja dr\u017eavnog prora\u010duna <\/span><a href=\"https:\/\/www.npkrka.hr\/wp-content\/uploads\/Prilog-12.-Obrazac-za-sudjelovanje-u-izradi-proracuna-1.docx\"><span data-olk-copy-source=\"MessageBody\">(obrazac)<\/span><\/a><\/p>\n","protected":false},"excerpt":{"rendered":"<p>Sudjelovanje gra\u0111ana u procesu planiranja dr\u017eavnog prora\u010duna (obrazac)&#8230;<\/p>\n","protected":false},"author":2,"featured_media":5634,"parent":6583,"menu_order":1,"comment_status":"closed","ping_status":"closed","template":"","meta":{"footnotes":""},"class_list":["post-6586","page","type-page","status-publish","has-post-thumbnail","hentry"],"_links":{"self":[{"href":"https:\/\/npkrka.hr\/hr\/wp-json\/wp\/v2\/pages\/6586","targetHints":{"allow":["GET"]}}],"collection":[{"href":"https:\/\/npkrka.hr\/hr\/wp-json\/wp\/v2\/pages"}],"about":[{"href":"https:\/\/npkrka.hr\/hr\/wp-json\/wp\/v2\/types\/page"}],"author":[{"embeddable":true,"href":"https:\/\/npkrka.hr\/hr\/wp-json\/wp\/v2\/users\/2"}],"replies":[{"embeddable":true,"href":"https:\/\/npkrka.hr\/hr\/wp-json\/wp\/v2\/comments?post=6586"}],"version-history":[{"count":1,"href":"https:\/\/npkrka.hr\/hr\/wp-json\/wp\/v2\/pages\/6586\/revisions"}],"predecessor-version":[{"id":14285,"href":"https:\/\/npkrka.hr\/hr\/wp-json\/wp\/v2\/pages\/6586\/revisions\/14285"}],"up":[{"embeddable":true,"href":"https:\/\/npkrka.hr\/hr\/wp-json\/wp\/v2\/pages\/6583"}],"wp:featuredmedia":[{"embeddable":true,"href":"https:\/\/npkrka.hr\/hr\/wp-json\/wp\/v2\/media\/5634"}],"wp:attachment":[{"href":"https:\/\/npkrka.hr\/hr\/wp-json\/wp\/v2\/media?parent=6586"}],"curies":[{"name":"wp","href":"https:\/\/api.w.org\/{rel}","templated":true}]}}