{"id":656,"date":"2022-06-29T11:03:28","date_gmt":"2022-06-29T09:03:28","guid":{"rendered":"https:\/\/www.npkrka.hr\/?page_id=656"},"modified":"2022-08-10T08:46:01","modified_gmt":"2022-08-10T06:46:01","slug":"bagatin","status":"publish","type":"page","link":"https:\/\/npkrka.hr\/hr\/posjeti\/suveniri\/bagatin\/","title":{"rendered":"Bagatin"},"content":{"rendered":"<p><b>\u0160ibenik je u pro\u0161losti u mnogo\u010demu bio prvi, pa je tako bio i prvi grad koji je za vrijeme mleta\u010dke uprave kovao svoj novac, jo\u0161 davne 1485. godine, kada mu je Vije\u0107e devetorice u Veneciji odobrilo izradu i pu\u0161tanje u promet sitnoga novca. <\/b><\/p>\n<p>Bio je to \u0161ibenski bagatin, dvanaesti dio mleta\u010dkog solda, koji je vrijedio trideset mleta\u010dkih dukata i kao plate\u017eno sredstvo koristio se vi\u0161e od dva stolje\u0107a. Na jednoj je strani nov\u010di\u0107a bio lik sv. Marka, za\u0161titnika Venecije, a na drugoj lik sv. Mihovila, sveca za\u0161titnika \u0160ibenika. Odmah nakon \u0160ibenika svoje su bagatine po\u010deli kovati Split, Zadar, Trogir i Hvar.<\/p>\n<p>Bagatin je od zaborava 2008. godine spasio \u0161ibenski zlatar Ljazir \u010civljak, kojega je istoimeni kafi\u0107 u blizini njegove zlatarnice, s replikom toga nov\u010di\u0107a koja je u njemu visjela na zidu i koju je dugo prou\u010davao, inspirirao na izradu toga tradicijskog suvenira. \u010civljakov bagatin ne\u0161to je ve\u0107i od originalnog i napravljen je od srebra, za razliku od izvornih koji su se kovali od bakra i mesinga. Osim \u0161to ga izra\u0111uje kao samostalni suvenir, \u010civljak ga uklapa i u razli\u010dit nakit, poput ogrlica, narukvica ili prstenja.<\/p>\n","protected":false},"excerpt":{"rendered":"<p>\u0160ibenik je u pro\u0161losti u mnogo\u010demu bio prvi, pa je tako bio i prvi grad koji je za vrijeme mleta\u010dke uprave kovao svoj novac, jo\u0161 davne 1485. godine, kada mu je Vije\u0107e devetorice u Veneciji odobrilo izradu i pu\u0161tanje u promet sitnoga novca.<\/p>\n","protected":false},"author":1,"featured_media":657,"parent":118,"menu_order":2,"comment_status":"closed","ping_status":"closed","template":"","meta":{"footnotes":""},"class_list":["post-656","page","type-page","status-publish","has-post-thumbnail","hentry"],"_links":{"self":[{"href":"https:\/\/npkrka.hr\/hr\/wp-json\/wp\/v2\/pages\/656","targetHints":{"allow":["GET"]}}],"collection":[{"href":"https:\/\/npkrka.hr\/hr\/wp-json\/wp\/v2\/pages"}],"about":[{"href":"https:\/\/npkrka.hr\/hr\/wp-json\/wp\/v2\/types\/page"}],"author":[{"embeddable":true,"href":"https:\/\/npkrka.hr\/hr\/wp-json\/wp\/v2\/users\/1"}],"replies":[{"embeddable":true,"href":"https:\/\/npkrka.hr\/hr\/wp-json\/wp\/v2\/comments?post=656"}],"version-history":[{"count":0,"href":"https:\/\/npkrka.hr\/hr\/wp-json\/wp\/v2\/pages\/656\/revisions"}],"up":[{"embeddable":true,"href":"https:\/\/npkrka.hr\/hr\/wp-json\/wp\/v2\/pages\/118"}],"wp:featuredmedia":[{"embeddable":true,"href":"https:\/\/npkrka.hr\/hr\/wp-json\/wp\/v2\/media\/657"}],"wp:attachment":[{"href":"https:\/\/npkrka.hr\/hr\/wp-json\/wp\/v2\/media?parent=656"}],"curies":[{"name":"wp","href":"https:\/\/api.w.org\/{rel}","templated":true}]}}