{"id":652,"date":"2022-06-29T11:02:01","date_gmt":"2022-06-29T09:02:01","guid":{"rendered":"https:\/\/www.npkrka.hr\/?page_id=652"},"modified":"2024-08-29T07:50:20","modified_gmt":"2024-08-29T05:50:20","slug":"sibenska-kapa","status":"publish","type":"page","link":"https:\/\/npkrka.hr\/hr\/posjeti\/suveniri\/sibenska-kapa\/","title":{"rendered":"\u0160ibenska kapa"},"content":{"rendered":"<p><b>\u0160ibenska kapa najpoznatija je ina\u010dica tradicionalnog hrvatskog pokrivala za glavu. <\/b><\/p>\n<p>Danas je uglavnom naran\u010daste bolje, s dva niza crnih vezenih ukrasa, dok je starija verzija kape bila crvena i uklju\u010divala jedan niz povezanih crnih krugova, a ne dva kao dana\u0161nja verzija. Povijesno, crvenu se kapu povezuje s japodskim oglavljem, iako su je kod njih nosile samo \u017eene. Jedna od glava na \u0161ibenskoj katedrali, nastala u preddalmatin\u010devoj fazi izgradnje, oko 1440. godine, nosi sli\u010dnu kapu, a don Krsto Sto\u0161i\u0107 prona\u0161ao ju je zabilje\u017eenu u dokumentima iz 1500. godine.<\/p>\n<p>Svoju slavu \u0161ibenska crvena odnosno naran\u010dasta kapa mo\u017ee zahvaliti nizu dru\u0161tveno-politi\u010dkih okolnosti. Osamdesetih godina 19. stolje\u0107a za vlast u \u0160ibeniku i ostatku Dalmacije borili su se narodnjaci (s narodnom kapom kao simbolom) i autonoma\u0161i (s gospodskim \u0161e\u0161irom kao simbolom), a 20-ih godina 20. stolje\u0107a narodna kapa postala je simbolom slavenstva u vremenu u kojem su Talijani anektirali Zadar. Njezinoj popularnosti kumovala je i djelatnost poduze\u0107a zvanog Industrija narodnog veziva, koje je u \u0160ibeniku 1880. godine utemeljila obitelj Matavulj. Poduze\u0107e je proizvodilo narodne kape, dijelove narodnih no\u0161nji, tradicijske kola\u010de i likere.<\/p>\n<p>Krajem 19. i po\u010detkom 20. stolje\u0107a izrada kape pojednostavnjena je zahvaljuju\u0107i \u0161iva\u0107em stroju, zbog \u010dega je postala vi\u0161a, sli\u010dnija drni\u0161koj kapi, koja je od \u0161ibenske bila ve\u0107a, s plosnatijim vrhom i razli\u010ditim detaljima u tkanju ukrasa, a sli\u010dna je kapa no\u0161ena i u Kninu do sredine 19. stolje\u0107a. U tom smislu dana\u0161nja je \u0161ibenska kapa amalgam \u0161ibenske i drni\u0161ke.<\/p>\n<p>Umije\u0107e izrade \u0161ibenske kape ima status nematerijalnog kulturnog dobra te je kao takvo upisano u <a href=\"https:\/\/registar.kulturnadobra.hr\/#\/\">Registar kulturnih dobara Republike Hrvatske<\/a> \u2013 Listu za\u0161ti\u0107enih kulturnih dobara.<\/p>\n","protected":false},"excerpt":{"rendered":"<p>\u0160ibenska kapa najpoznatija je ina\u010dica tradicionalnog hrvatskog pokrivala za glavu.<\/p>\n","protected":false},"author":1,"featured_media":653,"parent":118,"menu_order":1,"comment_status":"closed","ping_status":"closed","template":"","meta":{"footnotes":""},"class_list":["post-652","page","type-page","status-publish","has-post-thumbnail","hentry"],"_links":{"self":[{"href":"https:\/\/npkrka.hr\/hr\/wp-json\/wp\/v2\/pages\/652","targetHints":{"allow":["GET"]}}],"collection":[{"href":"https:\/\/npkrka.hr\/hr\/wp-json\/wp\/v2\/pages"}],"about":[{"href":"https:\/\/npkrka.hr\/hr\/wp-json\/wp\/v2\/types\/page"}],"author":[{"embeddable":true,"href":"https:\/\/npkrka.hr\/hr\/wp-json\/wp\/v2\/users\/1"}],"replies":[{"embeddable":true,"href":"https:\/\/npkrka.hr\/hr\/wp-json\/wp\/v2\/comments?post=652"}],"version-history":[{"count":0,"href":"https:\/\/npkrka.hr\/hr\/wp-json\/wp\/v2\/pages\/652\/revisions"}],"up":[{"embeddable":true,"href":"https:\/\/npkrka.hr\/hr\/wp-json\/wp\/v2\/pages\/118"}],"wp:featuredmedia":[{"embeddable":true,"href":"https:\/\/npkrka.hr\/hr\/wp-json\/wp\/v2\/media\/653"}],"wp:attachment":[{"href":"https:\/\/npkrka.hr\/hr\/wp-json\/wp\/v2\/media?parent=652"}],"curies":[{"name":"wp","href":"https:\/\/api.w.org\/{rel}","templated":true}]}}