{"id":6487,"date":"2023-01-27T07:11:40","date_gmt":"2023-01-27T06:11:40","guid":{"rendered":"https:\/\/www.npkrka.hr\/?page_id=6487"},"modified":"2023-01-27T07:11:41","modified_gmt":"2023-01-27T06:11:41","slug":"principij-u-vojnom-logoru-burnum","status":"publish","type":"page","link":"https:\/\/npkrka.hr\/hr\/kulturna-bastina\/arheologija\/ciklus-burnum\/principij-u-vojnom-logoru-burnum\/","title":{"rendered":"Principij u vojnom logoru Burnum"},"content":{"rendered":"<p><strong>Danas su u Burnumu iznad zemlje vidljive samo dvije arkade i dio luka krupnije, nekad sredi\u0161nje arkade, koje su pripadale bazilici (sudnici, vije\u0107nici)<\/strong><\/p>\n<p>Glavni objekt u vojnom logoru Burnumu bio je principij (lat. <em>principium<\/em>), odnosno zgrada zapovjedni\u0161tva. Principij se u rimskim vojnim logorima gradio na spoju dvije glavne komunikacije (<em>viae principalis<\/em> i <em>viae praetoriae<\/em>), a gra\u0111evina je bila monumentalna struktura zami\u0161ljena kao glavni trg (<em>forum militare<\/em>) vojnog logora. Forumi su naj\u010de\u0161\u0107e bili okru\u017eeni peristilom, a u sredi\u0161tu dvori\u0161ta \u010desto su postavljani oltari za prino\u0161enje \u017ertava. Peristil je bio okru\u017een nizom prostorija koje nisu slu\u017eile za svakodnevnu upotrebu, ve\u0107 ekskluzivno u religijske i administrativne svrhe. Tu su bili uredi \u010dasnika, arhiv, oru\u017earnice i prostorije za sastanke zapovjednika. Odaje zapovjednika (<em>praetorium<\/em>) bile su odvojene, uvijek su se nalazile u blizini principija, a naj\u010de\u0161\u0107e je rije\u010d o zgradi koja imitira izgled italske vile s dvori\u0161tem i peristilom. U kasnom Carstvu bilo je uobi\u010dajeno da se u dvori\u0161tu principija nalazi i transverzalna dvorana (<em>basilica principiorum<\/em>) koja je zatvarala jednu stranu foruma. Sastavni dio bazilike bila je povi\u0161ena platforma za govornika, tribunal, s koje su se zapovjednici ili vi\u0161i \u010dasnici obra\u0107ali vojnicima. Iz dvori\u0161ta ili bazilike pristupalo se sveti\u0161tu (<em>aede<\/em>s ili <em>sacellum<\/em>), a obi\u010dno je rije\u010d o prostoriji s apsidom. U tom prostoru bila su smje\u0161tena i \u0161tovana vojna znamenja (<em>signa<\/em>) i legijski orao. Osim toga, bila je uobi\u010dajena praksa da to sveti\u0161te slu\u017ei i kao mjesto \u0161tovanja Jupitera ili carskog kulta. Sveti\u0161te je ujedno bilo i riznica u kojoj su se \u010duvale pla\u0107e vojnika, smje\u0161tena u njegovu podzemnom (podrumskom) dijelu.<\/p>\n<p>Podatke o prvim istra\u017eivanjima na prostoru principija donosi Theodor Mommsen 1859. godine. U svojim bilje\u0161kama donosi prijepis izvje\u0161taja s istra\u017eivanja koje je proveo \u201ekustos\u201c \u0110. Sunde\u010di\u0107 po nalogu Op\u0107ine Kistanje. Sljede\u0107a istra\u017eivanja na prostoru principija vodio je 1912. i 1913. godine E. Reisch u ime Austrijskog arheolo\u0161kog instituta u Be\u010du. \u0160ezdesetak godina kasnije djelatnik toga instituta M. Kandler na istom prostoru, unutar principija, obavio je manja revizijska iskapanja gra\u0111evinskog sklopa koji se u izvje\u0161tajima i znanstvenoj literaturi pogre\u0161no naziva pretorij (zapovjednikov stan).<\/p>\n<p>Principij u Burnumu zgrada je dimenzija 46 x 53 m, dovr\u0161ena najkasnije po\u010detkom vladanja cara Tiberija. Nakon neuspjele Skribonijanove pobune protiv cara Klaudija cijeli Burnum, pa tako i legijski logor, do\u017eivio je veliku urbanisti\u010dku i arhitektonsku promjenu. Pribli\u017ene dimenzije nove zgrade principija iznose 104 x 73 m. Sastoji se od dva du\u017ea krila (s legijskim uredima) koja flankiraju unutra\u0161nje dvori\u0161te, odvojenih lu\u010dnim arkadama od stra\u017enjeg, kra\u0107eg krila, u kojem je i legijsko sveti\u0161te u kojem se \u010duvaju bojni znakovi.<\/p>\n<p>Nakon odlaska vojske i podizanja Burnuma na municipalni rang naselja, principij se transformirao u civilni forum s adjacencijama. Takvu mogu\u0107nost sugeriraju civilni sadr\u017eaji u principiju kastruma i gra\u0111evinska aktivnost nakon odlaska legija.<\/p>\n<p>Danas su u Burnumu iznad zemlje vidljive samo dvije arkade i dio luka krupnije, nekad sredi\u0161nje arkade, koje su pripadale bazilici (sudnici, vije\u0107nici) sagra\u0111enoj, po svoj prilici, u trajansko-hadrijanskom razdoblju, kada je Burnum ve\u0107 stekao status municipija. Bazilika je bila polo\u017eena transverzalno u odnosu na du\u017eu os principija, pa se mo\u017ee pretpostaviti da se uklopila u postoje\u0107e arkade kao ulaze na duga\u010dkom bo\u010dnom zidu prema forumu. Istodobno je na prostoru nekada\u0161njeg principija uvedeno \u0161tovanje carskog kulta, o \u010demu svjedo\u010de nalazi posveta carevima Trajanu i Hadrijanu. U vrijeme obnove metroa\u010dkog kulta koju je proveo Antonin Pio rekonstruiran je i kapitolij, na \u010dijem su pro\u010delju, na rubovima fasade, dodane edikule metroa\u010dkog i Venerinog kulta.<\/p>\n<div class=\"fotorama rounded-lg  shadow lblue-bg mt-5   \" data-width=\"100%\" data-ratio=\"16\/10\"  data-nav=\"thumbs\" data-autoplay=\"true\" data-arrows=\"true\" data-transition=\"crossfade\"><img decoding=\"async\" src=\"https:\/\/npkrka.hr\/wp-content\/uploads\/Principij-u-Burnumu-3.jpg\" width=\"100%\" \/><img decoding=\"async\" src=\"https:\/\/npkrka.hr\/wp-content\/uploads\/Principij-u-Burnumu-2.jpg\" width=\"100%\" \/><img decoding=\"async\" src=\"https:\/\/npkrka.hr\/wp-content\/uploads\/Principij-u-Burnumu-4.jpg\" width=\"100%\" \/><img decoding=\"async\" src=\"https:\/\/npkrka.hr\/wp-content\/uploads\/Principij-u-Burnumu-1.jpg\" width=\"100%\" \/><img decoding=\"async\" src=\"https:\/\/npkrka.hr\/wp-content\/uploads\/Principij-u-Burnumu-5.jpg\" width=\"100%\" \/><img decoding=\"async\" src=\"https:\/\/npkrka.hr\/wp-content\/uploads\/Brljan-Burnum-lukovi-zracna.jpg\" width=\"100%\" \/><img decoding=\"async\" src=\"https:\/\/npkrka.hr\/wp-content\/uploads\/Lukovi-Burnum-1.jpg\" width=\"100%\" \/><img decoding=\"async\" src=\"https:\/\/npkrka.hr\/wp-content\/uploads\/Lukovi-Burnum-2.jpg\" width=\"100%\" \/><img decoding=\"async\" src=\"https:\/\/npkrka.hr\/wp-content\/uploads\/Lukovi-Burnum-3.jpg\" width=\"100%\" \/><img decoding=\"async\" src=\"https:\/\/npkrka.hr\/wp-content\/uploads\/Arheoloska-skola-1.jpg\" width=\"100%\" \/><img decoding=\"async\" src=\"https:\/\/npkrka.hr\/wp-content\/uploads\/Arheoloska-skola-2.jpg\" width=\"100%\" \/><\/div><p>&nbsp;<\/p>\n","protected":false},"excerpt":{"rendered":"<p>Danas su u Burnumu iznad zemlje vidljive samo dvije arkade i dio luka krupnije, nekad sredi\u0161nje arkade, koje su pripadale bazilici<\/p>\n","protected":false},"author":3,"featured_media":6492,"parent":5958,"menu_order":9,"comment_status":"closed","ping_status":"closed","template":"","meta":{"footnotes":""},"class_list":["post-6487","page","type-page","status-publish","has-post-thumbnail","hentry"],"_links":{"self":[{"href":"https:\/\/npkrka.hr\/hr\/wp-json\/wp\/v2\/pages\/6487","targetHints":{"allow":["GET"]}}],"collection":[{"href":"https:\/\/npkrka.hr\/hr\/wp-json\/wp\/v2\/pages"}],"about":[{"href":"https:\/\/npkrka.hr\/hr\/wp-json\/wp\/v2\/types\/page"}],"author":[{"embeddable":true,"href":"https:\/\/npkrka.hr\/hr\/wp-json\/wp\/v2\/users\/3"}],"replies":[{"embeddable":true,"href":"https:\/\/npkrka.hr\/hr\/wp-json\/wp\/v2\/comments?post=6487"}],"version-history":[{"count":0,"href":"https:\/\/npkrka.hr\/hr\/wp-json\/wp\/v2\/pages\/6487\/revisions"}],"up":[{"embeddable":true,"href":"https:\/\/npkrka.hr\/hr\/wp-json\/wp\/v2\/pages\/5958"}],"wp:featuredmedia":[{"embeddable":true,"href":"https:\/\/npkrka.hr\/hr\/wp-json\/wp\/v2\/media\/6492"}],"wp:attachment":[{"href":"https:\/\/npkrka.hr\/hr\/wp-json\/wp\/v2\/media?parent=6487"}],"curies":[{"name":"wp","href":"https:\/\/api.w.org\/{rel}","templated":true}]}}