{"id":639,"date":"2022-06-24T14:14:12","date_gmt":"2022-06-24T12:14:12","guid":{"rendered":"https:\/\/www.npkrka.hr\/?page_id=639"},"modified":"2024-05-17T07:54:40","modified_gmt":"2024-05-17T05:54:40","slug":"kap-za-slap","status":"publish","type":"page","link":"https:\/\/npkrka.hr\/hr\/posjeti\/edukativne-radionice\/kap-za-slap\/","title":{"rendered":"Kap za slap"},"content":{"rendered":"<p><strong>Radionica je namijenjena u\u010denicima ni\u017eih razreda osnovne \u0161kole<\/strong><\/p>\n<p>Kroz PowerPoint prezentaciju djeca se educiraju o zna\u010denju vode za \u017eivot na Zemlji, saznaju koja su podru\u010dja bogata vodom, a koja njome oskudijevaju i koje su posljedice nedostatka vode, posebno pitke.<\/p>\n<p>Nakon predavanja djeca se podijele u grupe, koje imaju zadatak napraviti filtar za vodu. Materijal za izradu filtra uklju\u010duje sitni i krupni pijesak, pamuk, mre\u017eu, gumicu, ugljen i plasti\u010dnu bocu. Na taj se na\u010din djeca poti\u010du na razmi\u0161ljanje, raspravu i timski rad. Nakon toga filtri se testiraju tako \u0161to se kroz njih pu\u0161ta prljava voda. Najbolji je filtar onaj kroz koji protje\u010de naj\u010di\u0161\u0107a voda.<\/p>\n<p>Okvirno trajanje radionice: 45 \u2013 60 minuta<\/p>\n<p>Preporu\u010deni broj u\u010denika u skupini: 25<\/p>\n","protected":false},"excerpt":{"rendered":"<p>Radionica je namijenjena u\u010denicima od prvog do \u0161estog razreda.<\/p>\n","protected":false},"author":1,"featured_media":640,"parent":116,"menu_order":6,"comment_status":"closed","ping_status":"closed","template":"","meta":{"footnotes":""},"class_list":["post-639","page","type-page","status-publish","has-post-thumbnail","hentry"],"_links":{"self":[{"href":"https:\/\/npkrka.hr\/hr\/wp-json\/wp\/v2\/pages\/639","targetHints":{"allow":["GET"]}}],"collection":[{"href":"https:\/\/npkrka.hr\/hr\/wp-json\/wp\/v2\/pages"}],"about":[{"href":"https:\/\/npkrka.hr\/hr\/wp-json\/wp\/v2\/types\/page"}],"author":[{"embeddable":true,"href":"https:\/\/npkrka.hr\/hr\/wp-json\/wp\/v2\/users\/1"}],"replies":[{"embeddable":true,"href":"https:\/\/npkrka.hr\/hr\/wp-json\/wp\/v2\/comments?post=639"}],"version-history":[{"count":0,"href":"https:\/\/npkrka.hr\/hr\/wp-json\/wp\/v2\/pages\/639\/revisions"}],"up":[{"embeddable":true,"href":"https:\/\/npkrka.hr\/hr\/wp-json\/wp\/v2\/pages\/116"}],"wp:featuredmedia":[{"embeddable":true,"href":"https:\/\/npkrka.hr\/hr\/wp-json\/wp\/v2\/media\/640"}],"wp:attachment":[{"href":"https:\/\/npkrka.hr\/hr\/wp-json\/wp\/v2\/media?parent=639"}],"curies":[{"name":"wp","href":"https:\/\/api.w.org\/{rel}","templated":true}]}}