{"id":635,"date":"2022-06-24T14:12:22","date_gmt":"2022-06-24T12:12:22","guid":{"rendered":"https:\/\/www.npkrka.hr\/?page_id=635"},"modified":"2024-05-17T07:52:47","modified_gmt":"2024-05-17T05:52:47","slug":"nosi-mi-se-zeleno","status":"publish","type":"page","link":"https:\/\/npkrka.hr\/hr\/posjeti\/edukativne-radionice\/nosi-mi-se-zeleno\/","title":{"rendered":"Nosi mi se zeleno"},"content":{"rendered":"<p><strong>Radionica je namijenjena pred\u0161kolcima i u\u010denicima ni\u017eih razreda osnovne \u0161kole<\/strong><\/p>\n<p>Tema ove edukativne radionice jesu \u017eabe i njihovo o\u010duvanje. Danas na svijetu \u017eivi oko 5 450 vrsta \u017eaba, od kojih je, prema IUCN-u, ugro\u017eeno \u010dak 32,5 %, a u zadnjem desetlje\u0107u 165 vrsta \u017eaba izumrlo je. Djeca na radionici upoznaju \u017eivotni ciklus \u017eaba, a saznat \u0107e i koji su glavni razlozi njihove ugro\u017eenosti: nestanak stani\u0161ta, zaga\u0111enje i klimatske promjene.<\/p>\n<p>Radionica je zami\u0161ljena kao PowerPoint prezentacija preko koje djeca kroz pri\u010du i ilustracije u\u010de o \u017eivotu malenih zelenih prijatelja. Nakon toga slijedi igra odnosno kviz: skakanjem od lopo\u010da do lopo\u010da djeca se zabavljaju dok im edukatori postavljaju pitanja. Na taj na\u010din djeca pamte najzanimljivije informacije o \u017eabama. Nakon igre slijedi izrada zanimljivih maski, u \u010demu maleni posebno u\u017eivaju.<\/p>\n<p>Okvirno trajanje radionice: 45 \u2013 60 minuta<\/p>\n<p>Preporu\u010deni broj u\u010denika u skupini: 25<\/p>\n","protected":false},"excerpt":{"rendered":"<p>Radionica je namijenjena pred\u0161kolcima i u\u010denicima ni\u017eih razreda osnovne \u0161kole.<\/p>\n","protected":false},"author":1,"featured_media":636,"parent":116,"menu_order":5,"comment_status":"closed","ping_status":"closed","template":"","meta":{"footnotes":""},"class_list":["post-635","page","type-page","status-publish","has-post-thumbnail","hentry"],"_links":{"self":[{"href":"https:\/\/npkrka.hr\/hr\/wp-json\/wp\/v2\/pages\/635","targetHints":{"allow":["GET"]}}],"collection":[{"href":"https:\/\/npkrka.hr\/hr\/wp-json\/wp\/v2\/pages"}],"about":[{"href":"https:\/\/npkrka.hr\/hr\/wp-json\/wp\/v2\/types\/page"}],"author":[{"embeddable":true,"href":"https:\/\/npkrka.hr\/hr\/wp-json\/wp\/v2\/users\/1"}],"replies":[{"embeddable":true,"href":"https:\/\/npkrka.hr\/hr\/wp-json\/wp\/v2\/comments?post=635"}],"version-history":[{"count":0,"href":"https:\/\/npkrka.hr\/hr\/wp-json\/wp\/v2\/pages\/635\/revisions"}],"up":[{"embeddable":true,"href":"https:\/\/npkrka.hr\/hr\/wp-json\/wp\/v2\/pages\/116"}],"wp:featuredmedia":[{"embeddable":true,"href":"https:\/\/npkrka.hr\/hr\/wp-json\/wp\/v2\/media\/636"}],"wp:attachment":[{"href":"https:\/\/npkrka.hr\/hr\/wp-json\/wp\/v2\/media?parent=635"}],"curies":[{"name":"wp","href":"https:\/\/api.w.org\/{rel}","templated":true}]}}