{"id":630,"date":"2022-06-24T14:10:49","date_gmt":"2022-06-24T12:10:49","guid":{"rendered":"https:\/\/www.npkrka.hr\/?page_id=630"},"modified":"2024-05-17T07:50:49","modified_gmt":"2024-05-17T05:50:49","slug":"630-2","status":"publish","type":"page","link":"https:\/\/npkrka.hr\/hr\/posjeti\/edukativne-radionice\/630-2\/","title":{"rendered":"\u010cudesni svijet vretenaca"},"content":{"rendered":"<p><strong>Radionica je namijenjena pred\u0161kolcima i u\u010denicima ni\u017eih razreda osnovne \u0161kole.<\/strong><\/p>\n<p>Radionica je zami\u0161ljena tako da se djeci kroz PowerPoint prezentaciju i igru pribli\u017ei \u010dudesan svijet vretenaca. Djeca u\u010de o gra\u0111i tijela vretenaca, o njihovu \u017eivotnom ciklusu i na\u010dinu na koji se pare, o tomu kako lete i za\u0161to je va\u017eno o\u010duvati vodena stani\u0161ta. Nakon predavanja slijedi kreativna radionica izrade maski vretenaca i kviz-pitalica.<\/p>\n<p>Okvirno trajanje radionice: 45 \u2013 60 minuta<\/p>\n<p>Preporu\u010deni broj u\u010denika u skupini: 25<\/p>\n","protected":false},"excerpt":{"rendered":"<p>Radionica je namijenjena pred\u0161kolcima i ni\u017eim razredima osnovnih \u0161kola.<\/p>\n","protected":false},"author":1,"featured_media":631,"parent":116,"menu_order":4,"comment_status":"closed","ping_status":"closed","template":"","meta":{"footnotes":""},"class_list":["post-630","page","type-page","status-publish","has-post-thumbnail","hentry"],"_links":{"self":[{"href":"https:\/\/npkrka.hr\/hr\/wp-json\/wp\/v2\/pages\/630","targetHints":{"allow":["GET"]}}],"collection":[{"href":"https:\/\/npkrka.hr\/hr\/wp-json\/wp\/v2\/pages"}],"about":[{"href":"https:\/\/npkrka.hr\/hr\/wp-json\/wp\/v2\/types\/page"}],"author":[{"embeddable":true,"href":"https:\/\/npkrka.hr\/hr\/wp-json\/wp\/v2\/users\/1"}],"replies":[{"embeddable":true,"href":"https:\/\/npkrka.hr\/hr\/wp-json\/wp\/v2\/comments?post=630"}],"version-history":[{"count":0,"href":"https:\/\/npkrka.hr\/hr\/wp-json\/wp\/v2\/pages\/630\/revisions"}],"up":[{"embeddable":true,"href":"https:\/\/npkrka.hr\/hr\/wp-json\/wp\/v2\/pages\/116"}],"wp:featuredmedia":[{"embeddable":true,"href":"https:\/\/npkrka.hr\/hr\/wp-json\/wp\/v2\/media\/631"}],"wp:attachment":[{"href":"https:\/\/npkrka.hr\/hr\/wp-json\/wp\/v2\/media?parent=630"}],"curies":[{"name":"wp","href":"https:\/\/api.w.org\/{rel}","templated":true}]}}