{"id":626,"date":"2022-06-24T14:09:11","date_gmt":"2022-06-24T12:09:11","guid":{"rendered":"https:\/\/www.npkrka.hr\/?page_id=626"},"modified":"2024-05-17T07:49:02","modified_gmt":"2024-05-17T05:49:02","slug":"dajmo-vise-za-sismise","status":"publish","type":"page","link":"https:\/\/npkrka.hr\/hr\/posjeti\/edukativne-radionice\/dajmo-vise-za-sismise\/","title":{"rendered":"Dajmo vi\u0161e za \u0161i\u0161mi\u0161e"},"content":{"rendered":"<p><strong>Radionica je namijenjena djeci pred\u0161kolskog uzrasta i u\u010denicima djeci ni\u017eih razreda osnovne \u0161kole<\/strong><\/p>\n<p>Kao pokazatelji zdravog okoli\u0161a, \u0161i\u0161mi\u0161i su iznimno va\u017ean dio svjetskih ekosustava.\u00a0Njihova va\u017enost \u0161i\u0161mi\u0161a u prirodi o\u010dituje se u biolo\u0161koj kontroli brojnosti kukaca i opra\u0161ivanju i \u0161irenju sjemenki biljaka. Glavni razlozi njihove ugro\u017eenosti jesu gubitak stani\u0161ta (zbog prekomjerne sje\u010de starih stabala s dupljama, zatrpavanja \u0161pilja, ure\u0111ivanja \u0161pilja za turisti\u010dke potrebe, premazivanja drvenih greda za\u0161titnim kemikalijama koje su otrovne), upotreba pesticida, smanjivanje broja kukaca, uznemiravanje, isu\u0161ivanje i one\u010di\u0161\u0107ivanje voda i sl.<\/p>\n<p>Radionicom \u201eDajmo vi\u0161e za \u0161i\u0161mi\u0161e\u201c poku\u0161avamo razbiti neke od predrasuda o njima: da piju krv, da se zalije\u0107u u kosu, da su slijepi \u2013 odatle izreka \u201eSlijep kao \u0161i\u0161mi\u0161\u201c. Program se sastoji od kratke PowerPoint prezentacije, s osnovnim upoznavanjem \u0161i\u0161mi\u0161a i zanimljivom kviz-pitalicom.<\/p>\n<p>Okvirno trajanje radionice: 45 \u2013 60 minuta<\/p>\n<p>Preporu\u010deni broj u\u010denika u skupini: 25<\/p>\n","protected":false},"excerpt":{"rendered":"<p>Radionica je namijenjena pred\u0161kolskom uzrastu te djeci ni\u017eih razreda osnovne \u0161kole.<\/p>\n","protected":false},"author":1,"featured_media":627,"parent":116,"menu_order":2,"comment_status":"closed","ping_status":"closed","template":"","meta":{"footnotes":""},"class_list":["post-626","page","type-page","status-publish","has-post-thumbnail","hentry"],"_links":{"self":[{"href":"https:\/\/npkrka.hr\/hr\/wp-json\/wp\/v2\/pages\/626","targetHints":{"allow":["GET"]}}],"collection":[{"href":"https:\/\/npkrka.hr\/hr\/wp-json\/wp\/v2\/pages"}],"about":[{"href":"https:\/\/npkrka.hr\/hr\/wp-json\/wp\/v2\/types\/page"}],"author":[{"embeddable":true,"href":"https:\/\/npkrka.hr\/hr\/wp-json\/wp\/v2\/users\/1"}],"replies":[{"embeddable":true,"href":"https:\/\/npkrka.hr\/hr\/wp-json\/wp\/v2\/comments?post=626"}],"version-history":[{"count":0,"href":"https:\/\/npkrka.hr\/hr\/wp-json\/wp\/v2\/pages\/626\/revisions"}],"up":[{"embeddable":true,"href":"https:\/\/npkrka.hr\/hr\/wp-json\/wp\/v2\/pages\/116"}],"wp:featuredmedia":[{"embeddable":true,"href":"https:\/\/npkrka.hr\/hr\/wp-json\/wp\/v2\/media\/627"}],"wp:attachment":[{"href":"https:\/\/npkrka.hr\/hr\/wp-json\/wp\/v2\/media?parent=626"}],"curies":[{"name":"wp","href":"https:\/\/api.w.org\/{rel}","templated":true}]}}