{"id":620,"date":"2022-06-24T14:06:32","date_gmt":"2022-06-24T12:06:32","guid":{"rendered":"https:\/\/www.npkrka.hr\/?page_id=620"},"modified":"2024-05-17T07:47:23","modified_gmt":"2024-05-17T05:47:23","slug":"620-2","status":"publish","type":"page","link":"https:\/\/npkrka.hr\/hr\/posjeti\/edukativne-radionice\/620-2\/","title":{"rendered":"3R &#8211; Reduce, Reuse, Recycle"},"content":{"rendered":"<p><strong>Radionica je namijenjena djeci pred\u0161kolskog uzrasta i u\u010denicima ni\u017eih razreda osnovne \u0161kole<\/strong><\/p>\n<p>Radionica po\u010dinje uvodnom pri\u010dom u kojoj se obra\u0111uju termini razvrstavanja i recikliranja otpada. Nakon kratke igre razvrstavanja otpada sudionici radionice podijele se u tri radne postaje, od kojih prva izra\u0111uje perlice od sjajnog novinskog papira (npr. od revija i magazina), koje ni\u017ee u narukvice i ogrlice, duga od PVC vre\u0107ica izra\u0111uje velike ru\u017eine cvjetove, koji se mogu nositi kao ukras na odjevnom predmetu ili torbi, kao narukvica i sl., a tre\u0107a reciklira matirani novinski papir (npr. od klasi\u010dnih novina) dodavanjem razli\u010ditih bezopasnih boja u blenderu za ku\u0107anstva, od kojeg potom izra\u0111uje i oslikava crte\u017ee i razli\u010dite ukrasne oblike.<\/p>\n<p>Izra\u0111eni predmeti djeci \u0107e biti trajna uspomena na \u201e3R\u201c radionicu i vrijeme provedeno u dru\u017eenju s edukatorima NP \u201eKrka\u201c.<\/p>\n<p>Okvirno trajanje radionice: 45 \u2013 60 minuta<\/p>\n<p>Preporu\u010deni broj u\u010denika u skupini: 25<\/p>\n<p>\u00a0<\/p>\n<p>\u00a0<\/p>\n","protected":false},"excerpt":{"rendered":"<p>Radionica je namijenjena pred\u0161kolskom uzrastu te ni\u017eim razredima osnovnih \u0161kola.<\/p>\n","protected":false},"author":1,"featured_media":621,"parent":116,"menu_order":2,"comment_status":"closed","ping_status":"closed","template":"","meta":{"footnotes":""},"class_list":["post-620","page","type-page","status-publish","has-post-thumbnail","hentry"],"_links":{"self":[{"href":"https:\/\/npkrka.hr\/hr\/wp-json\/wp\/v2\/pages\/620","targetHints":{"allow":["GET"]}}],"collection":[{"href":"https:\/\/npkrka.hr\/hr\/wp-json\/wp\/v2\/pages"}],"about":[{"href":"https:\/\/npkrka.hr\/hr\/wp-json\/wp\/v2\/types\/page"}],"author":[{"embeddable":true,"href":"https:\/\/npkrka.hr\/hr\/wp-json\/wp\/v2\/users\/1"}],"replies":[{"embeddable":true,"href":"https:\/\/npkrka.hr\/hr\/wp-json\/wp\/v2\/comments?post=620"}],"version-history":[{"count":0,"href":"https:\/\/npkrka.hr\/hr\/wp-json\/wp\/v2\/pages\/620\/revisions"}],"up":[{"embeddable":true,"href":"https:\/\/npkrka.hr\/hr\/wp-json\/wp\/v2\/pages\/116"}],"wp:featuredmedia":[{"embeddable":true,"href":"https:\/\/npkrka.hr\/hr\/wp-json\/wp\/v2\/media\/621"}],"wp:attachment":[{"href":"https:\/\/npkrka.hr\/hr\/wp-json\/wp\/v2\/media?parent=620"}],"curies":[{"name":"wp","href":"https:\/\/api.w.org\/{rel}","templated":true}]}}