{"id":617,"date":"2022-06-24T14:04:12","date_gmt":"2022-06-24T12:04:12","guid":{"rendered":"https:\/\/www.npkrka.hr\/?page_id=617"},"modified":"2024-12-10T09:30:27","modified_gmt":"2024-12-10T08:30:27","slug":"mali-cuvari-prirode","status":"publish","type":"page","link":"https:\/\/npkrka.hr\/hr\/posjeti\/edukativne-radionice\/mali-cuvari-prirode\/","title":{"rendered":"Mali \u010duvari prirode"},"content":{"rendered":"<p><strong>Radionica je namijenjena u\u010denicima ni\u017eih razreda osnovne \u0161kole <\/strong><\/p>\n<p>U\u010denici se prvo upoznaju s Nacionalnim parkom \u201eKrka\u201c pomo\u0107u PowerPoint prezentacije. Posebno se obra\u0111uju fenomen sedre i slapovi, kao i biljne i \u017eivotinjske vrste koje obitavaju na podru\u010dju Parka. Radionica se sadr\u017eajno mo\u017ee uklopiti u kurikulum za nastavni predmet Priroda i dru\u0161tvo, za ni\u017ee razrede osnovne \u0161kole. Na kraju radionice u\u010denici rje\u0161avaju kviz-pitalicu i, nakon prisege, postanu \u201emali \u010duvari prirode\u201d.<\/p>\n<p>Okvirno trajanje radionice: 45 \u2013 60 minuta<\/p>\n<p>Preporu\u010deni broj u\u010denika u skupini: 25<\/p>\n","protected":false},"excerpt":{"rendered":"<p>Radionica je namijenjena ni\u017eim razredima osnovne \u0161kole i zami\u0161ljena na na\u010din da na\u0161i edukatori djeci prezentiraju Nacionalni park &#8220;Krka&#8221; kroz pri\u010du i igru na na\u010din prilago\u0111en njihovom uzrastu.<\/p>\n","protected":false},"author":1,"featured_media":611,"parent":116,"menu_order":1,"comment_status":"closed","ping_status":"closed","template":"","meta":{"footnotes":""},"class_list":["post-617","page","type-page","status-publish","has-post-thumbnail","hentry"],"_links":{"self":[{"href":"https:\/\/npkrka.hr\/hr\/wp-json\/wp\/v2\/pages\/617","targetHints":{"allow":["GET"]}}],"collection":[{"href":"https:\/\/npkrka.hr\/hr\/wp-json\/wp\/v2\/pages"}],"about":[{"href":"https:\/\/npkrka.hr\/hr\/wp-json\/wp\/v2\/types\/page"}],"author":[{"embeddable":true,"href":"https:\/\/npkrka.hr\/hr\/wp-json\/wp\/v2\/users\/1"}],"replies":[{"embeddable":true,"href":"https:\/\/npkrka.hr\/hr\/wp-json\/wp\/v2\/comments?post=617"}],"version-history":[{"count":0,"href":"https:\/\/npkrka.hr\/hr\/wp-json\/wp\/v2\/pages\/617\/revisions"}],"up":[{"embeddable":true,"href":"https:\/\/npkrka.hr\/hr\/wp-json\/wp\/v2\/pages\/116"}],"wp:featuredmedia":[{"embeddable":true,"href":"https:\/\/npkrka.hr\/hr\/wp-json\/wp\/v2\/media\/611"}],"wp:attachment":[{"href":"https:\/\/npkrka.hr\/hr\/wp-json\/wp\/v2\/media?parent=617"}],"curies":[{"name":"wp","href":"https:\/\/api.w.org\/{rel}","templated":true}]}}