{"id":613,"date":"2022-06-24T14:03:03","date_gmt":"2022-06-24T12:03:03","guid":{"rendered":"https:\/\/www.npkrka.hr\/?page_id=613"},"modified":"2024-05-17T07:41:12","modified_gmt":"2024-05-17T05:41:12","slug":"mini-cuvari-prirode","status":"publish","type":"page","link":"https:\/\/npkrka.hr\/hr\/posjeti\/edukativne-radionice\/mini-cuvari-prirode\/","title":{"rendered":"Mini \u010duvari prirode"},"content":{"rendered":"<p><strong>Radionica je namijenjena djeci pred\u0161kolskog uzrasta <\/strong><\/p>\n<p>Djeca sudionici radionice prvo se upoznaju s Nacionalnim parkom \u201eKrka\u201c, s njegovim temeljnim fenomenom \u2013 sedrom te prirodnim i kulturnim vrijednostima. Potom im slikovitim pri\u010danjem pri\u010de o \u0161i\u0161mi\u0161ici Jopi, koja poku\u0161ava proslaviti svoj 6. ro\u0111endan i pri tome bude sprije\u010dena zbog zaga\u0111enja vode, na zanimljiv na\u010din bude prenesena poruka o tomu koliko oni kao pojedinci svojim pona\u0161anjem mogu utjecati, pozitivno ili negativno, na \u017eivot \u017eivotinja i prirodu op\u0107enito. Radionica zavr\u0161ava DA\/NE pitalicom, nakon koje djeca postanu \u201emini \u010duvari prirode\u201c.<\/p>\n<p>Okvirno trajanje radionice: 30 minuta<\/p>\n<p>Preporu\u010deni broj djece u skupini: 25<\/p>\n","protected":false},"excerpt":{"rendered":"<p>Radionica je namijenjena pred\u0161kolskom uzrastu i zami\u0161ljena na na\u010din da na\u0161i edukatori djeci prezentiraju Nacionalni park &#8220;Krka&#8221; kroz pri\u010du i igru na na\u010din prilago\u0111en njihovom uzrastu.<\/p>\n","protected":false},"author":1,"featured_media":614,"parent":116,"menu_order":0,"comment_status":"closed","ping_status":"closed","template":"","meta":{"footnotes":""},"class_list":["post-613","page","type-page","status-publish","has-post-thumbnail","hentry"],"_links":{"self":[{"href":"https:\/\/npkrka.hr\/hr\/wp-json\/wp\/v2\/pages\/613","targetHints":{"allow":["GET"]}}],"collection":[{"href":"https:\/\/npkrka.hr\/hr\/wp-json\/wp\/v2\/pages"}],"about":[{"href":"https:\/\/npkrka.hr\/hr\/wp-json\/wp\/v2\/types\/page"}],"author":[{"embeddable":true,"href":"https:\/\/npkrka.hr\/hr\/wp-json\/wp\/v2\/users\/1"}],"replies":[{"embeddable":true,"href":"https:\/\/npkrka.hr\/hr\/wp-json\/wp\/v2\/comments?post=613"}],"version-history":[{"count":0,"href":"https:\/\/npkrka.hr\/hr\/wp-json\/wp\/v2\/pages\/613\/revisions"}],"up":[{"embeddable":true,"href":"https:\/\/npkrka.hr\/hr\/wp-json\/wp\/v2\/pages\/116"}],"wp:featuredmedia":[{"embeddable":true,"href":"https:\/\/npkrka.hr\/hr\/wp-json\/wp\/v2\/media\/614"}],"wp:attachment":[{"href":"https:\/\/npkrka.hr\/hr\/wp-json\/wp\/v2\/media?parent=613"}],"curies":[{"name":"wp","href":"https:\/\/api.w.org\/{rel}","templated":true}]}}