{"id":606,"date":"2022-06-24T13:54:53","date_gmt":"2022-06-24T11:54:53","guid":{"rendered":"https:\/\/www.npkrka.hr\/?page_id=606"},"modified":"2024-08-21T09:10:47","modified_gmt":"2024-08-21T07:10:47","slug":"manastir-krka-i-srednjovjekovne-utvrde-trosenj-i-necven","status":"publish","type":"page","link":"https:\/\/npkrka.hr\/hr\/posjeti\/izleti-brodom\/manastir-krka-i-srednjovjekovne-utvrde-trosenj-i-necven\/","title":{"rendered":"Srednjovjekovne utvrde Tro\u0161enj i Ne\u010dven"},"content":{"rendered":"<p>Organizirani izleti brodom s Ro\u0161kog slapa dostupni su od travnja do listopada.<\/p>\n<p><strong>POLAZI\u0160TE Ro\u0161ki slap:<\/strong><\/p>\n<p><strong>Ro\u0161ki slap \u2013 srednjovjekovne utvrde Tro\u0161enj i Ne\u010dven<\/strong>, 2 sata<\/p>\n<ul>\n<li>pogled na srednjovjekovne utvrde Tro\u0161enj i Ne\u010dven iz broda<\/li>\n<\/ul>\n<p><strong>Vrijeme polaska brodova:\u00a0<\/strong><\/p>\n<ul>\n<li><strong>s Ro\u0161kog slapa po dogovoru<\/strong><\/li>\n<li>polasci brodova s Ro\u0161kog slapa mogu\u0107i su do 15 sati<\/li>\n<li>organizirane grupe po najavi<\/li>\n<\/ul>\n<hr \/>\n<p><strong>CIJENA<\/strong>:\u00a0pogledajte na\u0161 <a href=\"https:\/\/www.npkrka.hr\/hr\/posjeti\/cjenik\/\">cjenik<\/a><\/p>\n","protected":false},"excerpt":{"rendered":"<p>Duhovno sredi\u0161te pravoslavnih vjernika \u2013 manastir Krka (sv. Arhan\u0111el) nalazi se na pitomom pro\u0161irenju rijeke Krke zvanom Carigradska draga, tri i pol kilometra isto\u010dno od Kistanja.<\/p>\n","protected":false},"author":1,"featured_media":2235,"parent":110,"menu_order":4,"comment_status":"closed","ping_status":"closed","template":"","meta":{"footnotes":""},"class_list":["post-606","page","type-page","status-publish","has-post-thumbnail","hentry"],"_links":{"self":[{"href":"https:\/\/npkrka.hr\/hr\/wp-json\/wp\/v2\/pages\/606","targetHints":{"allow":["GET"]}}],"collection":[{"href":"https:\/\/npkrka.hr\/hr\/wp-json\/wp\/v2\/pages"}],"about":[{"href":"https:\/\/npkrka.hr\/hr\/wp-json\/wp\/v2\/types\/page"}],"author":[{"embeddable":true,"href":"https:\/\/npkrka.hr\/hr\/wp-json\/wp\/v2\/users\/1"}],"replies":[{"embeddable":true,"href":"https:\/\/npkrka.hr\/hr\/wp-json\/wp\/v2\/comments?post=606"}],"version-history":[{"count":0,"href":"https:\/\/npkrka.hr\/hr\/wp-json\/wp\/v2\/pages\/606\/revisions"}],"up":[{"embeddable":true,"href":"https:\/\/npkrka.hr\/hr\/wp-json\/wp\/v2\/pages\/110"}],"wp:featuredmedia":[{"embeddable":true,"href":"https:\/\/npkrka.hr\/hr\/wp-json\/wp\/v2\/media\/2235"}],"wp:attachment":[{"href":"https:\/\/npkrka.hr\/hr\/wp-json\/wp\/v2\/media?parent=606"}],"curies":[{"name":"wp","href":"https:\/\/api.w.org\/{rel}","templated":true}]}}