{"id":603,"date":"2022-06-24T13:53:13","date_gmt":"2022-06-24T11:53:13","guid":{"rendered":"https:\/\/www.npkrka.hr\/?page_id=603"},"modified":"2024-08-20T14:09:58","modified_gmt":"2024-08-20T12:09:58","slug":"roski-slap-izlet","status":"publish","type":"page","link":"https:\/\/npkrka.hr\/hr\/posjeti\/izleti-brodom\/roski-slap-izlet\/","title":{"rendered":"Ro\u0161ki slap"},"content":{"rendered":"<p><b>Na Ro\u0161ki slap, osim kolnim prilazom, mogu\u0107e je do\u0107i organiziranim izletni\u010dkim brodovima Nacionalnog parka \u201eKrka\u201c sa Skradinskog buka.<\/b><\/p>\n<p>Izlet brodom od 4 sata uklju\u010duje posjet Visovcu, vo\u017enju kanjonom Me\u0111u gredama, razgledavanje Ro\u0161kog slapa (\u0161etnja pje\u0161a\u010dkom stazom preko <em>Ogrlica<\/em>, razgledavanje vodenica i stupe) u trajanju od 1,5 sat.<\/p>\n<p>Ponuda Ro\u0161kog slapa uklju\u010duje i organizirani prijevoz brodom prema srednjovjekovnim utvrdama Tro\u0161enj i Ne\u010dven u trajanju od 2 sata. Ulaznice u NP \u201eKrka\u201c i brodske izletni\u010dke karte posjetitelji mogu dobiti na ulazu (recepciji) Ro\u0161ki slap.<\/p>\n<p><strong>POLAZI\u0160TE SKRADINSKI\u00a0BUK<\/strong>:<\/p>\n<p><strong>Skradinski buk \u2013 Visovac \u2013 Ro\u0161ki slap<\/strong>, 4 sata<\/p>\n<ul>\n<li>razgledavanje Visovca od pola sata u pratnji informatora<\/li>\n<li>vo\u017enja kanjonom Me\u0111u gredama prema Ro\u0161kom slapu<\/li>\n<li>razgledavanje Ro\u0161kog slapa u trajanju od 1,5 sat<\/li>\n<\/ul>\n<p><strong>POLAZI\u0160TE RO\u0160KI SLAP<\/strong>:<\/p>\n<p><strong>Ro\u0161ki slap\u00a0\u2013 Visovac \u2013 Ro\u0161ki slap<\/strong>,\u00a02 sata<\/p>\n<ul>\n<li>razgledavanje Visovca od pola sata u pratnji informatora<\/li>\n<li>vo\u017enja kanjonom Me\u0111u gredama<\/li>\n<li>izlet brodom s Ro\u0161kog slapa prema Visovcu dostupan je do 15 sati<\/li>\n<\/ul>\n<p><strong>Vrijeme polaska brodova:<\/strong><\/p>\n<ul>\n<li><strong>sa Skradinskog buka i Ro\u0161kog slapa po dogovoru<\/strong><\/li>\n<li>organizirane grupe po najavi<\/li>\n<\/ul>\n<p><strong>CIJENA<\/strong>:\u00a0pogledajte na\u0161 <a href=\"https:\/\/www.npkrka.hr\/posjeti\/cjenik\/\">cjenik<\/a><\/p>\n","protected":false},"excerpt":{"rendered":"<p>Na Ro\u0161ki slap, osim kolnim prilazom, mogu\u0107e je do\u0107i organiziranim izletni\u010dkim brodovima Nacionalnog parka \u201eKrka\u201c sa Skradinskog buka.<\/p>\n","protected":false},"author":1,"featured_media":226,"parent":110,"menu_order":2,"comment_status":"closed","ping_status":"closed","template":"","meta":{"footnotes":""},"class_list":["post-603","page","type-page","status-publish","has-post-thumbnail","hentry"],"_links":{"self":[{"href":"https:\/\/npkrka.hr\/hr\/wp-json\/wp\/v2\/pages\/603","targetHints":{"allow":["GET"]}}],"collection":[{"href":"https:\/\/npkrka.hr\/hr\/wp-json\/wp\/v2\/pages"}],"about":[{"href":"https:\/\/npkrka.hr\/hr\/wp-json\/wp\/v2\/types\/page"}],"author":[{"embeddable":true,"href":"https:\/\/npkrka.hr\/hr\/wp-json\/wp\/v2\/users\/1"}],"replies":[{"embeddable":true,"href":"https:\/\/npkrka.hr\/hr\/wp-json\/wp\/v2\/comments?post=603"}],"version-history":[{"count":0,"href":"https:\/\/npkrka.hr\/hr\/wp-json\/wp\/v2\/pages\/603\/revisions"}],"up":[{"embeddable":true,"href":"https:\/\/npkrka.hr\/hr\/wp-json\/wp\/v2\/pages\/110"}],"wp:featuredmedia":[{"embeddable":true,"href":"https:\/\/npkrka.hr\/hr\/wp-json\/wp\/v2\/media\/226"}],"wp:attachment":[{"href":"https:\/\/npkrka.hr\/hr\/wp-json\/wp\/v2\/media?parent=603"}],"curies":[{"name":"wp","href":"https:\/\/api.w.org\/{rel}","templated":true}]}}