{"id":598,"date":"2022-06-24T13:51:16","date_gmt":"2022-06-24T11:51:16","guid":{"rendered":"https:\/\/www.npkrka.hr\/?page_id=598"},"modified":"2024-04-18T08:52:00","modified_gmt":"2024-04-18T06:52:00","slug":"otok-visovac","status":"publish","type":"page","link":"https:\/\/npkrka.hr\/hr\/posjeti\/izleti-brodom\/otok-visovac\/","title":{"rendered":"Otok Visovac"},"content":{"rendered":"<p><strong>Zbog izuzetne vrijednosti, otok Visovac oduvijek je privla\u010dio brojne hodo\u010dasnike koji i sada organizirano hodo\u010daste koriste\u0107i izletni\u010dke brodove Nacionalnog parka \u201eKrka\u201c.<\/strong><\/p>\n<p>Za posje\u0107ivanje Visovca organizirani su izleti brodom sa Skradinskog buka i Ro\u0161kog slapa,\u00a0u trajanju od dva sata sa zadr\u017eavanjem od pola sata zbog razgledavanja oto\u010di\u0107a, franjeva\u010dkog samostana, crkve, muzeja.<\/p>\n<p>Izlet brodom sa Skradinskog buka do\u00a0Ro\u0161kog slapa (u trajanju od 4 sata)\u00a0tako\u0111er uklju\u010duje polusatno razgledavanje Visovca.<\/p>\n<hr \/>\n<p><strong>POLAZI\u0160TE SKRADINSKI\u00a0BUK<\/strong>:<\/p>\n<p><strong>Skradinski buk \u2013 Visovac \u2013 Skradinski buk<\/strong>, 2 sata<\/p>\n<ul>\n<li>razgledavanje Visovca od pola sata u pratnji informatora<\/li>\n<\/ul>\n<p><strong>Skradinski buk \u2013 Visovac \u2013 Ro\u0161ki slap \u2013 Skradinski buk<\/strong>, 4 sata<\/p>\n<ul>\n<li>razgledavanje Visovca od pola sata u pratnji informatora<\/li>\n<li>vo\u017enja kanjonom Me\u0111u gredama prema Ro\u0161kom slapu<\/li>\n<li>razgledavanje Ro\u0161kog slapa u trajanju od 1,5 sat<\/li>\n<\/ul>\n<p><strong>POLAZI\u0160TE RO\u0160KI SLAP<\/strong>:<\/p>\n<p><strong>Ro\u0161ki slap\u00a0\u2013 Visovac \u2013 Ro\u0161ki slap<\/strong>,\u00a02 sata<\/p>\n<ul>\n<li>razgledavanje Visovca od pola sata u pratnji informatora<\/li>\n<li>vo\u017enja kanjonom Me\u0111u gredama<\/li>\n<li>izlet brodom s Ro\u0161kog slapa prema Visovcu dostupan je do 15 sati<\/li>\n<\/ul>\n<p><strong>Vrijeme polaska brodova<\/strong>:<\/p>\n<ul>\n<li><strong>sa Skradinskog buka i Ro\u0161kog slapa po dogovoru<\/strong><\/li>\n<li>organizirane grupe i\u00a0hodo\u010dasnici po najavi<\/li>\n<\/ul>\n<hr \/>\n<p><strong>POLAZI\u0160TE STINICE\/REMETI\u0106<\/strong>:<\/p>\n<p><strong>Stinice \u2013 Visovac \u2013 Remeti\u0107<\/strong><\/p>\n<ul>\n<li>vo\u017enja brodom 5 minuta te razgledavanje Visovca u trajanju od pola sata<\/li>\n<\/ul>\n<p><strong>Vrijeme polaska brodova:<\/strong><\/p>\n<p>Stinice \u2013 Visovac 10.00, 11.00, 12.00, 13.00, 14.00, 15.00; 16.00<\/p>\n<p>Remeti\u0107 \u2013 Visovac 9.45, 10.45, 11.45, 12.45, 13.45, 14.45; 15:45<\/p>\n<hr \/>\n<p><strong>CIJENA<\/strong>:\u00a0pogledajte na\u0161 <a href=\"https:\/\/www.npkrka.hr\/hr\/posjeti\/cjenik\/\">cjenik<\/a><\/p>\n","protected":false},"excerpt":{"rendered":"<p>Zbog izuzetne vrijednosti, otok Visovac oduvijek je privla\u010dio brojne hodo\u010dasnike koji i sada organizirano hodo\u010daste koriste\u0107i izletni\u010dke brodove Nacionalnog parka \u201eKrka\u201c.<\/p>\n","protected":false},"author":1,"featured_media":599,"parent":110,"menu_order":1,"comment_status":"closed","ping_status":"closed","template":"","meta":{"footnotes":""},"class_list":["post-598","page","type-page","status-publish","has-post-thumbnail","hentry"],"_links":{"self":[{"href":"https:\/\/npkrka.hr\/hr\/wp-json\/wp\/v2\/pages\/598","targetHints":{"allow":["GET"]}}],"collection":[{"href":"https:\/\/npkrka.hr\/hr\/wp-json\/wp\/v2\/pages"}],"about":[{"href":"https:\/\/npkrka.hr\/hr\/wp-json\/wp\/v2\/types\/page"}],"author":[{"embeddable":true,"href":"https:\/\/npkrka.hr\/hr\/wp-json\/wp\/v2\/users\/1"}],"replies":[{"embeddable":true,"href":"https:\/\/npkrka.hr\/hr\/wp-json\/wp\/v2\/comments?post=598"}],"version-history":[{"count":0,"href":"https:\/\/npkrka.hr\/hr\/wp-json\/wp\/v2\/pages\/598\/revisions"}],"up":[{"embeddable":true,"href":"https:\/\/npkrka.hr\/hr\/wp-json\/wp\/v2\/pages\/110"}],"wp:featuredmedia":[{"embeddable":true,"href":"https:\/\/npkrka.hr\/hr\/wp-json\/wp\/v2\/media\/599"}],"wp:attachment":[{"href":"https:\/\/npkrka.hr\/hr\/wp-json\/wp\/v2\/media?parent=598"}],"curies":[{"name":"wp","href":"https:\/\/api.w.org\/{rel}","templated":true}]}}