{"id":5706,"date":"2022-11-03T09:12:29","date_gmt":"2022-11-03T08:12:29","guid":{"rendered":"https:\/\/www.npkrka.hr\/?page_id=5706"},"modified":"2022-11-07T11:21:50","modified_gmt":"2022-11-07T10:21:50","slug":"konferencijska-dvorana","status":"publish","type":"page","link":"https:\/\/npkrka.hr\/hr\/posjeti\/sadrzaji\/eko-kampus-krka-u-puljanima\/konferencijska-dvorana\/","title":{"rendered":"Konferencijska dvorana"},"content":{"rendered":"<p>U ambijentalnom okru\u017eenju Eko kampusa nalazi se i multifunkcionalna dvorana za konferencije, simpozije, predavanja i radionice. Dvorana ima sto dvadeset sjede\u0107ih mjesta. Mo\u017ee se pregraditi, odnosno pretvoriti u manju dvoranu. Opremljena je modernom audiovizualnom opremom, koja, kad su tehni\u010dke performanse u pitanju, jam\u010di visoku profesionalnu razinu i jedinstvenost doga\u0111anja u njoj.<\/p>\n<p>Konferencijska dvorana mo\u017ee se rezervirati na upit, a cijena najma navedena je u cjeniku.<\/p>\n<div class=\"fotorama rounded-lg  shadow lblue-bg mt-5   \" data-width=\"100%\" data-ratio=\"16\/10\"  data-nav=\"thumbs\" data-autoplay=\"true\" data-arrows=\"true\" data-transition=\"crossfade\"><img decoding=\"async\" src=\"https:\/\/npkrka.hr\/wp-content\/uploads\/Konferencijska-dvorana-4.jpg\" width=\"100%\" \/><img decoding=\"async\" src=\"https:\/\/npkrka.hr\/wp-content\/uploads\/Konferencijska-dvorana-2.jpg\" width=\"100%\" \/><img decoding=\"async\" src=\"https:\/\/npkrka.hr\/wp-content\/uploads\/Konferencijska-dvorana-3.jpg\" width=\"100%\" \/><img decoding=\"async\" src=\"https:\/\/npkrka.hr\/wp-content\/uploads\/Konferencijska-dvorana-1.jpg\" width=\"100%\" \/><img decoding=\"async\" src=\"https:\/\/npkrka.hr\/wp-content\/uploads\/034-2.jpg\" width=\"100%\" \/><\/div><p>&nbsp;<\/p>\n","protected":false},"excerpt":{"rendered":"<p>U ambijentalnom okru\u017eenju Eko kampusa nalazi se i multifunkcionalna dvorana za konferencije, simpozije, predavanja i radionice. Dvorana ima sto dvadeset sjede\u0107ih mjesta. Mo\u017ee se pregraditi, odnosno pretvoriti u manju dvoranu. Opremljena je modernom a&#8230;<\/p>\n","protected":false},"author":2,"featured_media":5710,"parent":3365,"menu_order":4,"comment_status":"closed","ping_status":"closed","template":"","meta":{"footnotes":""},"class_list":["post-5706","page","type-page","status-publish","has-post-thumbnail","hentry"],"_links":{"self":[{"href":"https:\/\/npkrka.hr\/hr\/wp-json\/wp\/v2\/pages\/5706","targetHints":{"allow":["GET"]}}],"collection":[{"href":"https:\/\/npkrka.hr\/hr\/wp-json\/wp\/v2\/pages"}],"about":[{"href":"https:\/\/npkrka.hr\/hr\/wp-json\/wp\/v2\/types\/page"}],"author":[{"embeddable":true,"href":"https:\/\/npkrka.hr\/hr\/wp-json\/wp\/v2\/users\/2"}],"replies":[{"embeddable":true,"href":"https:\/\/npkrka.hr\/hr\/wp-json\/wp\/v2\/comments?post=5706"}],"version-history":[{"count":0,"href":"https:\/\/npkrka.hr\/hr\/wp-json\/wp\/v2\/pages\/5706\/revisions"}],"up":[{"embeddable":true,"href":"https:\/\/npkrka.hr\/hr\/wp-json\/wp\/v2\/pages\/3365"}],"wp:featuredmedia":[{"embeddable":true,"href":"https:\/\/npkrka.hr\/hr\/wp-json\/wp\/v2\/media\/5710"}],"wp:attachment":[{"href":"https:\/\/npkrka.hr\/hr\/wp-json\/wp\/v2\/media?parent=5706"}],"curies":[{"name":"wp","href":"https:\/\/api.w.org\/{rel}","templated":true}]}}