{"id":5695,"date":"2022-11-03T09:12:59","date_gmt":"2022-11-03T08:12:59","guid":{"rendered":"https:\/\/www.npkrka.hr\/?page_id=5695"},"modified":"2023-07-18T13:09:48","modified_gmt":"2023-07-18T11:09:48","slug":"volonterski-centar","status":"publish","type":"page","link":"https:\/\/npkrka.hr\/hr\/posjeti\/sadrzaji\/eko-kampus-krka-u-puljanima\/volonterski-centar\/","title":{"rendered":"Volonterski centar"},"content":{"rendered":"<p>Volonterski centar Titius suvremeni je polivalentni objekt s potpuno opremljenim laboratorijem za prirodoslovce i arheologe i smje\u0161tajnim kapacitetom hostelskog tipa za trideset i osam osoba. Ime Titius nosi prema anti\u010dkom nazivu za rijeku Krku. U neposrednoj blizini Eko kampusa \u201eKrka\u201c, na razdjelnici ilirskih plemena, nalazio se logor rimske vojske.<\/p>\n<p>U prizemlju se nalazi laboratorij, na prvom katu dnevni boravak sa standardnim sobama i sobama za osobe s invaliditetom, a na drugom katu sobe s kupaonicom. U sklopu volonterskog centra ure\u0111eni su blagovaonica i Internet kafe, kao prostor za opu\u0161teno me\u0111usobno dru\u017eenje posjetitelja, ali i sa stru\u010dnim zaposlenicima Eko kampusa \u201eKrka\u201c. Blagovaonica slu\u017ei i za prehranu organiziranih grupa smje\u0161tenih u volonterskom centru i kao prostor za okrjepu (bez pripreme hrane) ostalim grupnim i individualnim posjetiteljima Kampusa. U novoizgra\u0111enoj pomo\u0107noj zgradi nalazi se sanitarni \u010dvor za posjetitelje.<\/p>\n<p>Kako mu samo ime govori, volonterski centar namijenjen je volonterima, istra\u017eiva\u010dima, studijskim grupama, znanstvenicima i umjetnicima, odnosno svima onima koji su zainteresirani za prou\u010davanje raznolikog ekosustava za\u0161ti\u0107enog podru\u010dja. Pojedinci se mogu uklju\u010diti u aktivnosti u za\u0161ti\u0107enom podru\u010dju kroz <a href=\"https:\/\/nepoznata-krka.eu\/volontiraj\/\">volonterske programe<\/a> za teku\u0107u godinu.<\/p>\n<p>Cijene usluga volonterskog centra navedene su u cjeniku.<\/p>\n<div class=\"fotorama rounded-lg  shadow lblue-bg mt-5   \" data-width=\"100%\" data-ratio=\"16\/10\"  data-nav=\"thumbs\" data-autoplay=\"true\" data-arrows=\"true\" data-transition=\"crossfade\"><img decoding=\"async\" src=\"https:\/\/npkrka.hr\/wp-content\/uploads\/Volonterski-centar-2.jpg\" width=\"100%\" \/><img decoding=\"async\" src=\"https:\/\/npkrka.hr\/wp-content\/uploads\/Volonterski-centar-3.jpg\" width=\"100%\" \/><img decoding=\"async\" src=\"https:\/\/npkrka.hr\/wp-content\/uploads\/Volonterski-centar-4.jpg\" width=\"100%\" \/><img decoding=\"async\" src=\"https:\/\/npkrka.hr\/wp-content\/uploads\/Volonterski-centar-5.jpg\" width=\"100%\" \/><img decoding=\"async\" src=\"https:\/\/npkrka.hr\/wp-content\/uploads\/Volonterski-centar-1.jpg\" width=\"100%\" \/><img decoding=\"async\" src=\"https:\/\/npkrka.hr\/wp-content\/uploads\/IMG-20230714-WA0004.jpg\" width=\"100%\" \/><img decoding=\"async\" src=\"https:\/\/npkrka.hr\/wp-content\/uploads\/Volonterski-centar-6.jpg\" width=\"100%\" \/><img decoding=\"async\" src=\"https:\/\/npkrka.hr\/wp-content\/uploads\/Volonterski-centar-7.jpg\" width=\"100%\" \/><img decoding=\"async\" src=\"https:\/\/npkrka.hr\/wp-content\/uploads\/IMG-20230714-WA0007.jpg\" width=\"100%\" \/><img decoding=\"async\" src=\"https:\/\/npkrka.hr\/wp-content\/uploads\/Volonterski-centar-9.jpg\" width=\"100%\" \/><img decoding=\"async\" src=\"https:\/\/npkrka.hr\/wp-content\/uploads\/IMG-20230714-WA0001.jpg\" width=\"100%\" \/><img decoding=\"async\" src=\"https:\/\/npkrka.hr\/wp-content\/uploads\/IMG-20230714-WA0005.jpg\" width=\"100%\" \/><img decoding=\"async\" src=\"https:\/\/npkrka.hr\/wp-content\/uploads\/IMG-20230714-WA0009.jpg\" width=\"100%\" \/><img decoding=\"async\" src=\"https:\/\/npkrka.hr\/wp-content\/uploads\/Volonterski-centar-8.jpg\" width=\"100%\" \/><\/div><p>&nbsp;<\/p>\n","protected":false},"excerpt":{"rendered":"<p>Volonterski centar Titius suvremeni je polivalentni objekt s potpuno opremljenim laboratorijem za prirodoslovce i arheologe i smje\u0161tajnim kapacitetom hostelskog tipa za trideset i osam osoba. Ime Titius nosi prema anti\u010dkom nazivu za rijeku Krku. U ne&#8230;<\/p>\n","protected":false},"author":2,"featured_media":5699,"parent":3365,"menu_order":3,"comment_status":"closed","ping_status":"closed","template":"","meta":{"footnotes":""},"class_list":["post-5695","page","type-page","status-publish","has-post-thumbnail","hentry"],"_links":{"self":[{"href":"https:\/\/npkrka.hr\/hr\/wp-json\/wp\/v2\/pages\/5695","targetHints":{"allow":["GET"]}}],"collection":[{"href":"https:\/\/npkrka.hr\/hr\/wp-json\/wp\/v2\/pages"}],"about":[{"href":"https:\/\/npkrka.hr\/hr\/wp-json\/wp\/v2\/types\/page"}],"author":[{"embeddable":true,"href":"https:\/\/npkrka.hr\/hr\/wp-json\/wp\/v2\/users\/2"}],"replies":[{"embeddable":true,"href":"https:\/\/npkrka.hr\/hr\/wp-json\/wp\/v2\/comments?post=5695"}],"version-history":[{"count":0,"href":"https:\/\/npkrka.hr\/hr\/wp-json\/wp\/v2\/pages\/5695\/revisions"}],"up":[{"embeddable":true,"href":"https:\/\/npkrka.hr\/hr\/wp-json\/wp\/v2\/pages\/3365"}],"wp:featuredmedia":[{"embeddable":true,"href":"https:\/\/npkrka.hr\/hr\/wp-json\/wp\/v2\/media\/5699"}],"wp:attachment":[{"href":"https:\/\/npkrka.hr\/hr\/wp-json\/wp\/v2\/media?parent=5695"}],"curies":[{"name":"wp","href":"https:\/\/api.w.org\/{rel}","templated":true}]}}