{"id":5678,"date":"2022-11-03T09:13:21","date_gmt":"2022-11-03T08:13:21","guid":{"rendered":"https:\/\/www.npkrka.hr\/?page_id=5678"},"modified":"2022-11-09T07:09:17","modified_gmt":"2022-11-09T06:09:17","slug":"laboratorij-prirode","status":"publish","type":"page","link":"https:\/\/npkrka.hr\/hr\/posjeti\/sadrzaji\/eko-kampus-krka-u-puljanima\/laboratorij-prirode\/","title":{"rendered":"Laboratorij prirode"},"content":{"rendered":"<p>Edukacijsko-interpretacijsko sredi\u0161te Laboratorij prirode omogu\u0107ava odr\u017eavanje razli\u010ditih edukativnih, kreativnih i popularno-znanstvenih programa za \u0161iroku publiku, a posebno za skupine pred\u0161kolske i osnovno\u0161kolske djece.<\/p>\n<p>Stalna interaktivna izlo\u017eba ima interpretacijsku i edukacijsku namjenu, u suvremeno opremljenoj multifunkcionalnoj dvorani mogu se odr\u017eavati predavanja i radionice, u izlo\u017ebenom hodniku izlagati dje\u010dji radovi, na tematskom igrali\u0161tu igrati razne igre a na otvorenom odr\u017eavati projekcije zahvaljuju\u0107i multimedijskom sustavu za kino u prirodi Amfiteatar za radoznale.<\/p>\n<p>Izlo\u017ebeni prostor sastoji se od \u0161est prostornih ni\u0161a, u kojima je smje\u0161teno \u0161est tematskih izlo\u017ebenih cjelina. Njihova scenografija inspirirana je \u0161upljikavom i zavojitom sedrom, kao temeljnim fenomenom Nacionalnog parka \u201eKrka\u201c.<\/p>\n<p>Glavna poruka koja se \u017eeli prenijeti stalnom izlo\u017ebom jest istra\u017eivanje svijeta u kojem \u017eivimo kroz upoznavanje i isku\u0161avanje metoda razli\u010ditih znanstvenih disciplina i zanimanja koja se bave prou\u010davanjem prirode i odnosom \u010dovjeka prema njoj.<\/p>\n<p>\u0160est podtema oblikovano je u \u0161est izlo\u017ebenih cjelina: geologiju, povijest, floru i faunu, za\u0161titu prirode i znanstvena zanimanja. Stalna muzejska izlo\u017eba sastoji se od kompleksnih interaktivnih izlo\u017eaka, slo\u017eenih od grafi\u010dkih, multimedijalnih i mehani\u010dkih elemenata. Svaki izlo\u017eak prate jedinstvena zaigrana ilustrativna uputa i interpretacijska zidna grafika u obliku mentalne mape kao uvod u pojedinu tematsku cjelinu.<\/p>\n<p>Oku\u0107nica je oplemenjena dje\u010djim igrali\u0161tem, koje tematski upotpunjava glavnu poruku Centra pro\u0161iruju\u0107i je u prostor na otvorenom. Tema igrali\u0161ta jesu zna\u010dajne \u017eivotinje koje se mogu na\u0107i u Parku, prema \u010dijim su motivima osmi\u0161ljeni elementi za igru.<\/p>\n<p>Amfiteatar za radoznale vanjski je produ\u017eetak Laboratorija prirode, udaljen pet minuta hoda edukativnom stazom. Obuhva\u0107a prostor za projekcije, predstave, recitale i sli\u010dne sadr\u017eaje u objektu na otvorenom u obliku amfiteatra. Sastoji se od tribina za polaznike, natkrivenih drvenom pergolom, i platoa za predavanje s panoom za projekcije na otvorenom. Opremljen je svom potrebnom opremom: projekcijskim platnom, razglasom, projektorom, rasvjetom i reprodukcijskim ure\u0111ajima.<\/p>\n<div class=\"fotorama rounded-lg  shadow lblue-bg mt-5   \" data-width=\"100%\" data-ratio=\"16\/10\"  data-nav=\"thumbs\" data-autoplay=\"true\" data-arrows=\"true\" data-transition=\"crossfade\"><img decoding=\"async\" src=\"https:\/\/npkrka.hr\/wp-content\/uploads\/Laboratorij-prirode-1.jpg\" width=\"100%\" \/><img decoding=\"async\" src=\"https:\/\/npkrka.hr\/wp-content\/uploads\/Laboratorij-prirode-2.jpg\" width=\"100%\" \/><img decoding=\"async\" src=\"https:\/\/npkrka.hr\/wp-content\/uploads\/Laboratorij-prirode-3.jpg\" width=\"100%\" \/><img decoding=\"async\" src=\"https:\/\/npkrka.hr\/wp-content\/uploads\/Laboratorij-prirode-4.jpg\" width=\"100%\" \/><img decoding=\"async\" src=\"https:\/\/npkrka.hr\/wp-content\/uploads\/Laboratorij-prirode-5.jpg\" width=\"100%\" \/><img decoding=\"async\" src=\"https:\/\/npkrka.hr\/wp-content\/uploads\/Laboratorij-prirode-6.jpg\" width=\"100%\" \/><img decoding=\"async\" src=\"https:\/\/npkrka.hr\/wp-content\/uploads\/Laboratorij-prirode-7.jpg\" width=\"100%\" \/><img decoding=\"async\" src=\"https:\/\/npkrka.hr\/wp-content\/uploads\/Laboratorij-prirode-8.jpg\" width=\"100%\" \/><img decoding=\"async\" src=\"https:\/\/npkrka.hr\/wp-content\/uploads\/Laboratorij-prirode-9.jpg\" width=\"100%\" \/><img decoding=\"async\" src=\"https:\/\/npkrka.hr\/wp-content\/uploads\/Laboratorij-prirode-10.jpg\" width=\"100%\" \/><img decoding=\"async\" src=\"https:\/\/npkrka.hr\/wp-content\/uploads\/Laboratorij-prirode-11.jpg\" width=\"100%\" \/><img decoding=\"async\" src=\"https:\/\/npkrka.hr\/wp-content\/uploads\/Laboratorij-prirode-12.jpg\" width=\"100%\" \/><img decoding=\"async\" src=\"https:\/\/npkrka.hr\/wp-content\/uploads\/Laboratorij-prirode-14.jpg\" width=\"100%\" \/><img decoding=\"async\" src=\"https:\/\/npkrka.hr\/wp-content\/uploads\/Laboratorij-prirode-15.jpg\" width=\"100%\" \/><img decoding=\"async\" src=\"https:\/\/npkrka.hr\/wp-content\/uploads\/Laboratorij-prirode-10-1.jpg\" width=\"100%\" \/><\/div><p>&nbsp;<\/p>\n","protected":false},"excerpt":{"rendered":"<p>Edukacijsko-interpretacijsko sredi\u0161te Laboratorij prirode omogu\u0107ava odr\u017eavanje razli\u010ditih edukativnih, kreativnih i popularno-znanstvenih programa za \u0161iroku publiku, a posebno za skupine pred\u0161kolske i osnovno\u0161kolske djece. Stalna interaktivna izlo&#8230;<\/p>\n","protected":false},"author":2,"featured_media":5689,"parent":3365,"menu_order":2,"comment_status":"closed","ping_status":"closed","template":"","meta":{"footnotes":""},"class_list":["post-5678","page","type-page","status-publish","has-post-thumbnail","hentry"],"_links":{"self":[{"href":"https:\/\/npkrka.hr\/hr\/wp-json\/wp\/v2\/pages\/5678","targetHints":{"allow":["GET"]}}],"collection":[{"href":"https:\/\/npkrka.hr\/hr\/wp-json\/wp\/v2\/pages"}],"about":[{"href":"https:\/\/npkrka.hr\/hr\/wp-json\/wp\/v2\/types\/page"}],"author":[{"embeddable":true,"href":"https:\/\/npkrka.hr\/hr\/wp-json\/wp\/v2\/users\/2"}],"replies":[{"embeddable":true,"href":"https:\/\/npkrka.hr\/hr\/wp-json\/wp\/v2\/comments?post=5678"}],"version-history":[{"count":0,"href":"https:\/\/npkrka.hr\/hr\/wp-json\/wp\/v2\/pages\/5678\/revisions"}],"up":[{"embeddable":true,"href":"https:\/\/npkrka.hr\/hr\/wp-json\/wp\/v2\/pages\/3365"}],"wp:featuredmedia":[{"embeddable":true,"href":"https:\/\/npkrka.hr\/hr\/wp-json\/wp\/v2\/media\/5689"}],"wp:attachment":[{"href":"https:\/\/npkrka.hr\/hr\/wp-json\/wp\/v2\/media?parent=5678"}],"curies":[{"name":"wp","href":"https:\/\/api.w.org\/{rel}","templated":true}]}}