{"id":567,"date":"2022-06-24T13:09:24","date_gmt":"2022-06-24T11:09:24","guid":{"rendered":"https:\/\/www.npkrka.hr\/?page_id=567"},"modified":"2024-08-20T11:50:17","modified_gmt":"2024-08-20T09:50:17","slug":"ulaz-burnum-puljane","status":"publish","type":"page","link":"https:\/\/npkrka.hr\/hr\/posjeti\/ulazi-u-park\/ulaz-burnum-puljane\/","title":{"rendered":"Ulaz Burnum\/Puljane"},"content":{"rendered":"<p><b>Arheolo\u0161ki lokalitet Burnum nalazi se unutar Nacionalnog parka \u201eKrka\u201c, iznad kanjona, slapova i jezera, u prostoru izuzetnih ljepota i prirodnih vrijednosti.<\/b><\/p>\n<p>Od rimskog Burnuma u Ivo\u0161evcima vide se ostatci jedinog o\u010duvanog vojnog amfiteatra na podru\u010dju Hrvatske, arkade (lukovi) zapovjedne zgrade u logoru i nekoliko zidova vojnog vje\u017ebali\u0161ta.<\/p>\n<p>Arheolo\u0161ke iskopine s tog lokaliteta (oru\u017eje, oru\u0111e,\u00a0predmeti za svakodnevnu upotrebu) izlo\u017eene su u\u00a0arheolo\u0161koj zbirci Burnum u Eko kampusu \u201eKrka\u201c u Puljanima.<\/p>\n<p>Do Burnuma se dolazi jedino cestovnim putem. Lokalitet i arheolo\u0161ka zbirka otvoreni su za posjetitelje tijekom cijele godine. Obilazak uklju\u010duje razgledavanje amfiteatra i vojnog logora u pratnji informatora. Za grupe je potrebna prethodna najava.<\/p>\n<p>Sve informacije i rezervacije na e-mail: info@npk.hr, tel.\u00a0022\/201-777, 022\/662-356.<\/p>\n<div class=\"fotorama rounded-lg  shadow lblue-bg mt-5   \" data-width=\"100%\" data-ratio=\"16\/10\"  data-nav=\"thumbs\" data-autoplay=\"true\" data-arrows=\"true\" data-transition=\"crossfade\"><img decoding=\"async\" src=\"https:\/\/npkrka.hr\/wp-content\/uploads\/arhzbirkaburnum15267.jpg\" width=\"100%\" \/><img decoding=\"async\" src=\"https:\/\/npkrka.hr\/wp-content\/uploads\/burnum0615259.jpg\" width=\"100%\" \/><img decoding=\"async\" src=\"https:\/\/npkrka.hr\/wp-content\/uploads\/burnum03152434.jpg\" width=\"100%\" \/><img decoding=\"async\" src=\"https:\/\/npkrka.hr\/wp-content\/uploads\/burnum07205019.jpg\" width=\"100%\" \/><img decoding=\"async\" src=\"https:\/\/npkrka.hr\/wp-content\/uploads\/burnum08205110.jpg\" width=\"100%\" \/><img decoding=\"async\" src=\"https:\/\/npkrka.hr\/wp-content\/uploads\/burnum10205048.jpg\" width=\"100%\" \/><\/div><p>&nbsp;<\/p>\n","protected":false},"excerpt":{"rendered":"<p>Arheolo\u0161ki lokalitet Burnum nalazi se unutar Nacionalnog parka \u201eKrka\u201c, iznad kanjona, slapova i jezera, u prostoru izuzetnih ljepota i prirodnih vrijednosti.<\/p>\n","protected":false},"author":1,"featured_media":569,"parent":112,"menu_order":3,"comment_status":"closed","ping_status":"closed","template":"","meta":{"footnotes":""},"class_list":["post-567","page","type-page","status-publish","has-post-thumbnail","hentry"],"_links":{"self":[{"href":"https:\/\/npkrka.hr\/hr\/wp-json\/wp\/v2\/pages\/567","targetHints":{"allow":["GET"]}}],"collection":[{"href":"https:\/\/npkrka.hr\/hr\/wp-json\/wp\/v2\/pages"}],"about":[{"href":"https:\/\/npkrka.hr\/hr\/wp-json\/wp\/v2\/types\/page"}],"author":[{"embeddable":true,"href":"https:\/\/npkrka.hr\/hr\/wp-json\/wp\/v2\/users\/1"}],"replies":[{"embeddable":true,"href":"https:\/\/npkrka.hr\/hr\/wp-json\/wp\/v2\/comments?post=567"}],"version-history":[{"count":0,"href":"https:\/\/npkrka.hr\/hr\/wp-json\/wp\/v2\/pages\/567\/revisions"}],"up":[{"embeddable":true,"href":"https:\/\/npkrka.hr\/hr\/wp-json\/wp\/v2\/pages\/112"}],"wp:featuredmedia":[{"embeddable":true,"href":"https:\/\/npkrka.hr\/hr\/wp-json\/wp\/v2\/media\/569"}],"wp:attachment":[{"href":"https:\/\/npkrka.hr\/hr\/wp-json\/wp\/v2\/media?parent=567"}],"curies":[{"name":"wp","href":"https:\/\/api.w.org\/{rel}","templated":true}]}}