{"id":5658,"date":"2022-11-03T09:11:40","date_gmt":"2022-11-03T08:11:40","guid":{"rendered":"https:\/\/www.npkrka.hr\/?page_id=5658"},"modified":"2022-11-07T11:14:41","modified_gmt":"2022-11-07T10:14:41","slug":"prirodoslovna-zbirka","status":"publish","type":"page","link":"https:\/\/npkrka.hr\/hr\/posjeti\/sadrzaji\/eko-kampus-krka-u-puljanima\/prirodoslovna-zbirka\/","title":{"rendered":"Prirodoslovna zbirka"},"content":{"rendered":"<p>Koriste\u0107i najsuvremeniju tehnologiju i dizajnerska rje\u0161enja, prirodoslovna zbirka Hram prirode interpretira bogatstvo biolo\u0161ke raznolikosti za\u0161ti\u0107enog podru\u010dja.<\/p>\n<p>Izlo\u017ebeni prostor sastoji se od \u0161est tematski ure\u0111enih prostorija smje\u0161tenih u podrumu i na dvama katovima. Upravo je takva konfiguracija zgrade inspirirala izlo\u017ebeni postav, koji podru\u010dje Nacionalnog paka \u201eKrka\u201c predstavlja kroz stvaranje \u017eivoga svijeta. Zbirka je u maksimalnoj mjeri interaktivna: posjetitelj \u0107e se na\u0107i u ulozi istra\u017eiva\u010da koji igranjem razli\u010ditih uloga otkriva postav pokre\u0107u\u0107i sadr\u017eaje koji su u njega implementirani.<\/p>\n<p>Pri\u010da zapo\u010dinje u podrumskom dijelu, kao personifikaciji podzemlja u kojem je po\u010delo stvaranje. Posjetitelj putuje u geolo\u0161ku pro\u0161lost Zemlje i upoznaje fosile, okamenjene ostatke \u017eivih organizama. Potom zapo\u010dinje \u017eivot u podzemlju, koji na Krki se\u017ee u daleku prapovijest, u razdoblje starijeg neolitika, iz kojeg potje\u010du arheolo\u0161ki nalazi prona\u0111eni u Ozi\u0111anoj pe\u0107ini. Koriste\u0107i tehnologiju pro\u0161irene stvarnosti, posjetitelj mo\u017ee razgledati pe\u0107inu i u ni\u0161ama upoznati podzemne \u017eivotinje s kojima je prapovijesni \u010dovjek dijelio svoje podzemno obitavali\u0161te.<\/p>\n<p>Na prvome katu mo\u017eemo saznati sve o osjetljivom i slo\u017eenom procesu nastanka sedre i organizmima koji u njemu sudjeluju. Voda kao element dominira cijelim izlo\u017ebenim prostorom, uz sredi\u0161nji eksponat uzdu\u017enog profila rijeke Krke i multimedijski prikaz stvaranja njezina kanjona.<\/p>\n<p>Tu je smje\u0161ten sredi\u0161nji info-pult zbirke, na kojemu se cijeli izlo\u017ebeni postav mo\u017ee pogledati kroz virtualnu \u0161etnju Hramom prirode.<\/p>\n<p>Endemi\u010dne i rijetke slatkovodne ribe, koje su rezultat geolo\u0161ke pro\u0161losti rijeke, uvr\u0161tavaju Krku, u ihtiolo\u0161kom pogledu, u prirodni spomenik najve\u0107e nacionalne i me\u0111unarodne vrijednosti. Zato je cijela jedna prostorija na drugome katu posve\u0107ena upravo ribama. Posjetitelji mogu zaigrati i interaktivnu igru ribolova, u kojoj \u0107e na kraju ulov vratiti u rijeku jer je ribolov u Nacionalnom parku \u201eKrka\u201c \u2013 zabranjen. U posljednjoj prostoriji posjetitelj kora\u010da stani\u0161tima Nacionalnog parka \u201eKrka\u201c, koja su va\u017ean element bioraznolikosti. Tu susre\u0107emo brojne za\u0161ti\u0107ene vrste leptira i kukaca, kao i vodozemaca i gmazova. Koriste\u0107i slu\u0161alice, posjetitelji mogu poslu\u0161ati glasanje brojnih ptica i informirati se o tom ornitolo\u0161ki va\u017enom podru\u010dju Europe.<\/p>\n<div class=\"fotorama rounded-lg  shadow lblue-bg mt-5   \" data-width=\"100%\" data-ratio=\"16\/10\"  data-nav=\"thumbs\" data-autoplay=\"true\" data-arrows=\"true\" data-transition=\"crossfade\"><img decoding=\"async\" src=\"https:\/\/npkrka.hr\/wp-content\/uploads\/Prirodoslovna-zbirka-3.jpg\" width=\"100%\" \/><img decoding=\"async\" src=\"https:\/\/npkrka.hr\/wp-content\/uploads\/Prirodoslovna-zbirka-2.jpg\" width=\"100%\" \/><img decoding=\"async\" src=\"https:\/\/npkrka.hr\/wp-content\/uploads\/Prirodoslovna-zbirka-1.jpg\" width=\"100%\" \/><img decoding=\"async\" src=\"https:\/\/npkrka.hr\/wp-content\/uploads\/Prirodoslovna-zbirka-4.jpg\" width=\"100%\" \/><img decoding=\"async\" src=\"https:\/\/npkrka.hr\/wp-content\/uploads\/Prirodoslovna-zbirka-5.jpg\" width=\"100%\" \/><img decoding=\"async\" src=\"https:\/\/npkrka.hr\/wp-content\/uploads\/Prirodoslovna-zbirka-6.jpg\" width=\"100%\" \/><img decoding=\"async\" src=\"https:\/\/npkrka.hr\/wp-content\/uploads\/Prirodoslovna-zbirka-7.jpg\" width=\"100%\" \/><img decoding=\"async\" src=\"https:\/\/npkrka.hr\/wp-content\/uploads\/Prirodoslovna-zbirka-8.jpg\" width=\"100%\" \/><img decoding=\"async\" src=\"https:\/\/npkrka.hr\/wp-content\/uploads\/Prirodoslovna-zbirka-9.jpg\" width=\"100%\" \/><img decoding=\"async\" src=\"https:\/\/npkrka.hr\/wp-content\/uploads\/Prirodoslovna-zbirka-10.jpg\" width=\"100%\" \/><img decoding=\"async\" src=\"https:\/\/npkrka.hr\/wp-content\/uploads\/Prirodoslovna-zbirka-11.jpg\" width=\"100%\" \/><img decoding=\"async\" src=\"https:\/\/npkrka.hr\/wp-content\/uploads\/Prirodoslovna-zbirka-12.jpg\" width=\"100%\" \/><img decoding=\"async\" src=\"https:\/\/npkrka.hr\/wp-content\/uploads\/Prirodoslovna-zbirka-13.jpg\" width=\"100%\" \/><img decoding=\"async\" src=\"https:\/\/npkrka.hr\/wp-content\/uploads\/Prirodoslovna-zbirka-14.jpg\" width=\"100%\" \/><img decoding=\"async\" src=\"https:\/\/npkrka.hr\/wp-content\/uploads\/Prirodoslovna-zbirka-15.jpg\" width=\"100%\" \/><img decoding=\"async\" src=\"https:\/\/npkrka.hr\/wp-content\/uploads\/Prirodoslovna-zbirka-16.jpg\" width=\"100%\" \/><img decoding=\"async\" src=\"https:\/\/npkrka.hr\/wp-content\/uploads\/Prirodoslovna-zbirka-17.jpg\" width=\"100%\" \/><img decoding=\"async\" src=\"https:\/\/npkrka.hr\/wp-content\/uploads\/Prirodoslovna-zbirka-18.jpg\" width=\"100%\" \/><\/div><p>&nbsp;<\/p>\n","protected":false},"excerpt":{"rendered":"<p>Koriste\u0107i najsuvremeniju tehnologiju i dizajnerska rje\u0161enja, prirodoslovna zbirka Hram prirode interpretira floru i faunu te geolo\u0161ke i biolo\u0161ke zna\u010dajke za\u0161ti\u0107enog podru\u010dja. Izlo\u017ebeni prostor sastoji se od \u0161est tematski ure\u0111enih prostorija smje\u0161t&#8230;<\/p>\n","protected":false},"author":2,"featured_media":5670,"parent":3365,"menu_order":1,"comment_status":"closed","ping_status":"closed","template":"","meta":{"footnotes":""},"class_list":["post-5658","page","type-page","status-publish","has-post-thumbnail","hentry"],"_links":{"self":[{"href":"https:\/\/npkrka.hr\/hr\/wp-json\/wp\/v2\/pages\/5658","targetHints":{"allow":["GET"]}}],"collection":[{"href":"https:\/\/npkrka.hr\/hr\/wp-json\/wp\/v2\/pages"}],"about":[{"href":"https:\/\/npkrka.hr\/hr\/wp-json\/wp\/v2\/types\/page"}],"author":[{"embeddable":true,"href":"https:\/\/npkrka.hr\/hr\/wp-json\/wp\/v2\/users\/2"}],"replies":[{"embeddable":true,"href":"https:\/\/npkrka.hr\/hr\/wp-json\/wp\/v2\/comments?post=5658"}],"version-history":[{"count":0,"href":"https:\/\/npkrka.hr\/hr\/wp-json\/wp\/v2\/pages\/5658\/revisions"}],"up":[{"embeddable":true,"href":"https:\/\/npkrka.hr\/hr\/wp-json\/wp\/v2\/pages\/3365"}],"wp:featuredmedia":[{"embeddable":true,"href":"https:\/\/npkrka.hr\/hr\/wp-json\/wp\/v2\/media\/5670"}],"wp:attachment":[{"href":"https:\/\/npkrka.hr\/hr\/wp-json\/wp\/v2\/media?parent=5658"}],"curies":[{"name":"wp","href":"https:\/\/api.w.org\/{rel}","templated":true}]}}