{"id":563,"date":"2022-06-24T13:07:11","date_gmt":"2022-06-24T11:07:11","guid":{"rendered":"https:\/\/www.npkrka.hr\/?page_id=563"},"modified":"2025-11-05T12:29:48","modified_gmt":"2025-11-05T11:29:48","slug":"ulaz-roski-slap-laskovica","status":"publish","type":"page","link":"https:\/\/npkrka.hr\/hr\/posjeti\/ulazi-u-park\/ulaz-roski-slap-laskovica\/","title":{"rendered":"Ulaz Ro\u0161ki slap \/ La\u0161kovica"},"content":{"rendered":"<p><strong>Ro\u0161ki slap mogu\u0107e je posjetiti kolnim cestama iz Drni\u0161a, Knina i Skradina ili izletni\u010dkim brodovima Nacionalnog parka \u201eKrka\u201c sa Skradinskog buka.<\/strong><\/p>\n<p>Prirodne ljepote Ro\u0161kog slapa mogu\u0107e je razgledati tijekom cijele godine.<\/p>\n<p>Izleti brodom s Ro\u0161kog slapa na otok Visovac te prema srednjovjekovnim utvrdama Tro\u0161enj i Ne\u010dven organiziraju se svaki dan od travnja do listopada.<\/p>\n<p>Ulaznice za Nacionalni park \u201eKrka\u201c i brodske izletni\u010dke karte posjetitelji mogu kupiti na ulazu (recepciji) Ro\u0161ki slap.<\/p>\n<p>Za posjet Ro\u0161koga slapa u ljetnim mjesecima molimo koristiti parkirali\u0161ta u La\u0161kovici (<a href=\"https:\/\/www.google.hr\/maps\/place\/Information+Center+NP+Krka,+Ro%C5%A1ki+slap\/@43.9158917,15.9438168,15z\/data=!4m14!1m7!3m6!1s0x4760287b60b1a2ad:0xb1e14c29e94cb21a!2sRo%C5%A1ki+Slap!8m2!3d43.9037295!4d15.9749626!16s%2Fg%2F11bwgf_91g!3m5!1s0x4760297d02e3ba05:0x58bb496078a7c5c4!8m2!3d43.9138595!4d15.9486408!16s%2Fg%2F11h7jcjpmr?hl=hr&#038;entry=ttu\">Parking ulaz Ro\u0161ki slap &#8211; La\u0161kovica<\/a>) i u Bogati\u0107u Miljeva\u010dkom (<a href=\"https:\/\/www.google.hr\/maps\/place\/educational+walking+trail+roski+slap\/@43.9090901,15.9857451,17z\/data=!4m14!1m7!3m6!1s0x4760287b60b1a2ad:0xb1e14c29e94cb21a!2sRo%C5%A1ki+Slap!8m2!3d43.9037295!4d15.9749626!16s%2Fg%2F11bwgf_91g!3m5!1s0x4760290e5a60f6a7:0x7e28a1e0359f15f6!8m2!3d43.909899!4d15.9890613!16s%2Fg%2F11v77ckh3f?hl=hr&#038;entry=ttu\">Parking ulaz Ro\u0161ki slap &#8211; Bogati\u0107<\/a>).<\/p>\n<p><strong>Vozni red autobusa\u00a0<\/strong><\/p>\n<p><strong>Prijevoz za Ro\u0161ki slap:<\/strong><\/p>\n<p>La\u0161kovica: 11:00, 12:00, 13:00, 14:00, 15:00, 16:00, 17:00; 18:00<\/p>\n<p>Bogati\u0107: 11:30, 12:30, 13:30, 14:30, 15:30, 16:30, 17:30, 18:30<\/p>\n<p>Stinice: 13:00, 16:00<\/p>\n<p><strong>Prijevoz s Ro\u0161kog slapa:<\/strong><\/p>\n<p>La\u0161kovica: 11:45, 13:45, 14:45, 15:45, 16:45, 17:45, 18:45<\/p>\n<p>Bogati\u0107: 11:15, 13:15, 14:15, 15:15, 16:15, 17:15, 18:15<\/p>\n<p>Stinice: 12:45, 15:45<\/p>\n<p>Prijevoz autobusom je besplatan.<\/p>\n","protected":false},"excerpt":{"rendered":"<p>Ro\u0161ki slap mogu\u0107e je posjetiti kolnim cestama iz Drni\u0161a, Knina i Skradina ili izletni\u010dkim brodovima Nacionalnog parka \u201eKrka\u201c sa Skradinskog buka.<\/p>\n","protected":false},"author":1,"featured_media":564,"parent":112,"menu_order":2,"comment_status":"closed","ping_status":"closed","template":"","meta":{"footnotes":""},"class_list":["post-563","page","type-page","status-publish","has-post-thumbnail","hentry"],"_links":{"self":[{"href":"https:\/\/npkrka.hr\/hr\/wp-json\/wp\/v2\/pages\/563","targetHints":{"allow":["GET"]}}],"collection":[{"href":"https:\/\/npkrka.hr\/hr\/wp-json\/wp\/v2\/pages"}],"about":[{"href":"https:\/\/npkrka.hr\/hr\/wp-json\/wp\/v2\/types\/page"}],"author":[{"embeddable":true,"href":"https:\/\/npkrka.hr\/hr\/wp-json\/wp\/v2\/users\/1"}],"replies":[{"embeddable":true,"href":"https:\/\/npkrka.hr\/hr\/wp-json\/wp\/v2\/comments?post=563"}],"version-history":[{"count":0,"href":"https:\/\/npkrka.hr\/hr\/wp-json\/wp\/v2\/pages\/563\/revisions"}],"up":[{"embeddable":true,"href":"https:\/\/npkrka.hr\/hr\/wp-json\/wp\/v2\/pages\/112"}],"wp:featuredmedia":[{"embeddable":true,"href":"https:\/\/npkrka.hr\/hr\/wp-json\/wp\/v2\/media\/564"}],"wp:attachment":[{"href":"https:\/\/npkrka.hr\/hr\/wp-json\/wp\/v2\/media?parent=563"}],"curies":[{"name":"wp","href":"https:\/\/api.w.org\/{rel}","templated":true}]}}