{"id":555,"date":"2022-06-24T13:03:56","date_gmt":"2022-06-24T11:03:56","guid":{"rendered":"https:\/\/www.npkrka.hr\/?page_id=555"},"modified":"2025-08-19T09:32:27","modified_gmt":"2025-08-19T07:32:27","slug":"ulaz-lozovac","status":"publish","type":"page","link":"https:\/\/npkrka.hr\/hr\/posjeti\/ulazi-u-park\/ulaz-lozovac\/","title":{"rendered":"Ulaz Lozovac"},"content":{"rendered":"<p><b><a href=\"https:\/\/www.google.com\/maps\/place\/43%C2%B047'47.4%22N+15%C2%B058'05.1%22E\/@43.7970534,15.9675428,1479m\/data=!3m1!1e3!4m13!1m8!3m7!1s0x13352e73abbcb2f7:0x73a59c0ceabb7be7!2sLozovac!3b1!8m2!3d43.8002947!4d15.9601136!16s%2Fg%2F1224bwp_!3m3!8m2!3d43.7965!4d15.9680833?entry=ttu&#038;g_ep=EgoyMDI1MDgxMy4wIKXMDSoASAFQAw%3D%3D\">Glavni je kolni ulaz u Nacionalni park \u201eKrka\u201c<\/a> za prihvat turisti\u010dkih autobusa i individualnih posjetitelja.<\/b><\/p>\n<p>Tijekom cijele godine za individualne posjetitelje i organizirane skupine (koje dolaze turisti\u010dkim autobusima) osigurano je besplatno parkirali\u0161no mjesto.<\/p>\n<p>Travanj \u2013 studeni prijevoz individualnih posjetitelja do Skradinskog buka i natrag obavljaju autobusi Nacionalnog parka, osim u zimskom razdoblju kad je mogu\u0107e u\u0107i vlastitim automobilima.<\/p>\n<p>Autobusi turisti\u010dkih agencija sami vr\u0161e prijevoz svojih grupa. Ljubitelji prirode i hodanja, od ulaza Lozovac do Skradinskog buka mogu pje\u0161a\u010dkom stazom dugom 875 m.<\/p>\n","protected":false},"excerpt":{"rendered":"<p>Glavni je kolni ulaz u Nacionalni park \u201eKrka\u201c za prihvat turisti\u010dkih autobusa i individualnih posjetitelja.<\/p>\n","protected":false},"author":1,"featured_media":556,"parent":112,"menu_order":1,"comment_status":"closed","ping_status":"closed","template":"","meta":{"footnotes":""},"class_list":["post-555","page","type-page","status-publish","has-post-thumbnail","hentry"],"_links":{"self":[{"href":"https:\/\/npkrka.hr\/hr\/wp-json\/wp\/v2\/pages\/555","targetHints":{"allow":["GET"]}}],"collection":[{"href":"https:\/\/npkrka.hr\/hr\/wp-json\/wp\/v2\/pages"}],"about":[{"href":"https:\/\/npkrka.hr\/hr\/wp-json\/wp\/v2\/types\/page"}],"author":[{"embeddable":true,"href":"https:\/\/npkrka.hr\/hr\/wp-json\/wp\/v2\/users\/1"}],"replies":[{"embeddable":true,"href":"https:\/\/npkrka.hr\/hr\/wp-json\/wp\/v2\/comments?post=555"}],"version-history":[{"count":0,"href":"https:\/\/npkrka.hr\/hr\/wp-json\/wp\/v2\/pages\/555\/revisions"}],"up":[{"embeddable":true,"href":"https:\/\/npkrka.hr\/hr\/wp-json\/wp\/v2\/pages\/112"}],"wp:featuredmedia":[{"embeddable":true,"href":"https:\/\/npkrka.hr\/hr\/wp-json\/wp\/v2\/media\/556"}],"wp:attachment":[{"href":"https:\/\/npkrka.hr\/hr\/wp-json\/wp\/v2\/media?parent=555"}],"curies":[{"name":"wp","href":"https:\/\/api.w.org\/{rel}","templated":true}]}}