{"id":55,"date":"2022-06-14T10:21:17","date_gmt":"2022-06-14T08:21:17","guid":{"rendered":"https:\/\/www.npkrka.hr\/?page_id=55"},"modified":"2024-12-05T13:03:04","modified_gmt":"2024-12-05T12:03:04","slug":"press-kit","status":"publish","type":"page","link":"https:\/\/npkrka.hr\/hr\/informacije\/press-kit\/","title":{"rendered":"Press kit"},"content":{"rendered":"<p style=\"text-align: center;\"><strong>Za potrebe izrade turisti\u010dkih letaka, kataloga, mre\u017enih stranica, i sl. stavljamo na izbor fotografije NP \u201eKrka\u201c u ve\u0107oj rezoluciji.<\/strong><\/p>\n<h4 style=\"text-align: center;\"><a href=\"https:\/\/npkrka.hr\/wp-content\/uploads\/2024-1\/Press%20kit%20visoka%20rez.rar\"><strong>PREUZMITE PRESS KIT<\/strong><\/a><\/h4>\n","protected":false},"excerpt":{"rendered":"<p>Za potrebu izrade va\u0161ih turisti\u010dkih letaka, kataloga, web stranica, i sl. stavljamo vam na izbor nekoliko fotografija u ve\u0107oj rezoluciji, te knjigu standarda sa logotipom za download.<\/p>\n","protected":false},"author":1,"featured_media":2014,"parent":142,"menu_order":8,"comment_status":"closed","ping_status":"closed","template":"","meta":{"footnotes":""},"class_list":["post-55","page","type-page","status-publish","has-post-thumbnail","hentry"],"_links":{"self":[{"href":"https:\/\/npkrka.hr\/hr\/wp-json\/wp\/v2\/pages\/55","targetHints":{"allow":["GET"]}}],"collection":[{"href":"https:\/\/npkrka.hr\/hr\/wp-json\/wp\/v2\/pages"}],"about":[{"href":"https:\/\/npkrka.hr\/hr\/wp-json\/wp\/v2\/types\/page"}],"author":[{"embeddable":true,"href":"https:\/\/npkrka.hr\/hr\/wp-json\/wp\/v2\/users\/1"}],"replies":[{"embeddable":true,"href":"https:\/\/npkrka.hr\/hr\/wp-json\/wp\/v2\/comments?post=55"}],"version-history":[{"count":0,"href":"https:\/\/npkrka.hr\/hr\/wp-json\/wp\/v2\/pages\/55\/revisions"}],"up":[{"embeddable":true,"href":"https:\/\/npkrka.hr\/hr\/wp-json\/wp\/v2\/pages\/142"}],"wp:featuredmedia":[{"embeddable":true,"href":"https:\/\/npkrka.hr\/hr\/wp-json\/wp\/v2\/media\/2014"}],"wp:attachment":[{"href":"https:\/\/npkrka.hr\/hr\/wp-json\/wp\/v2\/media?parent=55"}],"curies":[{"name":"wp","href":"https:\/\/api.w.org\/{rel}","templated":true}]}}