{"id":546,"date":"2022-06-24T12:39:40","date_gmt":"2022-06-24T10:39:40","guid":{"rendered":"https:\/\/www.npkrka.hr\/?page_id=546"},"modified":"2025-08-19T09:29:58","modified_gmt":"2025-08-19T07:29:58","slug":"ulaz-skradin","status":"publish","type":"page","link":"https:\/\/npkrka.hr\/hr\/posjeti\/ulazi-u-park\/ulaz-skradin\/","title":{"rendered":"Ulaz Skradin"},"content":{"rendered":"<p><b>Skradinski buk mogu\u0107e je posjetiti brodom ili pje\u0161a\u010dko-biciklisti\u010dkom stazom iz Skradina.<\/b><\/p>\n<p>Prijevoz posjetitelja do Skradinskog buka obavlja se brodovima Javne ustanove \u201eNacionalni park Krka\u201c od travnja do listopada za vrijeme radnog vremena Parka.<\/p>\n<p>Agencije koje \u017eele rezervirati prijevoz za grupu svojih posjetitelja na relaciji Skradin \u2013 Skradinski buk i\/ili obratno (brod samo za njihovu grupu u odre\u0111enom terminu) trebaju se prethodno najaviti Javnoj ustanovi \u201eNacionalni park Krka\u201c. Ostale grupe posjetitelja trebaju samo najaviti dolazak, a prijevoz brodom koriste kao i ostali posjetitelji.<\/p>\n<p>Svi posjetitelji ulaznicu u Park trebaju preuzeti ili kupiti <a href=\"https:\/\/www.google.com\/maps\/place\/Blagajna+i+informacijski+centar+Nacionalnog+parka+Krka\/@43.8172548,15.9227941,370m\/data=!3m1!1e3!4m15!1m8!3m7!1s0x13352ca823985d87:0x400ad50862bccd0!2s22222,+Skradin!3b1!8m2!3d43.8176375!4d15.923255!16zL20vMDNqbnox!3m5!1s0x13352dccd20e109b:0x21baa40b2092d52!8m2!3d43.8169885!4d15.9233294!16s%2Fg%2F11cnb1ptdv?entry=ttu&#038;g_ep=EgoyMDI1MDgxMy4wIKXMDSoASAFQAw%3D%3D\">u ispostavi JU \u201eNacionalni park Krka\u201c u Skradinu<\/a> prije ulaska u brod. Posjetitelji koji su ulaznicu kupili\u00a0<em>online<\/em>,\u00a0na brod mogu s isprintanim ulaznicama ili kodom na pametnom telefonu.<\/p>\n<p>Od Skradinskog mosta do Skradinskog buka vodi i pje\u0161a\u010dko-biciklisti\u010dka staza, duga 3 400 m. Posjetitelji koji se odlu\u010de na \u0161etnju ili vo\u017enju tom stazom, ulaznicu mogu kupiti i na recepciji na Skradinskom mostu.<\/p>\n<p>Za vi\u0161e informacija molimo kontaktirajte ispostavu JU \u201eNP Krka\u201c u Skradinu na info telefon: +385 (0)22\u00a0201 745<\/p>\n","protected":false},"excerpt":{"rendered":"<p>Skradinski buk mogu\u0107e je posjetiti brodom ili pje\u0161a\u010dko-biciklisti\u010dkom stazom iz Skradina.<\/p>\n","protected":false},"author":1,"featured_media":3490,"parent":112,"menu_order":0,"comment_status":"closed","ping_status":"closed","template":"","meta":{"footnotes":""},"class_list":["post-546","page","type-page","status-publish","has-post-thumbnail","hentry"],"_links":{"self":[{"href":"https:\/\/npkrka.hr\/hr\/wp-json\/wp\/v2\/pages\/546","targetHints":{"allow":["GET"]}}],"collection":[{"href":"https:\/\/npkrka.hr\/hr\/wp-json\/wp\/v2\/pages"}],"about":[{"href":"https:\/\/npkrka.hr\/hr\/wp-json\/wp\/v2\/types\/page"}],"author":[{"embeddable":true,"href":"https:\/\/npkrka.hr\/hr\/wp-json\/wp\/v2\/users\/1"}],"replies":[{"embeddable":true,"href":"https:\/\/npkrka.hr\/hr\/wp-json\/wp\/v2\/comments?post=546"}],"version-history":[{"count":0,"href":"https:\/\/npkrka.hr\/hr\/wp-json\/wp\/v2\/pages\/546\/revisions"}],"up":[{"embeddable":true,"href":"https:\/\/npkrka.hr\/hr\/wp-json\/wp\/v2\/pages\/112"}],"wp:featuredmedia":[{"embeddable":true,"href":"https:\/\/npkrka.hr\/hr\/wp-json\/wp\/v2\/media\/3490"}],"wp:attachment":[{"href":"https:\/\/npkrka.hr\/hr\/wp-json\/wp\/v2\/media?parent=546"}],"curies":[{"name":"wp","href":"https:\/\/api.w.org\/{rel}","templated":true}]}}