{"id":49,"date":"2022-06-14T10:20:18","date_gmt":"2022-06-14T08:20:18","guid":{"rendered":"https:\/\/www.npkrka.hr\/?page_id=49"},"modified":"2025-08-14T08:34:38","modified_gmt":"2025-08-14T06:34:38","slug":"sluzbenik-za-zastitu-osobnih-podataka","status":"publish","type":"page","link":"https:\/\/npkrka.hr\/hr\/informacije\/sluzbenik-za-zastitu-osobnih-podataka\/","title":{"rendered":"Slu\u017ebenik za za\u0161titu osobnih podataka"},"content":{"rendered":"<p>Slu\u017ebenica za za\u0161titu osobnih podataka Javne ustanove \u201eNacionalni park Krka\u201c je Katia \u017dupan.<\/p>\n<ul>\n<li><strong><u>pisano:<\/u><\/strong>\u00a0Trg Ivana Pavla II. br.5, 22000 \u0160ibenik, Hrvatska<\/li>\n<li><strong><u>elektroni\u010dkom po\u0161tom:<\/u><\/strong>\u00a0<a role=\"link\" href=\"mailto:katia.zupan@npk.hr\">katia.zupan@npk.hr<\/a><\/li>\n<li><strong><u>usmeno:<\/u><\/strong>\u00a0tel: +385 (0)22 201-777 \/ fax: +385 (0)22 336-836<\/li>\n<\/ul>\n<p>\u00a0<\/p>\n<p><strong>Op\u0107a uredba o za\u0161titi podataka (engl. General Data Protection Regulation, GDPR)<\/strong><\/p>\n<p>Javna ustanova \u201eNacionalni park Krka\u201c prikuplja osobne podatke za pru\u017eanje usluga i neometano odvijanje procesa unutarnjih ustrojstvenih jedinica. Pristup osobnim podacima imaju ovla\u0161tene osobe u Ustanovi, i to samo za svrhe navedene u pojedinoj privoli. JU \u201eNP Krka\u201c poduzima odgovaraju\u0107e tehni\u010dke i organizacijske mjere za za\u0161titu osobnih podataka, koje \u010duva sve dok postoji pravni temelj za njihovu obradu (privola).<\/p>\n<p>Privolu za obradu osobnih podataka korisnici daju dobrovoljno i upoznati su s tim da je u svako doba mogu povu\u0107i bez ikakvih negativnih posljedica a da to ne utje\u010de na zakonitost obrade koja se temeljila na privoli prije nego \u0161to je ona povu\u010dena. Korisnici su tako\u0111er upoznati s tim da se, u skladu s Op\u0107om uredbom o za\u0161titi podataka (EU) br. 2016\/679, mogu pod odre\u0111enim uvjetima koristiti svojim pravima da bi dobili potvrdu o obradi osobnih podataka, izvr\u0161iti uvid u navedene osobne podatke, ispraviti ih ili dopuniti, prigovoriti zbog njihove daljnje ili prekomjerne obrade, zaustaviti njihovu nezakonitu obradu, zatra\u017eiti njihovo brisanje i zaprimiti kopiju osobnih podataka radi prijenosa drugom voditelju obrade.<\/p>\n<p>Korisnici su upoznati s tim da se za sve informacije (razdoblje pohrane, pravo na pristup, pravo na ispravak, pravo na brisanje, pravo na ograni\u010denje obrade, pravo na prenosivost podataka, pravo na prigovor i sl.) mogu obratiti slu\u017ebeniku za za\u0161titu osobnih podataka JU \u201eNP Krka\u201c. Upoznati su i s tim da u vezi s obradom osobnih podataka mogu podnijeti pritu\u017ebu Agenciji za za\u0161titu osobnih podataka, Marti\u0107eva 14, Zagreb.<\/p>\n","protected":false},"excerpt":{"rendered":"<p>Slu\u017ebenica za za\u0161titu osobnih podataka Javne ustanove \u201eNacionalni park Krka\u201c je Katia \u017dupan.<\/p>\n","protected":false},"author":1,"featured_media":2306,"parent":142,"menu_order":6,"comment_status":"closed","ping_status":"closed","template":"","meta":{"footnotes":""},"class_list":["post-49","page","type-page","status-publish","has-post-thumbnail","hentry"],"_links":{"self":[{"href":"https:\/\/npkrka.hr\/hr\/wp-json\/wp\/v2\/pages\/49","targetHints":{"allow":["GET"]}}],"collection":[{"href":"https:\/\/npkrka.hr\/hr\/wp-json\/wp\/v2\/pages"}],"about":[{"href":"https:\/\/npkrka.hr\/hr\/wp-json\/wp\/v2\/types\/page"}],"author":[{"embeddable":true,"href":"https:\/\/npkrka.hr\/hr\/wp-json\/wp\/v2\/users\/1"}],"replies":[{"embeddable":true,"href":"https:\/\/npkrka.hr\/hr\/wp-json\/wp\/v2\/comments?post=49"}],"version-history":[{"count":0,"href":"https:\/\/npkrka.hr\/hr\/wp-json\/wp\/v2\/pages\/49\/revisions"}],"up":[{"embeddable":true,"href":"https:\/\/npkrka.hr\/hr\/wp-json\/wp\/v2\/pages\/142"}],"wp:featuredmedia":[{"embeddable":true,"href":"https:\/\/npkrka.hr\/hr\/wp-json\/wp\/v2\/media\/2306"}],"wp:attachment":[{"href":"https:\/\/npkrka.hr\/hr\/wp-json\/wp\/v2\/media?parent=49"}],"curies":[{"name":"wp","href":"https:\/\/api.w.org\/{rel}","templated":true}]}}