{"id":4785,"date":"2022-09-26T09:20:58","date_gmt":"2022-09-26T07:20:58","guid":{"rendered":"https:\/\/www.npkrka.hr\/?page_id=4785"},"modified":"2024-07-05T09:45:01","modified_gmt":"2024-07-05T07:45:01","slug":"mir-i-dobro-s-visovca","status":"publish","type":"page","link":"https:\/\/npkrka.hr\/hr\/multimedia\/exibits\/mir-i-dobro-s-visovca\/","title":{"rendered":"Visovac \u2013 Pax et bonum"},"content":{"rendered":"<p>Visovac je otok jedinstvene prirodne ljepote i kulturne ba\u0161tine, sveti\u0161te Majke Bo\u017eje, dom sve\u0107enicima iz reda sv. Franje. Iako je ucrtan na kartama svijeta kao odredi\u0161te brojnih hodo\u010dasnika, zaljubljenika u prirodu i po\u0161tovatelja kulturne ba\u0161tine, ovaj otok usred rijeke prije svega je mjesto mira, molitve i uzvi\u0161ene inspiracije. Nadahnu\u0107e su na njemu prona\u0161li i \u010dlanovi Foto kluba \u0160ibenik, koji su, obra\u0107aju\u0107i pa\u017enju na detalje, napravili svjetlosne zapise Bile stine objedinjene u izlo\u017ebu \u201eVisovac \u2013 Pax et bonum\u201c.<\/p>\n<p>Visovac odi\u0161e skladom u kojem biljke, \u017eivotinje i \u010dovjek \u017eive pod za\u0161titom svetog Franje Asi\u0161kog. Taj se svetac smatra za\u0161titnikom \u017eivotinja i okoli\u0161a zbog velike privr\u017eenosti koju je gajio prema svim \u017eivim bi\u0107ima. Njegovi franjevci na otoku Visovcu stolje\u0107ima su pru\u017eali utjehu i pomo\u0107 okolnom stanovni\u0161tvu, a danas, u miru i blagostanju, njeguju samostanski vrt, pripremaju budu\u0107e sve\u0107enike za \u017eivot posve\u0107en Bogu i izvor su znanja i milosti za sve one koji imaju sre\u0107u da ih upoznaju. Novicijat je na Visovcu utemeljen jo\u0161 1568., a novake \u0107ete i danas prona\u0107i ruku sklopljenih u molitvi i kontemplaciji kojoj su posve\u0107eni. O snazi molitve svjedo\u010di i zavjetni nakit koji se \u010duva u riznici franjeva\u010dkog samostana Majke od Milosti. U njega su utkane molbe i zahvale ljudi koji su se stolje\u0107ima ufali u za\u0161titu Gospine slike, koju su franjevci na Visovac donijeli prije gotovo \u0161est stolje\u0107a. Jer molitva ljudima pru\u017ea nadu, a nada je ponekad jedino \u0161to \u010dovjekovu glavu dr\u017ei iznad vode. I ba\u0161 kao \u0161to smokva probija iz kamena da se izbori za toplinu sunca i donese rajske plodove, tako i \u010dovjek za \u017eivota treba stremiti svjetlosti i djelima dobrote.<\/p>\n<p>Ono \u0161to je nekada bila tek \u201estina\u201c posred jezera, danas je stijena vjere ljudi diljem svijeta. Pored svog religijskog zna\u010daja, Visovac je zadr\u017eao skromnost i jednostavnost, utabanu u stazama samostanskog vrta, u mirno\u0107i jablanova, vedrinu u bojama perja paunova repa, jasno\u0107u puta u vodama rijeke Krke u kojima se ogleda. Te su njegove osobine uhva\u0107ene na ovim fotografijama, da nas podsjete na to da mir i dobro ponekad mo\u017eemo prona\u0107i i u detaljima.<\/p>\n<div class=\"fotorama rounded-lg  shadow lblue-bg mt-5   \" data-width=\"100%\" data-ratio=\"16\/10\"  data-nav=\"thumbs\" data-autoplay=\"true\" data-arrows=\"true\" data-transition=\"crossfade\"><img decoding=\"async\" src=\"https:\/\/npkrka.hr\/wp-content\/uploads\/FOTOKLUB-1080x1080px-1.jpg\" width=\"100%\" \/><img decoding=\"async\" src=\"https:\/\/npkrka.hr\/wp-content\/uploads\/FOTOKLUB-1080x1080px-2.jpg\" width=\"100%\" \/><img decoding=\"async\" src=\"https:\/\/npkrka.hr\/wp-content\/uploads\/FOTOKLUB-1080x1080px-3.jpg\" width=\"100%\" \/><img decoding=\"async\" src=\"https:\/\/npkrka.hr\/wp-content\/uploads\/FOTOKLUB-1080x1080px-4.jpg\" width=\"100%\" \/><img decoding=\"async\" src=\"https:\/\/npkrka.hr\/wp-content\/uploads\/FOTOKLUB-1080x1080px-5.jpg\" width=\"100%\" \/><img decoding=\"async\" src=\"https:\/\/npkrka.hr\/wp-content\/uploads\/FOTOKLUB-1080x1080px-6.jpg\" width=\"100%\" \/><img decoding=\"async\" src=\"https:\/\/npkrka.hr\/wp-content\/uploads\/FOTOKLUB-1080x1080px-7.jpg\" width=\"100%\" \/><img decoding=\"async\" src=\"https:\/\/npkrka.hr\/wp-content\/uploads\/FOTOKLUB-1080x1080px-8.jpg\" width=\"100%\" \/><img decoding=\"async\" src=\"https:\/\/npkrka.hr\/wp-content\/uploads\/FOTOKLUB-1080x1080px-9.jpg\" width=\"100%\" \/><img decoding=\"async\" src=\"https:\/\/npkrka.hr\/wp-content\/uploads\/FOTOKLUB-1080x1080px-10.jpg\" width=\"100%\" \/><img decoding=\"async\" src=\"https:\/\/npkrka.hr\/wp-content\/uploads\/FOTOKLUB-1080x1080px-11.jpg\" width=\"100%\" \/><img decoding=\"async\" src=\"https:\/\/npkrka.hr\/wp-content\/uploads\/FOTOKLUB-1080x1080px-12.jpg\" width=\"100%\" \/><\/div><p>&nbsp;<\/p>\n","protected":false},"excerpt":{"rendered":"<p>Na Skradinskom buku otvorena je izlo\u017eba fotografija \u010dlanova Foto kluba \u0160ibenik s motivima otoka Visovca. Iako s Carskog vidikovca na Skradinskom buku pogled ne se\u017ee do Visovca, ipak mo\u017eete u\u017eivati u detaljima misti\u010dnog Krkina oto\u010d&#8230;<\/p>\n","protected":false},"author":3,"featured_media":5316,"parent":4524,"menu_order":4,"comment_status":"closed","ping_status":"closed","template":"","meta":{"footnotes":""},"class_list":["post-4785","page","type-page","status-publish","has-post-thumbnail","hentry"],"_links":{"self":[{"href":"https:\/\/npkrka.hr\/hr\/wp-json\/wp\/v2\/pages\/4785","targetHints":{"allow":["GET"]}}],"collection":[{"href":"https:\/\/npkrka.hr\/hr\/wp-json\/wp\/v2\/pages"}],"about":[{"href":"https:\/\/npkrka.hr\/hr\/wp-json\/wp\/v2\/types\/page"}],"author":[{"embeddable":true,"href":"https:\/\/npkrka.hr\/hr\/wp-json\/wp\/v2\/users\/3"}],"replies":[{"embeddable":true,"href":"https:\/\/npkrka.hr\/hr\/wp-json\/wp\/v2\/comments?post=4785"}],"version-history":[{"count":0,"href":"https:\/\/npkrka.hr\/hr\/wp-json\/wp\/v2\/pages\/4785\/revisions"}],"up":[{"embeddable":true,"href":"https:\/\/npkrka.hr\/hr\/wp-json\/wp\/v2\/pages\/4524"}],"wp:featuredmedia":[{"embeddable":true,"href":"https:\/\/npkrka.hr\/hr\/wp-json\/wp\/v2\/media\/5316"}],"wp:attachment":[{"href":"https:\/\/npkrka.hr\/hr\/wp-json\/wp\/v2\/media?parent=4785"}],"curies":[{"name":"wp","href":"https:\/\/api.w.org\/{rel}","templated":true}]}}