{"id":47,"date":"2022-06-14T10:19:43","date_gmt":"2022-06-14T08:19:43","guid":{"rendered":"https:\/\/www.npkrka.hr\/?page_id=47"},"modified":"2026-01-05T13:51:43","modified_gmt":"2026-01-05T12:51:43","slug":"pravo-na-pristup-informacijama","status":"publish","type":"page","link":"https:\/\/npkrka.hr\/hr\/informacije\/pravo-na-pristup-informacijama\/","title":{"rendered":"Pravo na pristup informacijama"},"content":{"rendered":"\r\n<p><strong>Pravo na pristup informacijama i ponovnu uporabu informacija ostvaruje se u skladu sa Zakonom o pravu na pristup informacijama (\u201eNarodne novine\u201c, broj 25\/2013.).<\/strong><\/p>\r\n<p>Cilj Zakona je omogu\u0107iti i osigurati ostvarivanje Ustavom Republike Hrvatske zajam\u010denog prava na pristup informacijama, kao i na ponovnu uporabu informacija fizi\u010dkim i pravnim osobama putem otvorenosti i javnosti djelovanja tijela javne vlasti.<\/p>\r\n<p>Slu\u017ebenica za informiranje Javne ustanove \u201eNacionalni park Krka\u201c je Katia \u017dupan.<\/p>\r\n<p>Pravo na pristup informacijama i ponovnu uporabu informacija ostvaruje se podno\u0161enjem zahtjeva Javnoj ustanovi \u201eNacionalni park Krka\u201c, slu\u017ebenici za informiranje:<\/p>\r\n<ul>\r\n<li><strong><u>pisano:<\/u><\/strong> Trg Ivana Pavla II. br. 5, 22000 \u0160ibenik, Hrvatska<\/li>\r\n<li><strong><u>elektroni\u010dkom po\u0161tom<\/u><\/strong>: <a href=\"mailto:zppi@npk.hr\">zppi@npk.hr<\/a>\u00a0<\/li>\r\n<li><strong><u>usmeno:<\/u><\/strong> tel: +385 (0)22 201-777 \/ fax: +385 (0)22 336-836<\/li>\r\n<\/ul>\r\n<p>JU \u201eNacionalni park Krka\u201c ima pravo na naknadu stvarnih materijalnih tro\u0161kova koji nastanu pru\u017eanjem informacije korisniku prava na pristup informacijama i ponovnu uporabu informacija, kao i na naknadu tro\u0161kova dostave tra\u017eene informacije.<\/p>\r\n<p>Visina naknade za pristup informacijama i ponovnu uporabu informacija, odre\u0111ena je sukladno kriterijima iz \u010dlanka 19. stavka 3. Zakona o pravu na pristup informacijama. Kriteriji za odre\u0111ivanje visine naknade stvarnih materijalnih tro\u0161kova i tro\u0161kova dostave informacije objavljeni su u NN 12\/14 i 15\/14.<\/p>\r\n<p><strong>Zakon o pravu na pristup informacijama<\/strong><\/p>\r\n<p><a href=\"http:\/\/narodne-novine.nn.hr\/clanci\/sluzbeni\/2013_02_25_403.html\">http:\/\/narodne-novine.nn.hr\/clanci\/sluzbeni\/2013_02_25_403.html<\/a><\/p>\r\n<p><strong>Kriteriji za odre\u0111ivanje visine naknade stvarnih materijalnih tro\u0161kova i tro\u0161kova dostave informacije<\/strong><\/p>\r\n<p><a href=\"http:\/\/narodne-novine.nn.hr\/clanci\/sluzbeni\/2014_01_12_231.html\">http:\/\/narodne-novine.nn.hr\/clanci\/sluzbeni\/2014_01_12_231.html<\/a><\/p>\r\n<p>&nbsp;<\/p>\r\n","protected":false},"excerpt":{"rendered":"<p>Pravo na pristup informacijama i ponovnu uporabu informacija ostvaruje se u skladu sa Zakonom o pravu na pristup informacijama (\u201eNarodne novine\u201c, broj 25\/2013.).<\/p>\n","protected":false},"author":1,"featured_media":1612,"parent":142,"menu_order":5,"comment_status":"closed","ping_status":"closed","template":"","meta":{"footnotes":""},"class_list":["post-47","page","type-page","status-publish","has-post-thumbnail","hentry"],"_links":{"self":[{"href":"https:\/\/npkrka.hr\/hr\/wp-json\/wp\/v2\/pages\/47","targetHints":{"allow":["GET"]}}],"collection":[{"href":"https:\/\/npkrka.hr\/hr\/wp-json\/wp\/v2\/pages"}],"about":[{"href":"https:\/\/npkrka.hr\/hr\/wp-json\/wp\/v2\/types\/page"}],"author":[{"embeddable":true,"href":"https:\/\/npkrka.hr\/hr\/wp-json\/wp\/v2\/users\/1"}],"replies":[{"embeddable":true,"href":"https:\/\/npkrka.hr\/hr\/wp-json\/wp\/v2\/comments?post=47"}],"version-history":[{"count":1,"href":"https:\/\/npkrka.hr\/hr\/wp-json\/wp\/v2\/pages\/47\/revisions"}],"predecessor-version":[{"id":14296,"href":"https:\/\/npkrka.hr\/hr\/wp-json\/wp\/v2\/pages\/47\/revisions\/14296"}],"up":[{"embeddable":true,"href":"https:\/\/npkrka.hr\/hr\/wp-json\/wp\/v2\/pages\/142"}],"wp:featuredmedia":[{"embeddable":true,"href":"https:\/\/npkrka.hr\/hr\/wp-json\/wp\/v2\/media\/1612"}],"wp:attachment":[{"href":"https:\/\/npkrka.hr\/hr\/wp-json\/wp\/v2\/media?parent=47"}],"curies":[{"name":"wp","href":"https:\/\/api.w.org\/{rel}","templated":true}]}}