{"id":4554,"date":"2022-09-23T11:34:46","date_gmt":"2022-09-23T09:34:46","guid":{"rendered":"https:\/\/www.npkrka.hr\/?page_id=4554"},"modified":"2022-09-23T14:30:23","modified_gmt":"2022-09-23T12:30:23","slug":"audio-vodic-za-interpretaciju-i-vodenje-np-krka","status":"publish","type":"page","link":"https:\/\/npkrka.hr\/hr\/multimedia\/audio-vodic-za-interpretaciju-i-vodenje-np-krka\/","title":{"rendered":"Audio vodi\u010d"},"content":{"rendered":"<p>Aplikacija audio vodi\u010da Nacionalnog parka \u201eKrka\u201c za audio vo\u0111enje posjetitelja na \u010detiri lokacije na podru\u010dju Parka.<\/p>\n<p><strong><em>\u00a0<\/em><\/strong>Audio vodi\u010d sadr\u017ei \u010detiri teme audio vo\u0111enja za \u010detiri lokacije na podru\u010dju Nacionalnog parka \u201eKrka\u201c: oto\u010di\u0107 Visovac, Ro\u0161ki slap, manastir Krka i arheolo\u0161ki lokalitet Burnum.<\/p>\n<p>Dolaskom na jednu od \u010detiri lokacije korisnik u meniju prona\u0111e i pokrene njenu temu vo\u0111enja ili to u\u010dini preko interaktivne karte s ozna\u010denim lokacijama vo\u0111enja. Na interaktivnoj karti korisnik vidi svoju poziciju s obzirom na lokacije vo\u0111enja preko GPS signala svog mobilnog ure\u0111aja.<\/p>\n<p>Sadr\u017eaj aplikacije dohvatljiv je na hrvatskom, engleskom, njema\u010dkom, talijanskom i francuskom jeziku. Tekst audio naracije spikera korisniku je dostupan i u tekstualnom obliku, a teme su predstavljene\u00a0 preko fotografija u foto galeriji koje se izmjenjuju u prikazu.<\/p>\n<p>Ova aplikacija audio vodi\u010da koristi GPS lokaciju mobilnog ure\u0111aja na koji je instalirana. Preuzimanjem i kori\u0161tenjem aplikacije od korisnika se ne prikupljaju osobne informacije bilo koje vrste i ne zahtijevaju bilo kakve informacije o mobilnom ure\u0111aju korisnika.<\/p>\n<div class=\"row\">\n<div class=\"col-md-6\"><a href=\"https:\/\/apps.apple.com\/hr\/app\/audio-guide-for-krka-np\/id1635905242\"><img decoding=\"async\" class=\"wp-image-4565 aligncenter\" src=\"https:\/\/www.npkrka.hr\/wp-content\/uploads\/app-store-banner.png\" alt=\"\" width=\"100%\" \/><\/a><\/div>\n<div class=\"col-md-6\"><a href=\"https:\/\/play.google.com\/store\/apps\/details?id=hr.novena.krkaguide&#038;hl=en&#038;gl=US\"><img decoding=\"async\" class=\"wp-image-4566 aligncenter\" src=\"https:\/\/www.npkrka.hr\/wp-content\/uploads\/Google-Play-Icon.png\" alt=\"\" width=\"100%\" \/><\/a><\/div>\n<\/div>\n<div class=\"row\">\n<div class=\"col-md-3 mb-4\"><img decoding=\"async\" src=\"https:\/\/www.npkrka.hr\/wp-content\/uploads\/Loading-screen.jpg\" alt=\"\" width=\"100%\" \/><\/div>\n<div class=\"col-md-3 mb-4\"><img decoding=\"async\" src=\"https:\/\/www.npkrka.hr\/wp-content\/uploads\/Loading-screen-1.jpg\" alt=\"\" width=\"100%\" \/><\/div>\n<div class=\"col-md-3 mb-4\"><img decoding=\"async\" src=\"https:\/\/www.npkrka.hr\/wp-content\/uploads\/Pop-up-content.jpg\" alt=\"\" width=\"100%\" \/><\/div>\n<div class=\"col-md-3 mb-4\"><img decoding=\"async\" src=\"https:\/\/www.npkrka.hr\/wp-content\/uploads\/Pop-up-download.jpg\" alt=\"\" width=\"100%\" \/><\/div>\n<div class=\"col-md-3 mb-4\"><img decoding=\"async\" src=\"https:\/\/www.npkrka.hr\/wp-content\/uploads\/theme.jpg\" alt=\"\" width=\"100%\" \/><\/div>\n<div class=\"col-md-3 mb-4\"><img decoding=\"async\" src=\"https:\/\/www.npkrka.hr\/wp-content\/uploads\/theme-1.jpg\" alt=\"\" width=\"100%\" \/><\/div>\n<div class=\"col-md-3 mb-4\"><img decoding=\"async\" src=\"https:\/\/www.npkrka.hr\/wp-content\/uploads\/theme-extented.jpg\" alt=\"\" width=\"100%\" \/><\/div>\n<div class=\"col-md-3 mb-4\"><img decoding=\"async\" src=\"https:\/\/www.npkrka.hr\/wp-content\/uploads\/Theme-list.jpg\" alt=\"\" width=\"100%\" \/><\/div>\n<\/div>\n","protected":false},"excerpt":{"rendered":"<p>Aplikacija audio vodi\u010da Nacionalnog parka Krka za audio vo\u0111enje posjetitelja na \u010detiri lokacije na podru\u010dju parka<\/p>\n","protected":false},"author":1,"featured_media":2340,"parent":29,"menu_order":8,"comment_status":"closed","ping_status":"closed","template":"","meta":{"footnotes":""},"class_list":["post-4554","page","type-page","status-publish","has-post-thumbnail","hentry"],"_links":{"self":[{"href":"https:\/\/npkrka.hr\/hr\/wp-json\/wp\/v2\/pages\/4554","targetHints":{"allow":["GET"]}}],"collection":[{"href":"https:\/\/npkrka.hr\/hr\/wp-json\/wp\/v2\/pages"}],"about":[{"href":"https:\/\/npkrka.hr\/hr\/wp-json\/wp\/v2\/types\/page"}],"author":[{"embeddable":true,"href":"https:\/\/npkrka.hr\/hr\/wp-json\/wp\/v2\/users\/1"}],"replies":[{"embeddable":true,"href":"https:\/\/npkrka.hr\/hr\/wp-json\/wp\/v2\/comments?post=4554"}],"version-history":[{"count":0,"href":"https:\/\/npkrka.hr\/hr\/wp-json\/wp\/v2\/pages\/4554\/revisions"}],"up":[{"embeddable":true,"href":"https:\/\/npkrka.hr\/hr\/wp-json\/wp\/v2\/pages\/29"}],"wp:featuredmedia":[{"embeddable":true,"href":"https:\/\/npkrka.hr\/hr\/wp-json\/wp\/v2\/media\/2340"}],"wp:attachment":[{"href":"https:\/\/npkrka.hr\/hr\/wp-json\/wp\/v2\/media?parent=4554"}],"curies":[{"name":"wp","href":"https:\/\/api.w.org\/{rel}","templated":true}]}}