{"id":43,"date":"2022-06-14T10:19:03","date_gmt":"2022-06-14T08:19:03","guid":{"rendered":"https:\/\/www.npkrka.hr\/?page_id=43"},"modified":"2026-01-27T12:22:02","modified_gmt":"2026-01-27T11:22:02","slug":"javna-nabava","status":"publish","type":"page","link":"https:\/\/npkrka.hr\/hr\/o-nama\/javna-nabava\/","title":{"rendered":"Javna nabava"},"content":{"rendered":"<hr \/>\n<p><strong>Popis gospodarskih subjekata s kojima je JU \u201eNP Krka\u201c u sukobu interesa, temeljem \u010dlanaka 76. do 81. Zakona o javnoj nabavi (NN broj 120\/2016)<\/strong><\/p>\n<ul>\n<li>Dje\u010dji vrti\u0107 \u0160IBENSKA MASLINA, Ul. Branitelja domovinskog rata 2\/G, 22000 \u0160ibenik<\/li>\n<li>F5, obrt za usluge grafi\u010dkog dizajna, vl. Franka Bujas, \u0160ibenik, Petra Preradovi\u0107a 9<\/li>\n<li>HRVATSKE \u0160UME d.o.o., Ulica kneza Branimira 1, 10000 Zagreb, OIB: 69693144506<\/li>\n<\/ul>\n<hr \/>\n<p><strong>Projektna dokumentacija<\/strong><\/p>\n<p><a href=\"https:\/\/npkrka.hr\/wp-content\/uploads\/TD_04_2024_GLAVNI%20PROJEKTi__OVJEREN%20.pdf\" target=\"_blank\" rel=\"noopener\"><span data-olk-copy-source=\"MessageBody\">Glavni projekt za izmjenu drvene ograde na Manojlovcu i Skradinskom buku pokraj hidroelektrane<\/span><\/a><\/p>\n<p><a href=\"https:\/\/www.npkrka.hr\/wp-content\/uploads\/Izvedbeni-projekt-snacije-protupozarnog-puta-na-Zurinom-brdu.pdf\"><span data-olk-copy-source=\"MessageBody\">Izvedbeni projekt sanacije protupo\u017earnog puta na \u017durinom brdu<\/span><\/a><\/p>\n<p><a href=\"https:\/\/npkrka.hr\/dokumenti\/KISTANJE_2024.rar\">Dovr\u0161etak radova na rekonstrukciji i dogradnji postoje\u0107eg gra\u0111evinskog sklopa za interpretaciju prirode \u201eKrka vrelo \u017eivota\u201c Kistanje (DWG i PDF)<\/a><\/p>\n<hr \/>\n<p><strong>Pravilnik o provo\u0111enju jednostavne nabave<\/strong><\/p>\n<p><a href=\"https:\/\/www.npkrka.hr\/wp-content\/uploads\/Pravilnik-o-provodenju-jednostavne-nabave-izmjene-i-dopune.pdf\">Pravilnik o provo\u0111enju jednostavne nabave s izmjenama i dopunama od 17. srpnja 2023.<\/a><\/p>\n<p><a href=\"https:\/\/www.npkrka.hr\/wp-content\/uploads\/Pravilnik-o-provodenju-jednostavne-nabave-2023.pdf\">Pravilnik o provo\u0111enju jednostavne nabave od 1. sije\u010dnja 2023.<\/a><\/p>\n<p><a href=\"https:\/\/www.npkrka.hr\/wp-content\/uploads\/Pravilnik-o-provodenju-jednostavne-nabave.pdf\">Pravilnik o provo\u0111enju jednostavne nabave 2017.<\/a><\/p>\n<hr \/>\n<p><strong>\u00a0<\/strong><strong>Plan javne nabave<\/strong><\/p>\n<p>Plan javne nabave JU \u201eNP Krka\u201c dostupan je na <a href=\"https:\/\/eojn.hr\/plan-ca\/9752\">https:\/\/eojn.hr\/plan-ca\/9752<\/a><\/p>\n<p>&nbsp;<\/p>\n<hr \/>\n<p><strong>Registar sklopljenih ugovora o javnoj nabavi i okvirnih sporazuma<\/strong><\/p>\n<p>Registar ugovora JU \u201eNP Krka\u201c od 1. sije\u010dnja 2024. dostupan je na <a href=\"https:\/\/eojn.hr\/contracts-ca-my\">https:\/\/eojn.hr\/contracts-ca-my<\/a><\/p>\n<p>Registar ugovora JU \u201eNP Krka\u201c do 31. prosinca 2023. dostupan je na <a href=\"https:\/\/eojn.nn.hr\/Oglasnik\/\">https:\/\/eojn.nn.hr\/Oglasnik\/<\/a><\/p>\n<hr \/>\n<p><strong>Prethodno savjetovanje s gospodarskim subjektima<\/strong> <a href=\"https:\/\/eojn.nn.hr\/Oglasnik\/\">https:\/\/eojn.nn.hr\/Oglasnik\/<\/a><\/p>\n<hr \/>\n<p><strong>Arhiva projektne dokumentacije<\/strong>\u00a0(U izradi!)<\/p>\n<hr \/>\n<p>&nbsp;<\/p>\n","protected":false},"excerpt":{"rendered":"<p>Popis gospodarskih subjekata s kojima je JU \u201eNP Krka\u201c u sukobu interesa, temeljem \u010dlanaka 76. do 81. Zakona o javnoj nabavi (NN broj 120\/2016) Veterinarska stanica \u0160ibenik d.o.o., Kralja Zvonimira 83, 22000 \u0160ibenik, OIB:&#8230;<\/p>\n","protected":false},"author":1,"featured_media":3848,"parent":23,"menu_order":3,"comment_status":"closed","ping_status":"closed","template":"","meta":{"footnotes":""},"class_list":["post-43","page","type-page","status-publish","has-post-thumbnail","hentry"],"_links":{"self":[{"href":"https:\/\/npkrka.hr\/hr\/wp-json\/wp\/v2\/pages\/43","targetHints":{"allow":["GET"]}}],"collection":[{"href":"https:\/\/npkrka.hr\/hr\/wp-json\/wp\/v2\/pages"}],"about":[{"href":"https:\/\/npkrka.hr\/hr\/wp-json\/wp\/v2\/types\/page"}],"author":[{"embeddable":true,"href":"https:\/\/npkrka.hr\/hr\/wp-json\/wp\/v2\/users\/1"}],"replies":[{"embeddable":true,"href":"https:\/\/npkrka.hr\/hr\/wp-json\/wp\/v2\/comments?post=43"}],"version-history":[{"count":5,"href":"https:\/\/npkrka.hr\/hr\/wp-json\/wp\/v2\/pages\/43\/revisions"}],"predecessor-version":[{"id":14448,"href":"https:\/\/npkrka.hr\/hr\/wp-json\/wp\/v2\/pages\/43\/revisions\/14448"}],"up":[{"embeddable":true,"href":"https:\/\/npkrka.hr\/hr\/wp-json\/wp\/v2\/pages\/23"}],"wp:featuredmedia":[{"embeddable":true,"href":"https:\/\/npkrka.hr\/hr\/wp-json\/wp\/v2\/media\/3848"}],"wp:attachment":[{"href":"https:\/\/npkrka.hr\/hr\/wp-json\/wp\/v2\/media?parent=43"}],"curies":[{"name":"wp","href":"https:\/\/api.w.org\/{rel}","templated":true}]}}