{"id":4222,"date":"2022-09-09T11:33:29","date_gmt":"2022-09-09T09:33:29","guid":{"rendered":"https:\/\/www.npkrka.hr\/?page_id=4222"},"modified":"2022-09-09T11:34:30","modified_gmt":"2022-09-09T09:34:30","slug":"vodenice","status":"publish","type":"page","link":"https:\/\/npkrka.hr\/hr\/posjeti\/sadrzaji\/roski-slap\/vodenice\/","title":{"rendered":"Vodenice"},"content":{"rendered":"<p>Posjetitelji NP \u201eKrka\u201c mogu vidjeti i obnovljene etnolo\u0161ke spomenike kako bi se upoznali s obi\u010dajima ovoga kraja.<\/p>\n<p><a href=\"https:\/\/www.npkrka.hr\/hr\/kulturna-bastina\/etnografija\/sklopovi-vodenica-na-roskom-slapu\/\"><strong>Vodenice<\/strong><\/a> (veza na Sklopovi vodenica na Ro\u0161kom slapu) u Nacionalnom parku pripadaju sustavu predindustrijskih vodenih postrojenja na rijeci Krki. Oduvijek simboliziraju ekonomsku mo\u0107 podru\u010dja pa su u povijesti \u010desto bile uzrok sukoba. Sa\u010duvane vodenice su iz 19. st. i imaju izuzetno kulturno-povijesno zna\u010denje kao spomenici ruralnog graditeljstva i gospodarske pro\u0161losti. S obzirom na primarnu djelatnost i pu\u010dki izraz, smatraju se etnolo\u0161ko-etnografskim spomenikom.<\/p>\n<p>U obnovljenim vodenicama Nacionalnog parka \u201eKrka\u201c na Ro\u0161kom slapu prezentira se mljevenje \u017eitarica te pranje i stupanje sukna, a djeca s roditeljima mogu se zabaviti sudjelovanjem u eko-radionici.<\/p>\n<div class=\"fotorama rounded-lg  shadow lblue-bg mt-5   \" data-width=\"100%\" data-ratio=\"16\/10\"  data-nav=\"thumbs\" data-autoplay=\"true\" data-arrows=\"true\" data-transition=\"crossfade\"><img decoding=\"async\" src=\"https:\/\/npkrka.hr\/wp-content\/uploads\/Vodenice-Roski-slap-12.jpg\" width=\"100%\" \/><img decoding=\"async\" src=\"https:\/\/npkrka.hr\/wp-content\/uploads\/Vodenice-Roski-slap-2-naslovna.jpg\" width=\"100%\" \/><img decoding=\"async\" src=\"https:\/\/npkrka.hr\/wp-content\/uploads\/Vodenice-Roski-slap-4.jpg\" width=\"100%\" \/><img decoding=\"async\" src=\"https:\/\/npkrka.hr\/wp-content\/uploads\/Vodenice-Roski-slap-6.jpg\" width=\"100%\" \/><img decoding=\"async\" src=\"https:\/\/npkrka.hr\/wp-content\/uploads\/Vodenice-Roski-slap-9.jpg\" width=\"100%\" \/><img decoding=\"async\" src=\"https:\/\/npkrka.hr\/wp-content\/uploads\/Vodenice-Roski-slap-11.jpg\" width=\"100%\" \/><img decoding=\"async\" src=\"https:\/\/npkrka.hr\/wp-content\/uploads\/Vodenice-Roski-slap-8.jpg\" width=\"100%\" \/><img decoding=\"async\" src=\"https:\/\/npkrka.hr\/wp-content\/uploads\/Vodenice-Roski-slap-3.jpg\" width=\"100%\" \/><img decoding=\"async\" src=\"https:\/\/npkrka.hr\/wp-content\/uploads\/Vodenice-Roski-slap-5.jpg\" width=\"100%\" \/><img decoding=\"async\" src=\"https:\/\/npkrka.hr\/wp-content\/uploads\/Vodenice-Roski-slap-1.jpg\" width=\"100%\" \/><img decoding=\"async\" src=\"https:\/\/npkrka.hr\/wp-content\/uploads\/Vodenice-Roski-slap-10.jpg\" width=\"100%\" \/><\/div><p>&nbsp;<\/p>\n","protected":false},"excerpt":{"rendered":"<p>Posjetitelji NP \u201eKrka\u201c mogu vidjeti i obnovljene etnolo\u0161ke spomenike kako bi se upoznali s obi\u010dajima ovoga kraja.<\/p>\n","protected":false},"author":1,"featured_media":4231,"parent":3325,"menu_order":2,"comment_status":"closed","ping_status":"closed","template":"","meta":{"footnotes":""},"class_list":["post-4222","page","type-page","status-publish","has-post-thumbnail","hentry"],"_links":{"self":[{"href":"https:\/\/npkrka.hr\/hr\/wp-json\/wp\/v2\/pages\/4222","targetHints":{"allow":["GET"]}}],"collection":[{"href":"https:\/\/npkrka.hr\/hr\/wp-json\/wp\/v2\/pages"}],"about":[{"href":"https:\/\/npkrka.hr\/hr\/wp-json\/wp\/v2\/types\/page"}],"author":[{"embeddable":true,"href":"https:\/\/npkrka.hr\/hr\/wp-json\/wp\/v2\/users\/1"}],"replies":[{"embeddable":true,"href":"https:\/\/npkrka.hr\/hr\/wp-json\/wp\/v2\/comments?post=4222"}],"version-history":[{"count":0,"href":"https:\/\/npkrka.hr\/hr\/wp-json\/wp\/v2\/pages\/4222\/revisions"}],"up":[{"embeddable":true,"href":"https:\/\/npkrka.hr\/hr\/wp-json\/wp\/v2\/pages\/3325"}],"wp:featuredmedia":[{"embeddable":true,"href":"https:\/\/npkrka.hr\/hr\/wp-json\/wp\/v2\/media\/4231"}],"wp:attachment":[{"href":"https:\/\/npkrka.hr\/hr\/wp-json\/wp\/v2\/media?parent=4222"}],"curies":[{"name":"wp","href":"https:\/\/api.w.org\/{rel}","templated":true}]}}